{"id":193,"date":"2015-02-19T21:21:35","date_gmt":"2015-02-19T20:21:35","guid":{"rendered":"http:\/\/psgrabownica.brzozow.pl\/?page_id=193"},"modified":"2023-09-24T15:59:17","modified_gmt":"2023-09-24T13:59:17","slug":"kalendarz-uroczystosci","status":"publish","type":"page","link":"https:\/\/psgrabownica.brzozow.pl\/?page_id=193","title":{"rendered":"Kalendarz uroczysto\u015bci"},"content":{"rendered":"<p style=\"text-align: justify; text-indent: -17.85pt; line-height: 115%; mso-list: l0 level1 lfo1; margin: 0cm 0cm .0001pt 17.85pt;\"><!-- [if !supportLists]--><b>I.&nbsp;&nbsp;&nbsp;&nbsp;&nbsp;&nbsp; <\/b><!--[endif]--><b>Planowany kalendarz imprez i uroczysto\u015bci w roku szkolnym 2023\/2024<\/b><\/p>\n<p style=\"margin-bottom: .0001pt; text-align: justify; line-height: 115%;\">\n<table style=\"width: 100.0%; border-collapse: collapse; border: none; mso-border-alt: solid windowtext .5pt; mso-yfti-tbllook: 1184; mso-padding-alt: 2.85pt 2.85pt 2.85pt 2.85pt; mso-border-insideh: .5pt solid windowtext; mso-border-insidev: .5pt solid windowtext;\" border=\"1\" width=\"100%\" cellspacing=\"0\" cellpadding=\"0\">\n<tbody>\n<tr>\n<td style=\"width: 5.42%; border-width: 1pt; border-color: windowtext; border-image: initial; padding: 2.85pt;\" valign=\"top\" width=\"5%\">\n<p style=\"margin-bottom: .0001pt; text-align: center; line-height: 115%;\" align=\"center\"><b>Lp.<\/b><\/p>\n<\/td>\n<td style=\"width: 45.74%; border-top-width: 1pt; border-right-width: 1pt; border-bottom-width: 1pt; border-top-color: windowtext; border-right-color: windowtext; border-bottom-color: windowtext; border-image: initial; border-left: none; padding: 2.85pt;\" valign=\"top\" width=\"45%\">\n<p style=\"margin-bottom: .0001pt; text-align: center; line-height: 115%;\" align=\"center\"><b>Nazwa imprezy\/uroczysto\u015bci<\/b><\/p>\n<\/td>\n<td style=\"width: 25.56%; border-top-width: 1pt; border-right-width: 1pt; border-bottom-width: 1pt; border-top-color: windowtext; border-right-color: windowtext; border-bottom-color: windowtext; border-image: initial; border-left: none; padding: 2.85pt;\" valign=\"top\" width=\"25%\">\n<p style=\"margin-bottom: .0001pt; text-align: center; line-height: 115%;\" align=\"center\"><b>Termin realizacji<\/b><\/p>\n<\/td>\n<td style=\"width: 23.28%; border-top-width: 1pt; border-right-width: 1pt; border-bottom-width: 1pt; border-top-color: windowtext; border-right-color: windowtext; border-bottom-color: windowtext; border-image: initial; border-left: none; padding: 2.85pt;\" valign=\"top\" width=\"23%\">\n<p style=\"margin-bottom: .0001pt; text-align: center; line-height: 115%;\" align=\"center\"><b>Uwagi<\/b><\/p>\n<\/td>\n<\/tr>\n<tr style=\"mso-yfti-irow: 1; height: 24.75pt;\">\n<td style=\"width: 5.42%; border-right-width: 1pt; border-bottom-width: 1pt; border-left-width: 1pt; border-right-color: windowtext; border-bottom-color: windowtext; border-left-color: windowtext; border-image: initial; border-top: none; padding: 2.85pt; height: 24.75pt;\" valign=\"top\" width=\"5%\">\n<p style=\"margin-bottom: .0001pt; text-align: center; line-height: 115%;\" align=\"center\">1.<\/p>\n<\/td>\n<td style=\"width: 45.74%; border-top: none; border-left: none; border-bottom-width: 1pt; border-bottom-color: windowtext; border-right-width: 1pt; border-right-color: windowtext; padding: 2.85pt; height: 24.75pt;\" valign=\"top\" width=\"45%\">\n<p style=\"margin-bottom: .0001pt; text-align: justify; line-height: 115%;\">\u015awiatowy Dzie\u0144 Pierwszej Pomocy<\/p>\n<\/td>\n<td style=\"width: 25.56%; border-top: none; border-left: none; border-bottom-width: 1pt; border-bottom-color: windowtext; border-right-width: 1pt; border-right-color: windowtext; padding: 2.85pt; height: 24.75pt;\" valign=\"top\" width=\"25%\">\n<p style=\"margin-bottom: .0001pt; text-align: center; line-height: 115%;\" align=\"center\">9 wrze\u015bnia 2023 r.<\/p>\n<\/td>\n<td style=\"width: 23.28%; border-top: none; border-left: none; border-bottom-width: 1pt; border-bottom-color: windowtext; border-right-width: 1pt; border-right-color: windowtext; padding: 2.85pt; height: 24.75pt;\" valign=\"top\" width=\"23%\">\n<p style=\"margin-bottom: .0001pt; text-align: center; line-height: 115%;\" align=\"center\">\n<\/td>\n<\/tr>\n<tr style=\"mso-yfti-irow: 2; height: 10.5pt;\">\n<td style=\"width: 5.42%; border-right-width: 1pt; border-bottom-width: 1pt; border-left-width: 1pt; border-right-color: windowtext; border-bottom-color: windowtext; border-left-color: windowtext; border-image: initial; border-top: none; padding: 2.85pt; height: 10.5pt;\" valign=\"top\" width=\"5%\">\n<p style=\"margin-bottom: .0001pt; text-align: center; line-height: 115%;\" align=\"center\">2.<\/p>\n<\/td>\n<td style=\"width: 45.74%; border-top: none; border-left: none; border-bottom-width: 1pt; border-bottom-color: windowtext; border-right-width: 1pt; border-right-color: windowtext; padding: 2.85pt; height: 10.5pt;\" valign=\"top\" width=\"45%\">\n<p style=\"margin-bottom: .0001pt; text-align: justify; line-height: 115%;\">Dzie\u0144 Kropki<\/p>\n<\/td>\n<td style=\"width: 25.56%; border-top: none; border-left: none; border-bottom-width: 1pt; border-bottom-color: windowtext; border-right-width: 1pt; border-right-color: windowtext; padding: 2.85pt; height: 10.5pt;\" valign=\"top\" width=\"25%\">\n<p style=\"margin-bottom: .0001pt; text-align: center; line-height: 115%;\" align=\"center\">15 wrze\u015bnia 2023<\/p>\n<\/td>\n<td style=\"width: 23.28%; border-top: none; border-left: none; border-bottom-width: 1pt; border-bottom-color: windowtext; border-right-width: 1pt; border-right-color: windowtext; padding: 2.85pt; height: 10.5pt;\" valign=\"top\" width=\"23%\">\n<p style=\"margin-bottom: .0001pt; text-align: center; line-height: 115%;\" align=\"center\">\n<\/td>\n<\/tr>\n<tr style=\"mso-yfti-irow: 3; height: 1.5pt;\">\n<td style=\"width: 5.42%; border-right-width: 1pt; border-bottom-width: 1pt; border-left-width: 1pt; border-right-color: windowtext; border-bottom-color: windowtext; border-left-color: windowtext; border-image: initial; border-top: none; padding: 2.85pt; height: 1.5pt;\" valign=\"top\" width=\"5%\">\n<p style=\"margin-bottom: .0001pt; text-align: center; line-height: 115%;\" align=\"center\">3.<\/p>\n<\/td>\n<td style=\"width: 45.74%; border-top: none; border-left: none; border-bottom-width: 1pt; border-bottom-color: windowtext; border-right-width: 1pt; border-right-color: windowtext; padding: 2.85pt; height: 1.5pt;\" valign=\"top\" width=\"45%\">\n<p style=\"margin-bottom: .0001pt; text-align: justify; line-height: 115%;\">Dzie\u0144 Przedszkolaka \u2013 teatr \u201eNauczyciele dzieciom \u2013 inscenizacja \u201e&nbsp;Rzepki\u201d J.Tuwima.<\/p>\n<\/td>\n<td style=\"width: 25.56%; border-top: none; border-left: none; border-bottom-width: 1pt; border-bottom-color: windowtext; border-right-width: 1pt; border-right-color: windowtext; padding: 2.85pt; height: 1.5pt;\" valign=\"top\" width=\"25%\">\n<p style=\"margin-bottom: .0001pt; text-align: center; line-height: 115%;\" align=\"center\">20 wrze\u015bnia 2023 r.<\/p>\n<\/td>\n<td style=\"width: 23.28%; border-top: none; border-left: none; border-bottom-width: 1pt; border-bottom-color: windowtext; border-right-width: 1pt; border-right-color: windowtext; padding: 2.85pt; height: 1.5pt;\" valign=\"top\" width=\"23%\">\n<p style=\"margin-bottom: .0001pt; text-align: center; line-height: 115%;\" align=\"center\">\n<\/td>\n<\/tr>\n<tr style=\"mso-yfti-irow: 4; height: 26.25pt;\">\n<td style=\"width: 5.42%; border-right-width: 1pt; border-bottom-width: 1pt; border-left-width: 1pt; border-right-color: windowtext; border-bottom-color: windowtext; border-left-color: windowtext; border-image: initial; border-top: none; padding: 2.85pt; height: 26.25pt;\" valign=\"top\" width=\"5%\">\n<p style=\"margin-bottom: .0001pt; text-align: center; line-height: 115%;\" align=\"center\">4.<\/p>\n<\/td>\n<td style=\"width: 45.74%; border-top: none; border-left: none; border-bottom-width: 1pt; border-bottom-color: windowtext; border-right-width: 1pt; border-right-color: windowtext; padding: 2.85pt; height: 26.25pt;\" valign=\"top\" width=\"45%\">\n<p style=\"margin-bottom: .0001pt; text-align: justify; line-height: 115%; tab-stops: 219.75pt;\">Dzie\u0144 Edukacji Narodowej \u2013 &nbsp;250 lat historii edukacji. Monta\u017c s\u0142owno \u2013 muzyczny.<\/p>\n<\/td>\n<td style=\"width: 25.56%; border-top: none; border-left: none; border-bottom-width: 1pt; border-bottom-color: windowtext; border-right-width: 1pt; border-right-color: windowtext; padding: 2.85pt; height: 26.25pt;\" valign=\"top\" width=\"25%\">\n<p style=\"margin-bottom: .0001pt; text-align: center; line-height: 115%;\" align=\"center\">13 pa\u017adziernika 2023 r.<\/p>\n<\/td>\n<td style=\"width: 23.28%; border-top: none; border-left: none; border-bottom-width: 1pt; border-bottom-color: windowtext; border-right-width: 1pt; border-right-color: windowtext; padding: 2.85pt; height: 26.25pt;\" valign=\"top\" width=\"23%\">\n<p style=\"margin-bottom: .0001pt; text-align: center; line-height: 115%;\" align=\"center\">\n<\/td>\n<\/tr>\n<tr>\n<td style=\"width: 5.42%; border-right-width: 1pt; border-bottom-width: 1pt; border-left-width: 1pt; border-right-color: windowtext; border-bottom-color: windowtext; border-left-color: windowtext; border-image: initial; border-top: none; padding: 2.85pt;\" valign=\"top\" width=\"5%\">\n<p style=\"margin-bottom: .0001pt; text-align: center; line-height: 115%;\" align=\"center\">5.<\/p>\n<\/td>\n<td style=\"width: 45.74%; border-top: none; border-left: none; border-bottom-width: 1pt; border-bottom-color: windowtext; border-right-width: 1pt; border-right-color: windowtext; padding: 2.85pt;\" valign=\"top\" width=\"45%\">\n<p style=\"margin-bottom: .0001pt; text-align: justify; line-height: 115%;\">\u201ePrzedszkolak \u2013 ma\u0142y obywatel\u201d \u2013 spektakl s\u0142owno-muzyczny zwi\u0105zany z 11 listopada.<\/p>\n<\/td>\n<td style=\"width: 25.56%; border-top: none; border-left: none; border-bottom-width: 1pt; border-bottom-color: windowtext; border-right-width: 1pt; border-right-color: windowtext; padding: 2.85pt;\" valign=\"top\" width=\"25%\">\n<p style=\"margin-bottom: .0001pt; text-align: center; line-height: 115%;\" align=\"center\">10 listopada 2023 r.<\/p>\n<\/td>\n<td style=\"width: 23.28%; border-top: none; border-left: none; border-bottom-width: 1pt; border-bottom-color: windowtext; border-right-width: 1pt; border-right-color: windowtext; padding: 2.85pt;\" valign=\"top\" width=\"23%\">\n<p style=\"margin-bottom: .0001pt; text-align: center; line-height: 115%;\" align=\"center\">\n<\/td>\n<\/tr>\n<tr style=\"mso-yfti-irow: 6; height: 61.65pt;\">\n<td style=\"width: 5.42%; border-right-width: 1pt; border-bottom-width: 1pt; border-left-width: 1pt; border-right-color: windowtext; border-bottom-color: windowtext; border-left-color: windowtext; border-image: initial; border-top: none; padding: 2.85pt; height: 61.65pt;\" valign=\"top\" width=\"5%\">\n<p style=\"margin-bottom: .0001pt; text-align: center; line-height: 115%;\" align=\"center\">6.<\/p>\n<\/td>\n<td style=\"width: 45.74%; border-top: none; border-left: none; border-bottom-width: 1pt; border-bottom-color: windowtext; border-right-width: 1pt; border-right-color: windowtext; padding: 2.85pt; height: 61.65pt;\" valign=\"top\" width=\"45%\">\n<p style=\"margin-bottom: .0001pt; text-align: justify; line-height: 115%; tab-stops: 219.75pt;\">\u017b\u00f3\u0142ty Tydzie\u0144 \u017byczliwo\u015bci i Pozdrowie\u0144 \u2013 realizacja dzia\u0142a\u0144 w ramach polityki o\u015bwiatowej pa\u0144stwa : Wychowanie do wra\u017cliwo\u015bci na prawd\u0119 i dobro, kszta\u0142towanie w\u0142a\u015bciwych postaw szlachetno\u015bci, zaanga\u017cowania spo\u0142ecznego i dba\u0142o\u015bci o zdrowie<\/p>\n<\/td>\n<td style=\"width: 25.56%; border-top: none; border-left: none; border-bottom-width: 1pt; border-bottom-color: windowtext; border-right-width: 1pt; border-right-color: windowtext; padding: 2.85pt; height: 61.65pt;\" valign=\"top\" width=\"25%\">\n<p style=\"margin-bottom: .0001pt; text-align: center; line-height: 115%;\" align=\"center\">20-24 listopada 2023 r.<\/p>\n<\/td>\n<td style=\"width: 23.28%; border-top: none; border-left: none; border-bottom-width: 1pt; border-bottom-color: windowtext; border-right-width: 1pt; border-right-color: windowtext; padding: 2.85pt; height: 61.65pt;\" valign=\"top\" width=\"23%\">\n<p style=\"margin-bottom: .0001pt; text-align: center; line-height: 115%;\" align=\"center\">\n<\/td>\n<\/tr>\n<tr style=\"mso-yfti-irow: 7; height: .55pt;\">\n<td style=\"width: 5.42%; border-right-width: 1pt; border-bottom-width: 1pt; border-left-width: 1pt; border-right-color: windowtext; border-bottom-color: windowtext; border-left-color: windowtext; border-image: initial; border-top: none; padding: 2.85pt; height: 0.55pt;\" valign=\"top\" width=\"5%\">\n<p style=\"margin-bottom: .0001pt; text-align: center; line-height: 115%;\" align=\"center\">7.<\/p>\n<\/td>\n<td style=\"width: 45.74%; border-top: none; border-left: none; border-bottom-width: 1pt; border-bottom-color: windowtext; border-right-width: 1pt; border-right-color: windowtext; padding: 2.85pt; height: 0.55pt;\" valign=\"top\" width=\"45%\">\n<p style=\"margin-bottom: .0001pt; text-align: justify; line-height: 115%; tab-stops: 219.75pt;\">Dzie\u0144 Pluszowego Misia<\/p>\n<\/td>\n<td style=\"width: 25.56%; border-top: none; border-left: none; border-bottom-width: 1pt; border-bottom-color: windowtext; border-right-width: 1pt; border-right-color: windowtext; padding: 2.85pt; height: 0.55pt;\" valign=\"top\" width=\"25%\">\n<p style=\"margin-bottom: .0001pt; text-align: center; line-height: 115%;\" align=\"center\">24 listopada 2023<\/p>\n<\/td>\n<td style=\"width: 23.28%; border-top: none; border-left: none; border-bottom-width: 1pt; border-bottom-color: windowtext; border-right-width: 1pt; border-right-color: windowtext; padding: 2.85pt; height: 0.55pt;\" valign=\"top\" width=\"23%\">\n<p style=\"margin-bottom: .0001pt; text-align: center; line-height: 115%;\" align=\"center\">\n<\/td>\n<\/tr>\n<tr>\n<td style=\"width: 5.42%; border-right-width: 1pt; border-bottom-width: 1pt; border-left-width: 1pt; border-right-color: windowtext; border-bottom-color: windowtext; border-left-color: windowtext; border-image: initial; border-top: none; padding: 2.85pt;\" valign=\"top\" width=\"5%\">\n<p style=\"margin-bottom: .0001pt; text-align: center; line-height: 115%;\" align=\"center\">8.<\/p>\n<\/td>\n<td style=\"width: 45.74%; border-top: none; border-left: none; border-bottom-width: 1pt; border-bottom-color: windowtext; border-right-width: 1pt; border-right-color: windowtext; padding: 2.85pt;\" valign=\"top\" width=\"45%\">\n<p style=\"margin-bottom: .0001pt; text-align: justify; line-height: 115%;\">Miko\u0142ajki pod has\u0142em \u201eCzynimy dobro \u2013 prezenty dla potrzebuj\u0105cych\u201d.<\/p>\n<\/td>\n<td style=\"width: 25.56%; border-top: none; border-left: none; border-bottom-width: 1pt; border-bottom-color: windowtext; border-right-width: 1pt; border-right-color: windowtext; padding: 2.85pt;\" valign=\"top\" width=\"25%\">\n<p style=\"margin-bottom: .0001pt; text-align: center; line-height: 115%;\" align=\"center\">grudzie\u0144 2023 r.<\/p>\n<\/td>\n<td style=\"width: 23.28%; border-top: none; border-left: none; border-bottom-width: 1pt; border-bottom-color: windowtext; border-right-width: 1pt; border-right-color: windowtext; padding: 2.85pt;\" valign=\"top\" width=\"23%\">\n<p style=\"margin-bottom: .0001pt; text-align: center; line-height: 115%;\" align=\"center\">\n<\/td>\n<\/tr>\n<tr>\n<td style=\"width: 5.42%; border-right-width: 1pt; border-bottom-width: 1pt; border-left-width: 1pt; border-right-color: windowtext; border-bottom-color: windowtext; border-left-color: windowtext; border-image: initial; border-top: none; padding: 2.85pt;\" valign=\"top\" width=\"5%\">\n<p style=\"margin-bottom: .0001pt; text-align: center; line-height: 115%;\" align=\"center\">9.<\/p>\n<\/td>\n<td style=\"width: 45.74%; border-top: none; border-left: none; border-bottom-width: 1pt; border-bottom-color: windowtext; border-right-width: 1pt; border-right-color: windowtext; padding: 2.85pt;\" valign=\"top\" width=\"45%\">\n<p style=\"margin-bottom: .0001pt; text-align: justify; line-height: 115%;\">Wigilia Przedszkolna<\/p>\n<\/td>\n<td style=\"width: 25.56%; border-top: none; border-left: none; border-bottom-width: 1pt; border-bottom-color: windowtext; border-right-width: 1pt; border-right-color: windowtext; padding: 2.85pt;\" valign=\"top\" width=\"25%\">\n<p style=\"margin-bottom: .0001pt; text-align: center; line-height: 115%;\" align=\"center\">22 grudnia 2023<\/p>\n<\/td>\n<td style=\"width: 23.28%; border-top: none; border-left: none; border-bottom-width: 1pt; border-bottom-color: windowtext; border-right-width: 1pt; border-right-color: windowtext; padding: 2.85pt;\" valign=\"top\" width=\"23%\">&nbsp;<\/td>\n<\/tr>\n<tr>\n<td style=\"width: 5.42%; border-right-width: 1pt; border-bottom-width: 1pt; border-left-width: 1pt; border-right-color: windowtext; border-bottom-color: windowtext; border-left-color: windowtext; border-image: initial; border-top: none; padding: 2.85pt;\" valign=\"top\" width=\"5%\">\n<p style=\"margin-bottom: .0001pt; text-align: center; line-height: 115%;\" align=\"center\">10.<\/p>\n<\/td>\n<td style=\"width: 45.74%; border-top: none; border-left: none; border-bottom-width: 1pt; border-bottom-color: windowtext; border-right-width: 1pt; border-right-color: windowtext; padding: 2.85pt;\" valign=\"top\" width=\"45%\">\n<p style=\"margin-bottom: .0001pt; text-align: justify; line-height: 115%;\">\u015awi\u0119to dobra, tolerancji i u\u015bmiechu \u2013 Dzie\u0144 Babci i Dziadka z balem karnawa\u0142owym.<\/p>\n<\/td>\n<td style=\"width: 25.56%; border-top: none; border-left: none; border-bottom-width: 1pt; border-bottom-color: windowtext; border-right-width: 1pt; border-right-color: windowtext; padding: 2.85pt;\" valign=\"top\" width=\"25%\">\n<p style=\"margin-bottom: .0001pt; text-align: center; line-height: 115%;\" align=\"center\">stycze\u0144 2024 r.<\/p>\n<\/td>\n<td style=\"width: 23.28%; border-top: none; border-left: none; border-bottom-width: 1pt; border-bottom-color: windowtext; border-right-width: 1pt; border-right-color: windowtext; padding: 2.85pt;\" valign=\"top\" width=\"23%\">\n<p style=\"margin-bottom: .0001pt; text-align: center; line-height: 115%;\" align=\"center\">\n<\/td>\n<\/tr>\n<tr>\n<td style=\"width: 5.42%; border-right-width: 1pt; border-bottom-width: 1pt; border-left-width: 1pt; border-right-color: windowtext; border-bottom-color: windowtext; border-left-color: windowtext; border-image: initial; border-top: none; padding: 2.85pt;\" valign=\"top\" width=\"5%\">\n<p style=\"margin-bottom: .0001pt; text-align: center; line-height: 115%;\" align=\"center\">11.<\/p>\n<\/td>\n<td style=\"width: 45.74%; border-top: none; border-left: none; border-bottom-width: 1pt; border-bottom-color: windowtext; border-right-width: 1pt; border-right-color: windowtext; padding: 2.85pt;\" valign=\"top\" width=\"45%\">\n<p style=\"margin-bottom: .0001pt; text-align: justify; line-height: 115%;\">\u201eSzukamy dobra w sobie i otoczeniu\u201d \u2013 powitanie wiosny.<\/p>\n<\/td>\n<td style=\"width: 25.56%; border-top: none; border-left: none; border-bottom-width: 1pt; border-bottom-color: windowtext; border-right-width: 1pt; border-right-color: windowtext; padding: 2.85pt;\" valign=\"top\" width=\"25%\">\n<p style=\"margin-bottom: .0001pt; text-align: center; line-height: 115%;\" align=\"center\">marzec 2024 r.<\/p>\n<\/td>\n<td style=\"width: 23.28%; border-top: none; border-left: none; border-bottom-width: 1pt; border-bottom-color: windowtext; border-right-width: 1pt; border-right-color: windowtext; padding: 2.85pt;\" valign=\"top\" width=\"23%\">\n<p style=\"margin-bottom: .0001pt; text-align: center; line-height: 115%;\" align=\"center\">\n<\/td>\n<\/tr>\n<tr>\n<td style=\"width: 5.42%; border-right-width: 1pt; border-bottom-width: 1pt; border-left-width: 1pt; border-right-color: windowtext; border-bottom-color: windowtext; border-left-color: windowtext; border-image: initial; border-top: none; padding: 2.85pt;\" valign=\"top\" width=\"5%\">\n<p style=\"margin-bottom: .0001pt; text-align: center; line-height: 115%;\" align=\"center\">12.<\/p>\n<\/td>\n<td style=\"width: 45.74%; border-top: none; border-left: none; border-bottom-width: 1pt; border-bottom-color: windowtext; border-right-width: 1pt; border-right-color: windowtext; padding: 2.85pt;\" valign=\"top\" width=\"45%\">\n<p style=\"margin-bottom: .0001pt; text-align: justify; line-height: 115%;\">Wielkanoc \u2013 \u015bniadanie wielkanocne.<\/p>\n<\/td>\n<td style=\"width: 25.56%; border-top: none; border-left: none; border-bottom-width: 1pt; border-bottom-color: windowtext; border-right-width: 1pt; border-right-color: windowtext; padding: 2.85pt;\" valign=\"top\" width=\"25%\">\n<p style=\"margin-bottom: .0001pt; text-align: center; line-height: 115%;\" align=\"center\">marzec\/kwiecie\u0144 2024 r.<\/p>\n<\/td>\n<td style=\"width: 23.28%; border-top: none; border-left: none; border-bottom-width: 1pt; border-bottom-color: windowtext; border-right-width: 1pt; border-right-color: windowtext; padding: 2.85pt;\" valign=\"top\" width=\"23%\">&nbsp;<\/td>\n<\/tr>\n<tr style=\"mso-yfti-irow: 13; height: 23.0pt;\">\n<td style=\"width: 5.42%; border-right-width: 1pt; border-bottom-width: 1pt; border-left-width: 1pt; border-right-color: windowtext; border-bottom-color: windowtext; border-left-color: windowtext; border-image: initial; border-top: none; padding: 2.85pt; height: 23pt;\" valign=\"top\" width=\"5%\">\n<p style=\"margin-bottom: .0001pt; text-align: center; line-height: 115%;\" align=\"center\">13.<\/p>\n<\/td>\n<td style=\"width: 45.74%; border-top: none; border-left: none; border-bottom-width: 1pt; border-bottom-color: windowtext; border-right-width: 1pt; border-right-color: windowtext; padding: 2.85pt; height: 23pt;\" valign=\"top\" width=\"45%\">\n<p style=\"margin-bottom: .0001pt; text-align: justify; line-height: 115%;\">\u015awiatowy Dzie\u0144 Ziemi \u2013 wiem jak dba\u0107 o planet\u0119<\/p>\n<\/td>\n<td style=\"width: 25.56%; border-top: none; border-left: none; border-bottom-width: 1pt; border-bottom-color: windowtext; border-right-width: 1pt; border-right-color: windowtext; padding: 2.85pt; height: 23pt;\" valign=\"top\" width=\"25%\">\n<p style=\"margin-bottom: .0001pt; text-align: center; line-height: 115%;\" align=\"center\">kwiecie\u0144 2024 r.<\/p>\n<\/td>\n<td style=\"width: 23.28%; border-top: none; border-left: none; border-bottom-width: 1pt; border-bottom-color: windowtext; border-right-width: 1pt; border-right-color: windowtext; padding: 2.85pt; height: 23pt;\" valign=\"top\" width=\"23%\">\n<p style=\"margin-bottom: .0001pt; text-align: center; line-height: 115%;\" align=\"center\">\n<\/td>\n<\/tr>\n<tr style=\"mso-yfti-irow: 14; height: 7.5pt;\">\n<td style=\"width: 5.42%; border-right-width: 1pt; border-bottom-width: 1pt; border-left-width: 1pt; border-right-color: windowtext; border-bottom-color: windowtext; border-left-color: windowtext; border-image: initial; border-top: none; padding: 2.85pt; height: 7.5pt;\" valign=\"top\" width=\"5%\">\n<p style=\"margin-bottom: .0001pt; text-align: center; line-height: 115%;\" align=\"center\">14.<\/p>\n<\/td>\n<td style=\"width: 45.74%; border-top: none; border-left: none; border-bottom-width: 1pt; border-bottom-color: windowtext; border-right-width: 1pt; border-right-color: windowtext; padding: 2.85pt; height: 7.5pt;\" valign=\"top\" width=\"45%\">\n<p style=\"margin-bottom: .0001pt; text-align: justify; line-height: 115%;\">Mi\u0119dzynarodowy Dzie\u0144 Dobrych Uczynk\u00f3w<\/p>\n<\/td>\n<td style=\"width: 25.56%; border-top: none; border-left: none; border-bottom-width: 1pt; border-bottom-color: windowtext; border-right-width: 1pt; border-right-color: windowtext; padding: 2.85pt; height: 7.5pt;\" valign=\"top\" width=\"25%\">\n<p style=\"margin-bottom: .0001pt; text-align: center; line-height: 115%;\" align=\"center\">14 kwietnia 2024 r.<\/p>\n<\/td>\n<td style=\"width: 23.28%; border-top: none; border-left: none; border-bottom-width: 1pt; border-bottom-color: windowtext; border-right-width: 1pt; border-right-color: windowtext; padding: 2.85pt; height: 7.5pt;\" valign=\"top\" width=\"23%\">\n<p style=\"margin-bottom: .0001pt; text-align: center; line-height: 115%;\" align=\"center\">\n<\/td>\n<\/tr>\n<tr>\n<td style=\"width: 5.42%; border-right-width: 1pt; border-bottom-width: 1pt; border-left-width: 1pt; border-right-color: windowtext; border-bottom-color: windowtext; border-left-color: windowtext; border-image: initial; border-top: none; padding: 2.85pt;\" valign=\"top\" width=\"5%\">\n<p style=\"margin-bottom: .0001pt; text-align: center; line-height: 115%;\" align=\"center\">15.<\/p>\n<\/td>\n<td style=\"width: 45.74%; border-top: none; border-left: none; border-bottom-width: 1pt; border-bottom-color: windowtext; border-right-width: 1pt; border-right-color: windowtext; padding: 2.85pt;\" valign=\"top\" width=\"45%\">\n<p style=\"margin-bottom: .0001pt; text-align: justify; line-height: 115%;\">Piknik Rodzinny &nbsp;.<\/p>\n<\/td>\n<td style=\"width: 25.56%; border-top: none; border-left: none; border-bottom-width: 1pt; border-bottom-color: windowtext; border-right-width: 1pt; border-right-color: windowtext; padding: 2.85pt;\" valign=\"top\" width=\"25%\">\n<p style=\"margin-bottom: .0001pt; text-align: center; line-height: 115%;\" align=\"center\">czerwiec 2024 r.<\/p>\n<\/td>\n<td style=\"width: 23.28%; border-top: none; border-left: none; border-bottom-width: 1pt; border-bottom-color: windowtext; border-right-width: 1pt; border-right-color: windowtext; padding: 2.85pt;\" valign=\"top\" width=\"23%\">\n<p style=\"margin-bottom: .0001pt; text-align: center; line-height: 115%;\" align=\"center\">\n<\/td>\n<\/tr>\n<\/tbody>\n<\/table>\n","protected":false},"excerpt":{"rendered":"<p>I.&nbsp;&nbsp;&nbsp;&nbsp;&nbsp;&nbsp; Planowany kalendarz imprez i uroczysto\u015bci w roku szkolnym 2023\/2024 Lp. Nazwa imprezy\/uroczysto\u015bci Termin realizacji Uwagi 1. \u015awiatowy Dzie\u0144 Pierwszej Pomocy 9 wrze\u015bnia 2023 r. 2. Dzie\u0144 Kropki 15 wrze\u015bnia 2023 3. Dzie\u0144 Przedszkolaka \u2013 teatr \u201eNauczyciele dzieciom \u2013 inscenizacja \u201e&nbsp;Rzepki\u201d J.Tuwima. 20 wrze\u015bnia 2023 r. 4. Dzie\u0144 Edukacji Narodowej \u2013 &nbsp;250 lat historii edukacji. [&hellip;]<\/p>\n","protected":false},"author":1,"featured_media":0,"parent":18045,"menu_order":1,"comment_status":"closed","ping_status":"closed","template":"","meta":[],"_links":{"self":[{"href":"https:\/\/psgrabownica.brzozow.pl\/index.php?rest_route=\/wp\/v2\/pages\/193"}],"collection":[{"href":"https:\/\/psgrabownica.brzozow.pl\/index.php?rest_route=\/wp\/v2\/pages"}],"about":[{"href":"https:\/\/psgrabownica.brzozow.pl\/index.php?rest_route=\/wp\/v2\/types\/page"}],"author":[{"embeddable":true,"href":"https:\/\/psgrabownica.brzozow.pl\/index.php?rest_route=\/wp\/v2\/users\/1"}],"replies":[{"embeddable":true,"href":"https:\/\/psgrabownica.brzozow.pl\/index.php?rest_route=%2Fwp%2Fv2%2Fcomments&post=193"}],"version-history":[{"count":25,"href":"https:\/\/psgrabownica.brzozow.pl\/index.php?rest_route=\/wp\/v2\/pages\/193\/revisions"}],"predecessor-version":[{"id":18050,"href":"https:\/\/psgrabownica.brzozow.pl\/index.php?rest_route=\/wp\/v2\/pages\/193\/revisions\/18050"}],"up":[{"embeddable":true,"href":"https:\/\/psgrabownica.brzozow.pl\/index.php?rest_route=\/wp\/v2\/pages\/18045"}],"wp:attachment":[{"href":"https:\/\/psgrabownica.brzozow.pl\/index.php?rest_route=%2Fwp%2Fv2%2Fmedia&parent=193"}],"curies":[{"name":"wp","href":"https:\/\/api.w.org\/{rel}","templated":true}]}}