{"id":14778,"date":"2021-03-31T14:35:52","date_gmt":"2021-03-31T12:35:52","guid":{"rendered":"http:\/\/psgrabownica.brzozow.pl\/?page_id=14778"},"modified":"2021-03-31T14:38:36","modified_gmt":"2021-03-31T12:38:36","slug":"smerfy-31-03-2021","status":"publish","type":"page","link":"https:\/\/psgrabownica.brzozow.pl\/?page_id=14778","title":{"rendered":"Smerfy 31.03.2021"},"content":{"rendered":"<p>Temat tygodnia: \u201eWielkanoc\u201d.<\/p>\n<p><strong>3 dzie\u0144 \u2013 \u015broda \u2013 \u201eNa wielkanocnym stole\u201d.<\/strong><\/p>\n<p>1. \u201ePrawda \u2013 fa\u0142sz\u201d \u2013 zabawa dydaktyczna.<\/p>\n<p>Rodzic m\u00f3wi zdanie, a dziecko okre\u015bla czy jest ono prawdziwe, czy fa\u0142szywe. Je\u015bli jest fa\u0142szywe, to dziecko pr\u00f3buje powiedzie\u0107 jak powinno w\u0142a\u015bciwie brzmie\u0107 to zdanie.<\/p>\n<p><em>&#8211; \u015awi\u0119ta Wielkanocne kojarz\u0105 si\u0119 nam z choink\u0105.<\/em><\/p>\n<p><em>&#8211; Do koszyczka wielkanocnego wk\u0142adamy \u017celki i chrupki.<\/em><\/p>\n<p><em>&#8211; Mazurki i babki to najpopularniejsze ciasta wielkanocne.<\/em><\/p>\n<p><em>&#8211; \u015awi\u0119ta Wielkanocna obchodzimy latem.<\/em><\/p>\n<p><em>&#8211; Domy na Wielkanoc ozdabiamy jemio\u0142\u0105 i siankiem.<\/em><\/p>\n<p><em>-Na niedziel\u0119 palmow\u0105 robimy palemki.<\/em><\/p>\n<p><em>&#8211; Najwa\u017cniejszym posi\u0142kiem w czasie \u015awi\u0105t Wielkanocnych jest \u015bniadanie wielkanocne.<\/em><\/p>\n<p><em>2. \u201e\u015amigus \u2013 dyngus\u201d \u2013 zabawy muzyczno-ruchowe przy piosence.<\/em><\/p>\n<p>W Poniedzia\u0142ek Wielkanocny\u00a0\u00a0\u00a0\u00a0\u00a0\u00a0\u00a0\u00a0\u00a0\u00a0\u00a0\u00a0\u00a0\u00a0\u00a0\u00a0\u00a0\u00a0\u00a0\u00a0 dziecko porusza si\u0119 po pokoju w r\u00f3\u017cnych kierunkach<\/p>\n<p>Pogania\u0142 wiatr\u00a0 chmurki,\u00a0\u00a0\u00a0\u00a0\u00a0\u00a0\u00a0\u00a0\u00a0\u00a0\u00a0\u00a0\u00a0\u00a0\u00a0\u00a0\u00a0\u00a0\u00a0\u00a0\u00a0\u00a0\u00a0\u00a0\u00a0\u00a0\u00a0\u00a0 dmucha, aby rozp\u0119dzi\u0107 chmurki<\/p>\n<p>By zrosi\u0142y ciep\u0142ym deszczem\u00a0\u00a0\u00a0\u00a0\u00a0\u00a0\u00a0\u00a0\u00a0\u00a0\u00a0\u00a0\u00a0\u00a0\u00a0\u00a0\u00a0\u00a0\u00a0\u00a0\u00a0 dziecko stoi w miejscu i r\u0105czkami na\u015bladuje padaj\u0105cy deszcz<\/p>\n<p>Zaj\u0105czka i kurki.<\/p>\n<p>W trawie schowa\u0142 si\u0119 zaj\u0105czek \u00a0\u00a0\u00a0\u00a0\u00a0\u00a0\u00a0\u00a0\u00a0\u00a0\u00a0\u00a0\u00a0\u00a0\u00a0 dziecko przykuca i rozgl\u0105da si\u0119<\/p>\n<p>A kurki w kurniku.<\/p>\n<p>Czy to deszcz, czy \u015bmigus \u2013 dyngus,\u00a0\u00a0\u00a0\u00a0\u00a0\u00a0\u00a0\u00a0 rozk\u0142ada r\u0119ce na boki i si\u0119 dziwi<\/p>\n<p>Wietrzyku \u2013 psotniku?<\/p>\n<p>\u015amigus \u2013 dyngus to zabawa.\u00a0\u00a0\u00a0\u00a0\u00a0\u00a0\u00a0\u00a0\u00a0\u00a0\u00a0\u00a0\u00a0\u00a0\u00a0\u00a0\u00a0\u00a0\u00a0\u00a0\u00a0 dziecko porusza si\u0119 krokiem dostawnym\u00a0 po kole<\/p>\n<p>\u015amigus z lewa, dyngus z prawa.\u00a0\u00a0\u00a0\u00a0\u00a0\u00a0\u00a0\u00a0\u00a0\u00a0\u00a0\u00a0\u00a0\u00a0\u00a0 pokazuje r\u0105czk\u0105 w lew\u0105 i praw\u0105 stron\u0119<\/p>\n<p>Chocia\u017c w butach chlupie woda,\u00a0\u00a0\u00a0\u00a0\u00a0\u00a0\u00a0\u00a0\u00a0\u00a0\u00a0\u00a0\u00a0 na\u015bladuje chlupanie butami w ka\u0142u\u017cy<\/p>\n<p>Chowa\u0107 si\u0119 po k\u0105tach szkoda.<\/p>\n<p><a href=\"https:\/\/www.youtube.com\/watch?v=LU6Rw0iS0is\">https:\/\/www.youtube.com\/watch?v=LU6Rw0iS0is<\/a><\/p>\n<p>3. \u201eWielkanocny st\u00f3\u0142 \u2013 s\u0142uchanie wiersza Ewy Skar\u017cy\u0144skiej.<\/p>\n<p>Rodzic czyta wiersz, dziecko uwa\u017cnie s\u0142ucha.<\/p>\n<p><em>Nasz st\u00f3\u0142 wielkanocny<\/em><\/p>\n<p><em>haftowany w kwiaty.<\/em><\/p>\n<p><em>W bor\u00f3wkowej zieleni<\/em><\/p>\n<p><em>listeczk\u00f3w skrzydlatych,<\/em><\/p>\n<p><em>lukrowana baba<\/em><\/p>\n<p><em>rozpycha si\u0119 na nim,<\/em><\/p>\n<p><em>a przy babie \u2013<\/em><\/p>\n<p><em>mazurek w owoce przybrany.<\/em><\/p>\n<p><em>Palmy pachn\u0105 jak \u0142\u0105ka<\/em><\/p>\n<p><em>w samym \u015brodku lata.<\/em><\/p>\n<p><em>Siada mama przy stole,<\/em><\/p>\n<p><em>a przy mamie tata.<\/em><\/p>\n<p><em>I my.<\/em><\/p>\n<p><em>Wiosna na nas<\/em><\/p>\n<p><em>zza firanek zerka,<\/em><\/p>\n<p><em>a pstrokate pisanki<\/em><\/p>\n<p><em>chc\u0105 ta\u0144czy\u0107 oberka.<\/em><\/p>\n<p><em>Wpu\u015b\u0107my wiosn\u0119,<\/em><\/p>\n<p><em>niech s\u0142o\u0144cem<\/em><\/p>\n<p><em>zab\u0142y\u015bnie nad sto\u0142em<\/em><\/p>\n<p><em>w wielkanocne \u015bwi\u0119towanie<\/em><\/p>\n<p><em>jak wiosna weso\u0142e!<\/em><\/p>\n<p>Rodzic rozmawia z dzieckiem na temat wiersza. Zadaje pytania: <em>Jak w wierszu wygl\u0105da st\u00f3\u0142 wielkanocny? Czym by\u0142 udekorowany? Co na nim stoi? Kto siada przy stole? Kro zerka na wszystkich zza firanki? <\/em><\/p>\n<p>Rodzic mo\u017ce porozmawia\u0107 z dzieckiem, jak b\u0119dzie wygl\u0105da\u0142o wasze \u015bwi\u0119towanie.<\/p>\n<p>4. Praca w KP3.48<\/p>\n<p>Dziecko wycina fragmenty obrazka ze str. 51 i nakleja je we w\u0142a\u015bciwym miejscu. Nast\u0119pnie ko\u0144czy ozdabianie obrusu rysuj\u0105c wzorki w tunelu.<\/p>\n<p>5. \u201eZaj\u0105czki\u201d \u2013 zabawa paluszkowa z elementami liczenia.<\/p>\n<p>Dziecko na\u015bladuje s\u0142owa wiersza, za ka\u017cdym razem chowa odpowiedni\u0105 liczb\u0119 palc\u00f3w. Na koniec dziecko zaplata palce obu raczek i lekko ko\u0142ysze splecionymi d\u0142o\u0144mi.<\/p>\n<p><em>Pi\u0119\u0107 zaj\u0105czk\u00f3w ma\u0142ych kica na polanie.<\/em><\/p>\n<p><em>Gdy si\u0119 jeden schowa, to ile zostanie?<\/em><\/p>\n<p><em>Pi\u0119\u0107 zaj\u0105czk\u00f3w ma\u0142ych kica na polanie.<\/em><\/p>\n<p><em>Gdy si\u0119 dwa schowaj\u0105, to ile zostanie?<\/em><\/p>\n<p><em>Pi\u0119\u0107 zaj\u0105czk\u00f3w ma\u0142ych kica na polanie.<\/em><\/p>\n<p><em>Gdy si\u0119 trzy schowaj\u0105, to ile zostanie?<\/em><\/p>\n<p><em>Pi\u0119\u0107 zaj\u0105czk\u00f3w ma\u0142ych kica na polanie.<\/em><\/p>\n<p><em>Gdy si\u0119 cztery schowa, to ile zostanie?<\/em><\/p>\n<p><em>Pi\u0119\u0107 zaj\u0105czk\u00f3w ma\u0142ych kica na polanie.<\/em><\/p>\n<p><em>Kiedy pi\u0119\u0107 si\u0119 schowa, to ile zostanie?<\/em><\/p>\n<p><em>Pi\u0119\u0107 zaj\u0105czk\u00f3w ma\u0142ych ju\u017c do mamy kica.<\/em><\/p>\n<p><em>Kocha je ogromnie mama zaj\u0119czyca.<\/em><\/p>\n<p>6. \u201eNakrywamy do sto\u0142u\u201d \u2013 zabawa dydaktyczna.<\/p>\n<p>Rodzic przygotowuje 2, 3 komplety talerzy, sztu\u0107c\u00f3w, kubk\u00f3w, serwetek. Dziecko pr\u00f3buje nakrywa\u0107 do sto\u0142u. Rodzic sprawdza, czy sztu\u0107ce znalaz\u0142y si\u0119 z odpowiedniej strony. Dziecko utrwala sobie kierunki: prawo, lewo.<\/p>\n<p>Mo\u017cna pom\u00f3c sobie filmikiem instrukta\u017cowym:<\/p>\n<p><a href=\"https:\/\/www.youtube.com\/watch?v=Hq5TsrNZAPk\">https:\/\/www.youtube.com\/watch?v=Hq5TsrNZAPk<\/a><\/p>\n<p>&nbsp;<\/p>\n<p>7. Praca w KP3.46.<\/p>\n<p>Dziecko skre\u015bla produkty, z kt\u00f3rych nie zosta\u0142y zrobione potrawy. Dziecko dzieli nazwy potraw na sylaby i koloruje w\u0142a\u015bciw\u0105 liczb\u0119 kwadracik\u00f3w. Dziecko pr\u00f3buje poda\u0107 jeden przyk\u0142ad rymu do podanych nazw, np.:<\/p>\n<p>Kurczaczki &#8211; \u00a0\u015blimaczki, robaczki, znaczki<\/p>\n<p>Baranek &#8211; \u00a0dzbanek, Franek<\/p>\n<p>&nbsp;<\/p>\n<p>Mo\u017cna na drugie \u015bniadanie przygotowa\u0107 z dzieckiem takiego kanapkowego baranka. B\u0119dzie pyszny i zdrowy.<\/p>\n<p>Mo\u017cna te\u017c zrobi\u0107 inne zwierz\u0105tka.<\/p>\n<p><a href=\"https:\/\/www.youtube.com\/watch?v=tNpS5IRaO4w\">https:\/\/www.youtube.com\/watch?v=tNpS5IRaO4w<\/a><\/p>\n<p>&nbsp;<\/p>\n<p>8. \u201eZaj\u0105czek\u201d \u2013 zabawa paluszkowa<\/p>\n<p><a href=\"https:\/\/www.youtube.com\/watch?v=To2Jfos-mRQ\">https:\/\/www.youtube.com\/watch?v=To2Jfos-mRQ<\/a><\/p>\n<p>&nbsp;<\/p>\n<p>To ostatni dzie\u0144 pracy przed \u015bwi\u0119tami. Pracownicy na czwartek i pi\u0105tek bior\u0105 urlopy, a dzieci maj\u0105 wolne.<\/p>\n<p>Drodzy rodzice, kochane dzieci z okazji zbli\u017caj\u0105cych si\u0119 \u015awi\u0105t \u017cycz\u0119 wszystkim zdrowia, spokoju,\u00a0 pogody ducha, powiewu wiosny w waszych serduszkach. Weso\u0142ego Alleluja!<\/p>\n<p>Pozdrawiam El\u017cbieta Piero\u017cak<\/p>\n<p>&nbsp;<\/p>\n","protected":false},"excerpt":{"rendered":"<p>Temat tygodnia: \u201eWielkanoc\u201d. 3 dzie\u0144 \u2013 \u015broda \u2013 \u201eNa wielkanocnym stole\u201d. 1. \u201ePrawda \u2013 fa\u0142sz\u201d \u2013 zabawa dydaktyczna. Rodzic m\u00f3wi zdanie, a dziecko okre\u015bla czy jest ono prawdziwe, czy fa\u0142szywe. Je\u015bli jest fa\u0142szywe, to dziecko pr\u00f3buje powiedzie\u0107 jak powinno w\u0142a\u015bciwie brzmie\u0107 to zdanie. &#8211; \u015awi\u0119ta Wielkanocne kojarz\u0105 si\u0119 nam z choink\u0105. &#8211; Do koszyczka wielkanocnego [&hellip;]<\/p>\n","protected":false},"author":3,"featured_media":0,"parent":0,"menu_order":0,"comment_status":"closed","ping_status":"closed","template":"","meta":[],"_links":{"self":[{"href":"https:\/\/psgrabownica.brzozow.pl\/index.php?rest_route=\/wp\/v2\/pages\/14778"}],"collection":[{"href":"https:\/\/psgrabownica.brzozow.pl\/index.php?rest_route=\/wp\/v2\/pages"}],"about":[{"href":"https:\/\/psgrabownica.brzozow.pl\/index.php?rest_route=\/wp\/v2\/types\/page"}],"author":[{"embeddable":true,"href":"https:\/\/psgrabownica.brzozow.pl\/index.php?rest_route=\/wp\/v2\/users\/3"}],"replies":[{"embeddable":true,"href":"https:\/\/psgrabownica.brzozow.pl\/index.php?rest_route=%2Fwp%2Fv2%2Fcomments&post=14778"}],"version-history":[{"count":2,"href":"https:\/\/psgrabownica.brzozow.pl\/index.php?rest_route=\/wp\/v2\/pages\/14778\/revisions"}],"predecessor-version":[{"id":14781,"href":"https:\/\/psgrabownica.brzozow.pl\/index.php?rest_route=\/wp\/v2\/pages\/14778\/revisions\/14781"}],"wp:attachment":[{"href":"https:\/\/psgrabownica.brzozow.pl\/index.php?rest_route=%2Fwp%2Fv2%2Fmedia&parent=14778"}],"curies":[{"name":"wp","href":"https:\/\/api.w.org\/{rel}","templated":true}]}}