{"id":14733,"date":"2021-03-29T15:13:49","date_gmt":"2021-03-29T13:13:49","guid":{"rendered":"http:\/\/psgrabownica.brzozow.pl\/?page_id=14733"},"modified":"2021-04-07T12:19:08","modified_gmt":"2021-04-07T10:19:08","slug":"zajaczki-29-03-2021","status":"publish","type":"page","link":"https:\/\/psgrabownica.brzozow.pl\/?page_id=14733","title":{"rendered":"Zaj\u0105czki 29.03.2021"},"content":{"rendered":"<p>Temat: Grze\u015b polubi\u0142 wie\u015b.<\/p>\n<p>1. ,, Kogo spotkali\u015bmy na wsi?&#8221; &#8211; rozpoznawanie zwierz\u0105t po odg\u0142osach.<\/p>\n<p><a href=\"https:\/\/www.youtube.com\/watch?v=qQtJP40a1Iw\">Odg\u0142osy i nazwy zwierz\u0105t gospodarskich<\/a><\/p>\n<p>2. ,,Skacz\u0105ce k\u00f3zki&#8217;- \u0107wiczenie powi\u0119kszaj\u0105ce pojemno\u015b\u0107 p\u0142uc. Rozk\u0142adamy na stoliku obrazki przedstawiaj\u0105ce sylwety jakiego\u015b zwierz\u0105tka gospodarskiego( lub inne, jakie posiadacie w domu). Dziecko\u00a0 przystawia usta na wysoko\u015b\u0107 blatu. Dmucha na sylwety(wdech i wydech ustami). Stara si\u0119 jednak nie zrzuci\u0107 ich ze sto\u0142u tylko przesuwa\u0107 po blacie.<\/p>\n<p>3. ,,Bajka o mr\u00f3weczce&#8221;<\/p>\n<p>BAJKA TERAPEUTYCZNA &#8211; \u201eBajka o mr\u00f3weczce&#8221;<\/p>\n<p>Cel: zaakceptowanie siebie, kszta\u0142towanie pozytywnych cech (odwaga), docenianie osi\u0105gni\u0119\u0107 w\u0142asnych i innych os\u00f3b, uwra\u017cliwienie na rozumienie innych, kszta\u0142towanie empatii.<\/p>\n<p>Ma\u0142a mr\u00f3weczka rozpocz\u0119\u0142a nauk\u0119 w klasie pierwszej. Od samego pocz\u0105tku nie mog\u0142a sobie poradzi\u0107 z zadaniami, jakie maj\u0105 mr\u00f3wki w szkole. Ucz\u0105 si\u0119 podnosi\u0107, a potem transportowa\u0107 r\u00f3\u017cne rzeczy. Nauka jest ci\u0119\u017cka, codziennie nosz\u0105 na swych grzbietach patyki, listeczki, ga\u0142\u0105zki, poziomki, jagody, a tak\u017ce ucz\u0105 si\u0119, jak je pakowa\u0107, by si\u0119 nie zniszczy\u0142y. Mr\u00f3wka by\u0142a bardzo pracowita, bardzo chcia\u0142a otrzymywa\u0107 dobre oceny, ale co z tego &#8211; by\u0142a bardzo malutka, taka tyciu, tyciusie\u0144ka i nie mog\u0142a ud\u017awign\u0105\u0107 tych wszystkich ci\u0119\u017car\u00f3w. Inne silniejsze i wi\u0119ksze dobrze sobie radzi\u0142y, tylko ona zawsze zostawa\u0142a w tyle. Mr\u00f3wki przezywa\u0142y j\u0105, wy\u015bmiewa\u0142y si\u0119 z niej. Bardzo si\u0119 tym martwi\u0142a, chodzi\u0142a zasmucona. Ba\u0142a si\u0119 lekcji i tego, \u017ce nie ud\u017awignie zadanego ci\u0119\u017caru i dostanie znowu jedynk\u0119. Najch\u0119tniej by w og\u00f3le nie chodzi\u0142a do szko\u0142y. Wstydzi\u0142a si\u0119 z\u0142ych stopni i tego, \u017ce jest taka s\u0142aba. Kole\u017canki mr\u00f3wki niech\u0119tnie si\u0119 z ni\u0105 bawi\u0142y, nawet nie chcia\u0142y z ni\u0105 siedzie\u0107 w jednej \u0142awce. Pewnego dnia przez las szed\u0142 gro\u017any wielkolud, wymachiwa\u0142 kijem na wszystkie strony i niszczy\u0142 wszystko, co by\u0142o na jego drodze. Natkn\u0105\u0142 si\u0119 na mrowisko i kijem zacz\u0105\u0142 wierci\u0107 w nim dziury. Ziemia zadr\u017ca\u0142a, zacz\u0119\u0142y wali\u0107 si\u0119 w mrowisku domy, szko\u0142y, wszystkie mr\u00f3wki z przera\u017ceniem patrzy\u0142y, jak ich praca jest niszczona. Trzeba si\u0119 by\u0142o broni\u0107, wi\u0119c solidarnie wszystkie razem zaatakowa\u0142y intruza. Pogryziony, jak niepyszny uciek\u0142, gdzie pieprz ro\u015bnie. Ucieszone mr\u00f3wki wr\u00f3ci\u0142y do mrowiska. Okaza\u0142o si\u0119 po chwili, \u017ce wiele dom\u00f3w i ulic zosta\u0142o zniszczonych, a tak\u017ce cenne przedmioty, mi\u0119dzy innymi malutka z\u0142ota korona kr\u00f3lowej. Lament wielki zapanowa\u0142 w mrowisku. Przecie\u017c kr\u00f3lowa nie mo\u017ce rz\u0105dzi\u0107 bez korony! Rozpocz\u0119\u0142y si\u0119 poszukiwania. Korony jednak jak nie by\u0142o, tak nie by\u0142o. Wszystkie tunele, poza jednym, zosta\u0142y sprawdzone. Do tego ostatniego nikt nie m\u00f3g\u0142 wej\u015b\u0107. Tunel wi\u0142 si\u0119 g\u0142\u0119boko w ziemi, by\u0142 bardzo w\u0105ski, ciemny, niebezpieczny. M\u00f3g\u0142 w ka\u017cdej chwili si\u0119 zawali\u0107 i pogrzeba\u0107 na zawsze \u015bmia\u0142ka. Nikt wi\u0119c nie pr\u00f3bowa\u0142 tam wej\u015b\u0107. Tylko ma\u0142a mr\u00f3weczka zdecydowa\u0142a si\u0119 na ten odwa\u017cny krok. I po chwili ju\u017c w\u0105skim korytarzem schodzi\u0142a ni\u017cej i ni\u017cej. Dooko\u0142a by\u0142 mrok, czu\u0142a wilgotn\u0105 ziemi\u0119. Wolno sprawdza\u0142a ka\u017cdy odcinek drogi. Niczego poza ciemno\u015bci\u0105 tam nie by\u0142o. Jednak si\u0119 nie zniech\u0119ca\u0142a, schodzi\u0142a coraz g\u0142\u0119biej. Zatrzyma\u0142a si\u0119 na chwil\u0119, by otrze\u0107 pot z czo\u0142a, i wtedy zobaczy\u0142a, \u017ce co\u015b po\u0142yskuje. Pochyli\u0142a si\u0119. Znalaz\u0142a koron\u0119. Ucieszona wraca\u0142a jak na skrzyd\u0142ach. Wszyscy j\u0105 podziwiali. To przecie\u017c dzi\u0119ki jej odwadze kr\u00f3lowa mog\u0142a z powrotem rz\u0105dzi\u0107 mrowiskiem, mr\u00f3wki chodzi\u0107 do szko\u0142y, a robotnice pracowa\u0107. &#8211; Jeste\u015b niezwykle dzielna &#8211; powiedzia\u0142a kr\u00f3lowa, wr\u0119czaj\u0105c jej order odwagi. Gratulacjom, u\u015bciskom nie by\u0142o ko\u0144ca. A ci, kt\u00f3rzy kiedy\u015b si\u0119 z niej wy\u015bmiewali, teraz wstydzili si\u0119 tego okropnie. Bo nie jest wa\u017cne, czy si\u0119 jest du\u017cym, czy ma\u0142ym; czy nosi si\u0119 du\u017ce, czy ma\u0142e ci\u0119\u017cary. A co jest wa\u017cne?<\/p>\n<p>&nbsp;<\/p>\n<p>4. Przygotowanie wzoru. Dziecko ozdabia wz\u00f3r KDS &#8211; wz\u00f3r 15 r\u00f3\u017cnymi fakturami: plastelin\u0105, futerkiem, tektur\u0105, papierem \u015bciernym.<\/p>\n<p>5. Piosenka wielkanocna do pos\u0142uchania i \u015bpiewania.<\/p>\n<p><a href=\"https:\/\/www.youtube.com\/watch?v=B3AVIa8MJbQ\">https:\/\/www.youtube.com\/watch?v=B3AVIa8MJbQ<\/a><\/p>\n<p>Pozdrawiam. Bo\u017cena Tympalska<\/p>\n<p>&nbsp;<\/p>\n","protected":false},"excerpt":{"rendered":"<p>Temat: Grze\u015b polubi\u0142 wie\u015b. 1. ,, Kogo spotkali\u015bmy na wsi?&#8221; &#8211; rozpoznawanie zwierz\u0105t po odg\u0142osach. Odg\u0142osy i nazwy zwierz\u0105t gospodarskich 2. ,,Skacz\u0105ce k\u00f3zki&#8217;- \u0107wiczenie powi\u0119kszaj\u0105ce pojemno\u015b\u0107 p\u0142uc. Rozk\u0142adamy na stoliku obrazki przedstawiaj\u0105ce sylwety jakiego\u015b zwierz\u0105tka gospodarskiego( lub inne, jakie posiadacie w domu). Dziecko\u00a0 przystawia usta na wysoko\u015b\u0107 blatu. Dmucha na sylwety(wdech i wydech ustami). Stara [&hellip;]<\/p>\n","protected":false},"author":3,"featured_media":0,"parent":0,"menu_order":0,"comment_status":"closed","ping_status":"closed","template":"","meta":[],"_links":{"self":[{"href":"https:\/\/psgrabownica.brzozow.pl\/index.php?rest_route=\/wp\/v2\/pages\/14733"}],"collection":[{"href":"https:\/\/psgrabownica.brzozow.pl\/index.php?rest_route=\/wp\/v2\/pages"}],"about":[{"href":"https:\/\/psgrabownica.brzozow.pl\/index.php?rest_route=\/wp\/v2\/types\/page"}],"author":[{"embeddable":true,"href":"https:\/\/psgrabownica.brzozow.pl\/index.php?rest_route=\/wp\/v2\/users\/3"}],"replies":[{"embeddable":true,"href":"https:\/\/psgrabownica.brzozow.pl\/index.php?rest_route=%2Fwp%2Fv2%2Fcomments&post=14733"}],"version-history":[{"count":6,"href":"https:\/\/psgrabownica.brzozow.pl\/index.php?rest_route=\/wp\/v2\/pages\/14733\/revisions"}],"predecessor-version":[{"id":14814,"href":"https:\/\/psgrabownica.brzozow.pl\/index.php?rest_route=\/wp\/v2\/pages\/14733\/revisions\/14814"}],"wp:attachment":[{"href":"https:\/\/psgrabownica.brzozow.pl\/index.php?rest_route=%2Fwp%2Fv2%2Fmedia&parent=14733"}],"curies":[{"name":"wp","href":"https:\/\/api.w.org\/{rel}","templated":true}]}}