{"id":14661,"date":"2021-03-24T20:49:58","date_gmt":"2021-03-24T19:49:58","guid":{"rendered":"http:\/\/psgrabownica.brzozow.pl\/?page_id=14661"},"modified":"2021-03-24T20:49:58","modified_gmt":"2021-03-24T19:49:58","slug":"zle-zachowanie-8-kol-ratunkowych","status":"publish","type":"page","link":"https:\/\/psgrabownica.brzozow.pl\/?page_id=14661","title":{"rendered":"Z\u0142e zachowanie 8 k\u00f3\u0142 ratunkowych"},"content":{"rendered":"<p><a href=\"http:\/\/psgrabownica.brzozow.pl\/wp-content\/uploads\/2021\/03\/Z\u0142e-zachowanie.pdf\">Z\u0142e zachowanie<\/a><\/p>\n","protected":false},"excerpt":{"rendered":"<p>Z\u0142e zachowanie<\/p>\n","protected":false},"author":3,"featured_media":0,"parent":0,"menu_order":0,"comment_status":"closed","ping_status":"closed","template":"","meta":[],"_links":{"self":[{"href":"https:\/\/psgrabownica.brzozow.pl\/index.php?rest_route=\/wp\/v2\/pages\/14661"}],"collection":[{"href":"https:\/\/psgrabownica.brzozow.pl\/index.php?rest_route=\/wp\/v2\/pages"}],"about":[{"href":"https:\/\/psgrabownica.brzozow.pl\/index.php?rest_route=\/wp\/v2\/types\/page"}],"author":[{"embeddable":true,"href":"https:\/\/psgrabownica.brzozow.pl\/index.php?rest_route=\/wp\/v2\/users\/3"}],"replies":[{"embeddable":true,"href":"https:\/\/psgrabownica.brzozow.pl\/index.php?rest_route=%2Fwp%2Fv2%2Fcomments&post=14661"}],"version-history":[{"count":1,"href":"https:\/\/psgrabownica.brzozow.pl\/index.php?rest_route=\/wp\/v2\/pages\/14661\/revisions"}],"predecessor-version":[{"id":14662,"href":"https:\/\/psgrabownica.brzozow.pl\/index.php?rest_route=\/wp\/v2\/pages\/14661\/revisions\/14662"}],"wp:attachment":[{"href":"https:\/\/psgrabownica.brzozow.pl\/index.php?rest_route=%2Fwp%2Fv2%2Fmedia&parent=14661"}],"curies":[{"name":"wp","href":"https:\/\/api.w.org\/{rel}","templated":true}]}}