{"id":458,"date":"2015-04-13T16:14:58","date_gmt":"2015-04-13T14:14:58","guid":{"rendered":"http:\/\/psgrabownica.brzozow.pl\/?page_id=458"},"modified":"2015-04-13T22:43:02","modified_gmt":"2015-04-13T20:43:02","slug":"dojrzalosc-szkolna","status":"publish","type":"page","link":"http:\/\/psgrabownica.brzozow.pl\/?page_id=458","title":{"rendered":"Dojrza\u0142o\u015b\u0107 szkolna"},"content":{"rendered":"<p style=\"text-align: justify;\"><strong>Po czym pozna\u0107, \u017ce dziecko jest gotowe <\/strong><strong>do rozpocz\u0119cia nauki w klasie pierwszej?<\/strong><\/p>\n<p style=\"text-align: justify; padding-left: 30px;\">\u2022 Dzieci gotowe do podj\u0119cia nauki przede wszystkim chc\u0105 i\u015b\u0107 do szko\u0142y.<br \/>\n\u2022 S\u0105 zainteresowane szko\u0142\u0105 i tym, co wi\u0105\u017ce si\u0119 z pe\u0142nieniem roli ucznia, a sp\u0119dzanie czasu bez rodzic\u00f3w, w\u015br\u00f3d r\u00f3wie\u015bnik\u00f3w nie jest dla nich problemem.<br \/>\n\u2022 Potrafi\u0105 samodzielnie ubra\u0107 i rozebra\u0107 si\u0119, umy\u0107, zje\u015b\u0107 posi\u0142ek, a tak\u017ce skorzysta\u0107 z toalety.<br \/>\n\u2022 Pos\u0142uguj\u0105 si\u0119 mow\u0105 w spos\u00f3b zrozumia\u0142y dla otoczenia.<br \/>\n\u2022 Wypowiadaj\u0105 si\u0119 zdaniami, potrafi\u0105 poinformowa\u0107 o swoich potrzebach.<br \/>\n\u2022 Potrafi\u0105 te\u017c powiedzie\u0107, jak si\u0119 nazywaj\u0105, ile maj\u0105 lat i gdzie mieszkaj\u0105.<br \/>\n\u2022 Ch\u0119tnie bawi\u0105 si\u0119 z r\u00f3wie\u015bnikami w gry i zabawy dzieci\u0119ce, przestrzegaj\u0105c regu\u0142.<br \/>\n\u2022 Potrafi\u0105 skupi\u0107 si\u0119 na zadaniu i staraj\u0105 si\u0119 doprowadzi\u0107 je do ko\u0144ca.<br \/>\n\u2022 Poprawnie trzymaj\u0105 o\u0142\u00f3wek, pos\u0142uguj\u0105 si\u0119 no\u017cyczkami, lepi\u0105 z plasteliny i rysuj\u0105.<br \/>\n\u2022 Interesuj\u0105 si\u0119 czytaniem i pisaniem, s\u0142uchaj\u0105 bajek, wierszy, zapami\u0119tuj\u0105 elementy obrazk\u00f3w.<br \/>\n\u2022 Potrafi\u0105 pokaza\u0107 lew\u0105 i praw\u0105 stron\u0119.<br \/>\n\u2022 Licz\u0105: dodaj\u0105 i odejmuj\u0105 pomagaj\u0105c sobie rachowaniem na palcach lub przedmiotach (kasztany, guziki, patyczki).<br \/>\n\u2022 Znaj\u0105 ro\u015bliny i zwierz\u0119ta, \u017cyj\u0105ce na polu, w lesie, na \u0142\u0105ce.<br \/>\n\u2022 Wiedz\u0105, jakie zmiany zachodz\u0105 w \u017cyciu ro\u015blin i zwierz\u0105t w kolejnych porach roku.<br \/>\n\u2022 Potrafi\u0105 powiedzie\u0107, co trzeba zrobi\u0107, \u017ceby chroni\u0107 ro\u015bliny i zwierz\u0119ta.<br \/>\n\u2022 Dzieci \u015bpiewaj\u0105 piosenki, ta\u0144cz\u0105 i muzykuj\u0105.<br \/>\n\u2022 Rysuj\u0105, maluj\u0105, tworz\u0105 proste kompozycje i konstrukcje.<br \/>\n\u2022 Potrafi\u0105 odpowiednio zachowa\u0107 si\u0119 w kinie, na koncercie, wystawie.<br \/>\n\u2022 Buduj\u0105 z klock\u00f3w.<br \/>\n\u2022 Majsterkuj\u0105 z pomoc\u0105 prostych narz\u0119dzi. Interesuj\u0105 si\u0119 urz\u0105dzeniami technicznymi.<br \/>\n\u2022 Rozpoznaj\u0105 i nazywaj\u0105 zjawiska atmosferyczne charakterystyczne dla poszczeg\u00f3lnych p\u00f3r roku.<\/p>\n<p style=\"text-align: justify;\"><strong>Bardzo wa\u017cna jest motywacja i zainteresowanie dziecka nauk\u0105 oraz sam\u0105 szko\u0142\u0105.<\/strong><br \/>\n<strong> Na co warto zwr\u00f3ci\u0107 uwag\u0119:<\/strong><\/p>\n<p style=\"text-align: justify; padding-left: 30px;\">\n&#8211; jak ch\u0119tnie dziecko uczy si\u0119 nowych umiej\u0119tno\u015bci i zdobywa now\u0105 wiedz\u0119;<br \/>\n&#8211; czy dziecko jest wytrwa\u0142e, obowi\u0105zkowe, systematyczne;<br \/>\n&#8211; jak dziecko wykonuje r\u00f3\u017cne zadania mimo przeszk\u00f3d, jakie pojawiaj\u0105 si\u0119;<br \/>\n&#8211; czy dziecko dobrowolnie podporz\u0105dkowuje si\u0119 poleceniom doros\u0142ych; czy nie musisz zazwyczaj w takich sytuacjach ucieka\u0107 si\u0119 do gr\u00f3\u017ab czy kar;<br \/>\n&#8211; czy dziecko cierpliwie i wytrwale radzi sobie z trudno\u015bciami;<br \/>\n&#8211; jakie opinie wyg\u0142asza na temat szko\u0142y.<\/p>\n<p style=\"text-align: justify;\">\nWi\u0119kszo\u015b\u0107 dzieci bardzo chce i\u015b\u0107 do szko\u0142y. Nie mo\u017ce doczeka\u0107 si\u0119 dnia, gdy stanie si\u0119 prawdziwym uczniem. M\u00f3w dobrze o szkole, nauczycielach, kolegach dziecka. Nawet je\u017celi masz jakie\u015b negatywne uwagi, to nie wyra\u017caj ich przy dziecku. Nie strasz dziecka szko\u0142\u0105. Nie m\u00f3w, \u017ce czeka je tam ci\u0119\u017cka praca, obowi\u0105zki, \u017ce sko\u0144czy si\u0119 zabawa i dobre czasy. Takie opinie nie budz\u0105 u dziecka ch\u0119ci poznania szko\u0142y. Nie okazuj dziecku swojego l\u0119ku przed rozpocz\u0119ciem przez nie nauki, przed zmian\u0105 sytuacji w domu, nowymi obowi\u0105zkami. Dziecko przejmuje od Ciebie niepok\u00f3j. Boi si\u0119, samo za bardzo nie wiedz\u0105c czego. Dlatego nie rozmawiaj przy dziecku o k\u0142opotach zwi\u0105zanych z jego p\u00f3j\u015bciem do szko\u0142y, o wydatkach z tym zwi\u0105zanych. Przed p\u00f3j\u015bciem do szko\u0142y razem z dzieckiem skompletujcie potrzebne pomoce. Pozw\u00f3l mu wybra\u0107 pi\u00f3rnik, tornister, kredki. Obejrzyjcie razem podr\u0119czniki. Przygotujcie razem miejsce pracy dla dziecka w domu. Zadbaj o odpowiednie biurko, krzes\u0142o, o\u015bwietlenie, miejsce na ksi\u0105\u017cki i pomoce. Pami\u0119taj, \u017ce musi to by\u0107 miejsce, w kt\u00f3rym b\u0119dzie cisza, \u0142ad, dobre o\u015bwietlenie. Ucz dziecko dbania o to miejsce. Przy urz\u0105dzaniu we\u017a pod uwag\u0119 preferencje dziecka, na przyk\u0142ad co do koloru mebli. Nie chowaj zabawek, bo dziecko idzie do szko\u0142y i ma by\u0107 ju\u017c \u201edoros\u0142e\u201d. Dziecko nadal pozostaje dzieckiem. Dziecko nie powinno po raz pierwszy przekroczy\u0107 progu swojej szko\u0142y dopiero 1 wrze\u015bnia. Warto uda\u0107 si\u0119 z wizyt\u0105 do szko\u0142y wcze\u015bniej. Tak, aby oswoi\u0107 si\u0119 z nowym miejscem. Zapytaj w szkole, czy nie s\u0105 organizowane dni otwarte. Je\u017celi tak, koniecznie we\u017acie w nich udzia\u0142. Baw si\u0119 z dzieckiem w szko\u0142\u0119. Szczeg\u00f3lnie w wakacje poprzedzaj\u0105ce p\u00f3j\u015bcie dziecka do szko\u0142y. W takich zabawach dziecko powinno by\u0107 nauczycielem, a Ty uczniem. Dowiesz si\u0119 wtedy, jak dziecko wyobra\u017ca sobie nauczyciela i jego prac\u0119 z dzie\u0107mi.<\/p>\n<p style=\"text-align: justify;\">Zamiast drogich i skomplikowanych zabawek, daj dziecku zwyk\u0142e klocki, pude\u0142ka, koraliki do nawlekania na sznurek, kartki, z kt\u00f3rych mo\u017cna robi\u0107 kulki i rzuca\u0107 do celu, kr\u0119gle, pi\u0142ki. Tego typu, proste i dobrze znane doros\u0142ym zabawy, \u015bwietnie rozwijaj\u0105 zar\u00f3wno du\u017c\u0105, jak i ma\u0142\u0105 motoryk\u0119. Nie wyr\u0119czaj dziecka i nie u\u0142atwiaj mu wykonywania precyzyjnych czynno\u015bci. Nie zamieniaj but\u00f3w ze sznurowad\u0142ami na buty na rzepy. Sznurowanie jest trudne, ale \u015bwietnie rozwija sprawno\u015b\u0107 manualn\u0105. Podobnie ubrania z guzikami s\u0105 lepsze od tych wci\u0105ganych przez g\u0142ow\u0119. Do rozwijania sprawno\u015bci fizycznej \u015bwietnie nadaj\u0105 si\u0119 czynno\u015bci wykonywane w domu, na przyk\u0142ad zmywanie naczy\u0144, zamiatanie, \u015bcieranie kurzy, nakrywanie do sto\u0142u. Opr\u00f3cz waloru wychowawczego, maj\u0105 zalety zwi\u0105zane z rozwojem ruchowym. Wsp\u00f3lne gotowanie to tak\u017ce \u015bwietne \u0107wiczenie ruchowe. Szczeg\u00f3lnie, gdy trzeba co\u015b wymiesza\u0107, zagnie\u015b\u0107, uformowa\u0107 z ciasta placki, podzieli\u0107 ciasto na mniejsze cz\u0119\u015bci itp. Proponuj dziecku zabawy konstrukcyjne, w kt\u00f3rych trzeba co\u015b ustawi\u0107, po\u0142\u0105czy\u0107, sklei\u0107, wyci\u0105\u0107, z\u0142o\u017cy\u0107. Warto si\u0119gn\u0105\u0107 do pomys\u0142\u00f3w origami, czy majsterkowania. Dziecko mo\u017ce pomaga\u0107 w przygotowaniu karmnika, w zbiciu skrzynki na kwiaty czy w pracach ogrodowych. R\u00f3\u017cne \u015bwi\u0119ta s\u0105 doskona\u0142\u0105 okazj\u0105 do \u201eprac r\u0119cznych\u201d sklejania \u0142a\u0144cuch\u00f3w, dekorowania jajek, przygotowywania bukiet\u00f3w.<\/p>\n","protected":false},"excerpt":{"rendered":"<p>Po czym pozna\u0107, \u017ce dziecko jest gotowe do rozpocz\u0119cia nauki w klasie pierwszej? \u2022 Dzieci gotowe do podj\u0119cia nauki przede wszystkim chc\u0105 i\u015b\u0107 do szko\u0142y. \u2022 S\u0105 zainteresowane szko\u0142\u0105 i tym, co wi\u0105\u017ce si\u0119 z pe\u0142nieniem roli ucznia, a sp\u0119dzanie czasu bez rodzic\u00f3w, w\u015br\u00f3d r\u00f3wie\u015bnik\u00f3w nie jest dla nich problemem. \u2022 Potrafi\u0105 samodzielnie ubra\u0107 i [&hellip;]<\/p>\n","protected":false},"author":3,"featured_media":0,"parent":0,"menu_order":0,"comment_status":"closed","ping_status":"closed","template":"","meta":[],"_links":{"self":[{"href":"http:\/\/psgrabownica.brzozow.pl\/index.php?rest_route=\/wp\/v2\/pages\/458"}],"collection":[{"href":"http:\/\/psgrabownica.brzozow.pl\/index.php?rest_route=\/wp\/v2\/pages"}],"about":[{"href":"http:\/\/psgrabownica.brzozow.pl\/index.php?rest_route=\/wp\/v2\/types\/page"}],"author":[{"embeddable":true,"href":"http:\/\/psgrabownica.brzozow.pl\/index.php?rest_route=\/wp\/v2\/users\/3"}],"replies":[{"embeddable":true,"href":"http:\/\/psgrabownica.brzozow.pl\/index.php?rest_route=%2Fwp%2Fv2%2Fcomments&post=458"}],"version-history":[{"count":3,"href":"http:\/\/psgrabownica.brzozow.pl\/index.php?rest_route=\/wp\/v2\/pages\/458\/revisions"}],"predecessor-version":[{"id":488,"href":"http:\/\/psgrabownica.brzozow.pl\/index.php?rest_route=\/wp\/v2\/pages\/458\/revisions\/488"}],"wp:attachment":[{"href":"http:\/\/psgrabownica.brzozow.pl\/index.php?rest_route=%2Fwp%2Fv2%2Fmedia&parent=458"}],"curies":[{"name":"wp","href":"https:\/\/api.w.org\/{rel}","templated":true}]}}