{"id":215,"date":"2015-02-23T20:32:43","date_gmt":"2015-02-23T19:32:43","guid":{"rendered":"http:\/\/psgrabownica.brzozow.pl\/?page_id=215"},"modified":"2015-02-23T20:32:43","modified_gmt":"2015-02-23T19:32:43","slug":"zabawy-trzylatka-w-co-sie-bawic-z-trzylatkiem","status":"publish","type":"page","link":"http:\/\/psgrabownica.brzozow.pl\/?page_id=215","title":{"rendered":"Zabawy trzylatka. W co si\u0119 bawi\u0107 z trzylatkiem?"},"content":{"rendered":"<p style=\"text-align: justify;\">\u201eMoje dziecko nie bawi si\u0119 z innymi dzie\u0107mi\u201d martwi si\u0119 rodzic trzylatka. Gdy dziecko idzie do przedszkola, ta sprawa jeszcze bardziej niepokoi. A nie powinna! Dziecko trzyletnie bardzo chce si\u0119 bawi\u0107 z innymi dzie\u0107mi. Interesuje si\u0119, co robi\u0105 inni, podchodzi, obserwuje. Ale w tym wieku dzieci nie potrafi\u0105 jeszcze wsp\u00f3\u0142pracowa\u0107. M\u00f3wi si\u0119, \u017ce trzylatek bawi si\u0119 sam, obok innego malucha lub w to samo co kolega czy kole\u017canka. I to jest normalne.Czasami dzieci (szczeg\u00f3lnie, gdy wcze\u015bniej rzadko przebywa\u0142y w wi\u0119kszych skupiskach) potrzebuj\u0105 oswojenia si\u0119 z obecno\u015bci\u0105 tylu innych os\u00f3b. I z tym, \u017ce w t\u0142oku kto\u015b kogo\u015b dotyka, potr\u0105ca, zagradza drog\u0119. Warto uczy\u0107 te\u017c malucha, \u017ce po zabawie trzeba posprz\u0105ta\u0107 zabawki. Gdy b\u0119dziemy konsekwentnie trzyma\u0107 si\u0119 tej regu\u0142y, dziecko b\u0119dzie naturalnie j\u0105 uznawa\u0142o. Oczywi\u015bcie to bardzo trudne, \u017ceby samemu pozbiera\u0107 porozrzucane po ca\u0142ym pokoju klocki. Ilo\u015b\u0107 pracy mo\u017ce zniech\u0119ci\u0107 najwytrwalszego przedszkolaka. Dlatego powiedzenie \u201epomog\u0119 ci zebra\u0107 zabawki\u201d lub \u201ezacznij zbiera\u0107 do pud\u0142a z tej strony, a ja b\u0119d\u0119 zbiera\u0107 z drugiej i spotkamy si\u0119 na \u015brodku\u201d mo\u017ce zach\u0119ci\u0107 do porz\u0105dk\u00f3w. Doros\u0142y wtedy nie wyr\u0119cza dziecka, ale mu pomaga.Bawi\u0105c si\u0119 z dzieckiem doros\u0142y ma niepowtarzaln\u0105 okazj\u0119 pozna\u0107 jego \u015bwiat, to co lubi, ale tak\u017ce dowiedzie\u0107 si\u0119, czym maluszek si\u0119 martwi w domu i przedszkolu.<\/p>\n<p style=\"text-align: justify;\"><strong>Wsp\u00f3\u0142praca z nauczycielk\u0105.<\/strong><\/p>\n<p style=\"text-align: justify;\">Mo\u017ce si\u0119 okaza\u0107, \u017ce zasady przedszkolne odbiegaj\u0105 od domowych \u2013 po domu wolno biega\u0107, w przedszkolu nie; mama pyta malca, co by zjad\u0142 na obiad, a w przedszkolu obowi\u0105zuje jedno menu. Wreszcie \u2013 i to najbardziej dotyka rodzic\u00f3w \u2013 mo\u017ce si\u0119 okaza\u0107, \u017ce rodzice i nauczyciele prezentuj\u0105 odmienne podej\u015bcie do wychowania. O tym trzeba rozmawia\u0107! Mo\u017ce nie wszystko uda si\u0119 uwsp\u00f3lni\u0107, ale nazwanie tych r\u00f3\u017cnic i wzajemnych oczekiwa\u0144 du\u017co daje.<\/p>\n<p style=\"text-align: justify;\"><strong>Zmiany w \u017cyciu malucha \u2013 w rodzinnym kr\u0119gu<\/strong>.<\/p>\n<p style=\"text-align: justify;\">P\u00f3j\u015bcie do przedszkola to cz\u0119sto pierwsza powa\u017cna zmiana w \u017cyciu dziecka. Oswajanie si\u0119 z ni\u0105 zajmuje sporo czasu i kosztuje mn\u00f3stwo energii. Jednak je\u015bli si\u0119 uda, maluch zyskuje pot\u0119\u017cny kapita\u0142 \u2013 umiej\u0119tno\u015bci adaptacyjne, kt\u00f3re b\u0119dzie wykorzystywa\u0142 jeszcze wielokrotnie w swoim \u017cyciu.<\/p>\n","protected":false},"excerpt":{"rendered":"<p>\u201eMoje dziecko nie bawi si\u0119 z innymi dzie\u0107mi\u201d martwi si\u0119 rodzic trzylatka. Gdy dziecko idzie do przedszkola, ta sprawa jeszcze bardziej niepokoi. A nie powinna! Dziecko trzyletnie bardzo chce si\u0119 bawi\u0107 z innymi dzie\u0107mi. Interesuje si\u0119, co robi\u0105 inni, podchodzi, obserwuje. Ale w tym wieku dzieci nie potrafi\u0105 jeszcze wsp\u00f3\u0142pracowa\u0107. M\u00f3wi si\u0119, \u017ce trzylatek bawi [&hellip;]<\/p>\n","protected":false},"author":3,"featured_media":0,"parent":0,"menu_order":0,"comment_status":"closed","ping_status":"closed","template":"","meta":[],"_links":{"self":[{"href":"http:\/\/psgrabownica.brzozow.pl\/index.php?rest_route=\/wp\/v2\/pages\/215"}],"collection":[{"href":"http:\/\/psgrabownica.brzozow.pl\/index.php?rest_route=\/wp\/v2\/pages"}],"about":[{"href":"http:\/\/psgrabownica.brzozow.pl\/index.php?rest_route=\/wp\/v2\/types\/page"}],"author":[{"embeddable":true,"href":"http:\/\/psgrabownica.brzozow.pl\/index.php?rest_route=\/wp\/v2\/users\/3"}],"replies":[{"embeddable":true,"href":"http:\/\/psgrabownica.brzozow.pl\/index.php?rest_route=%2Fwp%2Fv2%2Fcomments&post=215"}],"version-history":[{"count":1,"href":"http:\/\/psgrabownica.brzozow.pl\/index.php?rest_route=\/wp\/v2\/pages\/215\/revisions"}],"predecessor-version":[{"id":216,"href":"http:\/\/psgrabownica.brzozow.pl\/index.php?rest_route=\/wp\/v2\/pages\/215\/revisions\/216"}],"wp:attachment":[{"href":"http:\/\/psgrabownica.brzozow.pl\/index.php?rest_route=%2Fwp%2Fv2%2Fmedia&parent=215"}],"curies":[{"name":"wp","href":"https:\/\/api.w.org\/{rel}","templated":true}]}}