{"id":213,"date":"2015-02-23T20:25:34","date_gmt":"2015-02-23T19:25:34","guid":{"rendered":"http:\/\/psgrabownica.brzozow.pl\/?page_id=213"},"modified":"2015-02-23T20:25:34","modified_gmt":"2015-02-23T19:25:34","slug":"trzylatek-w-toalecie","status":"publish","type":"page","link":"http:\/\/psgrabownica.brzozow.pl\/?page_id=213","title":{"rendered":"Trzylatek w toalecie"},"content":{"rendered":"<p style=\"text-align: justify;\">\u201eSamodzielne korzystanie z toalety\u201d znajduje si\u0119 zazwyczaj na szczycie listy wymaga\u0144 wobec debiutuj\u0105cego przedszkolaka.Przedszkolna adaptacja wi\u0105\u017ce si\u0119 z du\u017cym stresem zar\u00f3wno dla dziecka, jak i dla doros\u0142ych: nauczycieli, rodzic\u00f3w. Nic dziwnego, \u017ce maluch w tym czasie mo\u017ce odreagowywa\u0107 napi\u0119cie. Tak\u017ce poprzez kontrol\u0119 p\u0119cherza i jelit (lub jej brak). S\u0105 dzieci, kt\u00f3re przez ca\u0142y dzie\u0144 powstrzymuj\u0105 si\u0119 od p\u00f3j\u015bcia do toalety, s\u0105 takie, kt\u00f3re biegaj\u0105 tam co chwil\u0119. Cz\u0119\u015b\u0107 maluch\u00f3w, mimo \u017ce od jakiego\u015b czasu nie nosi pieluchy, zaczyna moczy\u0107 majteczki. Ma to miejsce szczeg\u00f3lnie, gdy dziecko nauczy\u0142o si\u0119 korzysta\u0107 z toalety niedawno. Umiej\u0119tno\u015b\u0107 nie jest jeszcze utrwalona, a w stresie maluch si\u0119ga do wcze\u015bniejszych sposob\u00f3w radzenia sobie z problemem. Poza tym zmoczenie majtek mo\u017ce dla dziecka wi\u0105za\u0107 si\u0119 z uzyskiwaniem opieki \u201ekto\u015b si\u0119 mn\u0105 zainteresuje, przebierze, porozmawia\u201d lub zwr\u00f3ceniem na siebie uwagi.Co ma wsp\u00f3lnego m\u00f3wienie z korzystaniem z toalety? Ot\u00f3\u017c bardzo wiele. W przedszkolu trzeba powiedzie\u0107 pani, \u017ce \u201eid\u0119 si\u0119 za\u0142atwi\u0107\u201d albo zapyta\u0107 \u201eczy mog\u0119?\u201d. Trzeba odezwa\u0107 si\u0119 przy wszystkich. Albo na oczach wszystkich przej\u015b\u0107 tras\u0119 do \u0142azienki. Dla bardziej nie\u015bmia\u0142ych i ucz\u0105cych si\u0119 dopiero m\u00f3wi\u0107 (zdaniami) dzieci okazuje si\u0119 to wyzwaniem. Dodatkowo w toalecie trzeba samemu zdj\u0105\u0107 spodenki i majteczki, u\u017cy\u0107 papieru toaletowego, spu\u015bci\u0107 wod\u0119. Je\u015bli w domu wyr\u0119czamy w tych czynno\u015bciach dziecko, b\u0119dzie ono oczekiwa\u0142o tego od pa\u0144 w przedszkolu. I mo\u017ce si\u0119 okaza\u0107, \u017ce opiekunki pomog\u0105 na pocz\u0105tku wrze\u015bnia, ale potem b\u0119d\u0105 wymaga\u0107 od dzieci, by poradzi\u0142y sobie same. Dlatego warto zach\u0119ca\u0107 w domu dzieci do samodzielnego m\u00f3wienia o swoich potrzebach, do zadawania pyta\u0144, proszenia o pomoc. Najlepiej zacz\u0105\u0107 od zaprzestania zgadywania za dziecko i wyr\u0119czania go w sytuacjach, w kt\u00f3rych mo\u017ce ju\u017c sobie samo poradzi\u0107. I pozwoli\u0107 mu po\u0107wiczy\u0107 nowe umiej\u0119tno\u015bci.<\/p>\n","protected":false},"excerpt":{"rendered":"<p>\u201eSamodzielne korzystanie z toalety\u201d znajduje si\u0119 zazwyczaj na szczycie listy wymaga\u0144 wobec debiutuj\u0105cego przedszkolaka.Przedszkolna adaptacja wi\u0105\u017ce si\u0119 z du\u017cym stresem zar\u00f3wno dla dziecka, jak i dla doros\u0142ych: nauczycieli, rodzic\u00f3w. Nic dziwnego, \u017ce maluch w tym czasie mo\u017ce odreagowywa\u0107 napi\u0119cie. Tak\u017ce poprzez kontrol\u0119 p\u0119cherza i jelit (lub jej brak). S\u0105 dzieci, kt\u00f3re przez ca\u0142y dzie\u0144 powstrzymuj\u0105 [&hellip;]<\/p>\n","protected":false},"author":3,"featured_media":0,"parent":0,"menu_order":0,"comment_status":"closed","ping_status":"closed","template":"","meta":[],"_links":{"self":[{"href":"http:\/\/psgrabownica.brzozow.pl\/index.php?rest_route=\/wp\/v2\/pages\/213"}],"collection":[{"href":"http:\/\/psgrabownica.brzozow.pl\/index.php?rest_route=\/wp\/v2\/pages"}],"about":[{"href":"http:\/\/psgrabownica.brzozow.pl\/index.php?rest_route=\/wp\/v2\/types\/page"}],"author":[{"embeddable":true,"href":"http:\/\/psgrabownica.brzozow.pl\/index.php?rest_route=\/wp\/v2\/users\/3"}],"replies":[{"embeddable":true,"href":"http:\/\/psgrabownica.brzozow.pl\/index.php?rest_route=%2Fwp%2Fv2%2Fcomments&post=213"}],"version-history":[{"count":1,"href":"http:\/\/psgrabownica.brzozow.pl\/index.php?rest_route=\/wp\/v2\/pages\/213\/revisions"}],"predecessor-version":[{"id":214,"href":"http:\/\/psgrabownica.brzozow.pl\/index.php?rest_route=\/wp\/v2\/pages\/213\/revisions\/214"}],"wp:attachment":[{"href":"http:\/\/psgrabownica.brzozow.pl\/index.php?rest_route=%2Fwp%2Fv2%2Fmedia&parent=213"}],"curies":[{"name":"wp","href":"https:\/\/api.w.org\/{rel}","templated":true}]}}