{"id":190,"date":"2015-03-02T15:20:50","date_gmt":"2015-03-02T14:20:50","guid":{"rendered":"http:\/\/psgrabownica.brzozow.pl\/?page_id=190"},"modified":"2021-01-27T22:59:02","modified_gmt":"2021-01-27T21:59:02","slug":"o-nas-2","status":"publish","type":"page","link":"http:\/\/psgrabownica.brzozow.pl\/?page_id=190","title":{"rendered":"O nas"},"content":{"rendered":"<p style=\"text-align: justify;\">\u00a0 \u00a0Przedszkole w Grabownicy wybudowano i oddano do u\u017cytku w 1951 r. dzi\u0119ki staraniom dyrekcji II Zespo\u0142u Kopalni\u00a0 \u201e Grabownica\u201d.\u00a0 Do przedszkola zak\u0142adowego w pierwszej kolejno\u015bci przyjmowano dzieci pracownik\u00f3w.\u00a0<span style=\"color: #000000;\">(R.Ostrowski \u201eGrabownica Starze\u0144ska \u2013 kartki z dziej\u00f3w wsi\u201d.)<\/span><\/p>\n<p style=\"text-align: justify;\">W roku 1971 Przedszkole Kopalniane zosta\u0142o przej\u0119te przez Wydzia\u0142 O\u015bwiaty.<\/p>\n<p style=\"text-align: justify;\">Obecnie Przedszkole Samorz\u0105dowe w Grabownicy Starze\u0144skiej stanowi podpiwniczony, pi\u0119trowy budynek murowany z balkonem i tarasem. Na parterze znajduje si\u0119 korytarz,2 szatnie, 2 sale zaj\u0119\u0107 , gabinet dyrektora, gabinet intendentki i logopedy, magazyn \u017cywieniowy, 1 \u0142azienka dla personelu oraz 2 dla dzieci. Na pi\u0119trze za\u015b mie\u015bci si\u0119 kuchnia, \u00a0jadalnia, sala zabaw oraz \u0142azienka dla dzieci.<\/p>\n<p style=\"text-align: justify;\">Otoczenie budynku przedszkola stanowi du\u017cy zielony ogr\u00f3d z placem zabaw dla dzieci, wyposa\u017conym w podstawowy sprz\u0119t ekologiczny.<\/p>\n<p style=\"text-align: justify;\"><a href=\"http:\/\/psgrabownica.brzozow.pl\/wp-content\/uploads\/2015\/03\/zd.-przedszkole.jpg\"><img loading=\"lazy\" class=\"aligncenter size-full wp-image-352\" src=\"http:\/\/psgrabownica.brzozow.pl\/wp-content\/uploads\/2015\/03\/zd.-przedszkole.jpg\" alt=\"zd. przedszkole\" width=\"384\" height=\"288\" srcset=\"http:\/\/psgrabownica.brzozow.pl\/wp-content\/uploads\/2015\/03\/zd.-przedszkole.jpg 384w, http:\/\/psgrabownica.brzozow.pl\/wp-content\/uploads\/2015\/03\/zd.-przedszkole-300x225.jpg 300w\" sizes=\"(max-width: 384px) 100vw, 384px\" \/><\/a><\/p>\n<p style=\"text-align: justify;\">Podczas wakacji w 2009 r. wymieniono okna i drzwi, docieplono budynek oraz odnowiono elewacj\u0119. Na placu zabaw zainstalowano zestaw &#8222;Cyprian&#8221; (mostek wisz\u0105cy, 2 zje\u017cd\u017calnie, \u00a0pomost z trapezem, wie\u017ca z daszkiem, drabinka pozioma) oraz trzy bujaczki.<\/p>\n<p style=\"text-align: justify;\">W latach 2010- 2012 wyremontowano \u0142azienki i szatni\u0119.<\/p>\n<p style=\"text-align: justify;\">W roku 2013 zmodernizowano kuchni\u0119 i przylegaj\u0105c\u0105 do niej sal\u0119 zabaw pe\u0142ni\u0105c\u0105 funkcj\u0119 jadalni.<\/p>\n<p style=\"text-align: justify;\">W latach 2015-2017 wyremontowano pomieszczenia na parterze ( 2 sale zabaw , pok\u00f3j dyrektora , magazyn \u017cywno\u015bci). W dalszej kolejno\u015bci planowana jest m . in. wymiana pokrycia dachu.<\/p>\n<p style=\"text-align: justify;\"><strong>Czas pracy przedszkola w ci\u0105gu dnia: od 6.30 do 16.00.<\/strong><\/p>\n<p style=\"text-align: justify;\">W bie\u017c\u0105cym roku szkolnym do przedszkola ucz\u0119szcza 61\u00a0 dzieci, kt\u00f3re zosta\u0142y podzielone na\u00a03 grupy wiekowe:<\/p>\n<p><span style=\"text-align: justify;\">\u00a0I.\u00a0 2,5 i\u00a0 3 &#8211; latki: <\/span><strong style=\"text-align: justify;\">\u201eZaj\u0105czki\u201d<\/strong><span style=\"text-align: justify;\"> \u2013 wych. Barbara Mroziak ,\u00a0 Agnieszka Burnat,\u00a0 Bo\u017cena Tympalska<br \/>\n<\/span><\/p>\n<p>&#8211; pomoc nauczyciela: Katarzyna Wania<\/p>\n<p>II.\u00a0 3 i 4 \u2013 latki: <strong>\u201ePromyczki\u201d<\/strong> \u2013 wych. Monika Szczepek, pozostali nauczyciele w grupie: Zofia Wojnowska<\/p>\n<p>-pomoc nauczyciela:\u00a0Anna Bednarczyk<\/p>\n<p>III. \u00a0\u00a05 \u2013 latki: <strong>\u201eSmerfy\u201d<\/strong> &#8211; wych. El\u017cbieta Piero\u017cak, pozostali nauczyciele w grupie: Zofia Wojnowska, Bo\u017cena Tympalska, Agnieszka Burnat<\/p>\n<p>-pomoc nauczyciela: Katarzyna Wania<\/p>\n<p>Zaj\u0119cia dodatkowe:<\/p>\n<ul>\n<li>j\u0119zyk angielski &#8211; Renata Ha\u0142ka<\/li>\n<li>religia &#8211; ks. Tomasz\u00a0Mozgowoj<\/li>\n<li>terapia logopedyczna- Agnieszka Le\u015bniak-St\u0119pie\u0144<\/li>\n<li>zaj\u0119cia taneczne- Podkarpackie Centrum Ta\u0144ca<\/li>\n<li>k\u00f3\u0142ko plastyczne- El\u017cbieta Piero\u017cak<\/li>\n<li>k\u00f3\u0142ko sportowe- Agnieszka Burnat<\/li>\n<li>k\u00f3\u0142ko informatyczne- Bo\u017cena Tympalska<\/li>\n<\/ul>\n<p>Pyszne posi\u0142ki na co dzie\u0144 przygotowuje nam wspania\u0142a kucharka Katarzyna S\u0105siadek oraz Anna Gratkowska, kt\u00f3ra pe\u0142ni funkcj\u0119 intendentki oraz pomocy kuchennej. Wszelkie usterki naprawia pan konserwator Stanis\u0142aw Pigo\u0144. Dba\u00a0 r\u00f3wnie\u017c\u00a0o porz\u0105dek na szatniach oraz w ogrodzie przedszkolnym.<\/p>\n","protected":false},"excerpt":{"rendered":"<p>\u00a0 \u00a0Przedszkole w Grabownicy wybudowano i oddano do u\u017cytku w 1951 r. dzi\u0119ki staraniom dyrekcji II Zespo\u0142u Kopalni\u00a0 \u201e Grabownica\u201d.\u00a0 Do przedszkola zak\u0142adowego w pierwszej kolejno\u015bci przyjmowano dzieci pracownik\u00f3w.\u00a0(R.Ostrowski \u201eGrabownica Starze\u0144ska \u2013 kartki z dziej\u00f3w wsi\u201d.) W roku 1971 Przedszkole Kopalniane zosta\u0142o przej\u0119te przez Wydzia\u0142 O\u015bwiaty. Obecnie Przedszkole Samorz\u0105dowe w Grabownicy Starze\u0144skiej stanowi podpiwniczony, pi\u0119trowy [&hellip;]<\/p>\n","protected":false},"author":3,"featured_media":0,"parent":0,"menu_order":0,"comment_status":"closed","ping_status":"closed","template":"","meta":[],"_links":{"self":[{"href":"http:\/\/psgrabownica.brzozow.pl\/index.php?rest_route=\/wp\/v2\/pages\/190"}],"collection":[{"href":"http:\/\/psgrabownica.brzozow.pl\/index.php?rest_route=\/wp\/v2\/pages"}],"about":[{"href":"http:\/\/psgrabownica.brzozow.pl\/index.php?rest_route=\/wp\/v2\/types\/page"}],"author":[{"embeddable":true,"href":"http:\/\/psgrabownica.brzozow.pl\/index.php?rest_route=\/wp\/v2\/users\/3"}],"replies":[{"embeddable":true,"href":"http:\/\/psgrabownica.brzozow.pl\/index.php?rest_route=%2Fwp%2Fv2%2Fcomments&post=190"}],"version-history":[{"count":22,"href":"http:\/\/psgrabownica.brzozow.pl\/index.php?rest_route=\/wp\/v2\/pages\/190\/revisions"}],"predecessor-version":[{"id":14535,"href":"http:\/\/psgrabownica.brzozow.pl\/index.php?rest_route=\/wp\/v2\/pages\/190\/revisions\/14535"}],"wp:attachment":[{"href":"http:\/\/psgrabownica.brzozow.pl\/index.php?rest_route=%2Fwp%2Fv2%2Fmedia&parent=190"}],"curies":[{"name":"wp","href":"https:\/\/api.w.org\/{rel}","templated":true}]}}