{"id":18045,"date":"2023-09-24T15:52:59","date_gmt":"2023-09-24T13:52:59","guid":{"rendered":"https:\/\/psgrabownica.brzozow.pl\/?page_id=18045"},"modified":"2023-12-08T11:54:59","modified_gmt":"2023-12-08T10:54:59","slug":"kalendarz-uroczystosci-2","status":"publish","type":"page","link":"http:\/\/psgrabownica.brzozow.pl\/?page_id=18045","title":{"rendered":"Kalendarz uroczysto\u015bci"},"content":{"rendered":"\t\t<div data-elementor-type=\"wp-page\" data-elementor-id=\"18045\" class=\"elementor elementor-18045\">\n\t\t\t\t\t\t\t\t\t<section class=\"elementor-section elementor-top-section elementor-element elementor-element-50b4dfe elementor-section-boxed elementor-section-height-default elementor-section-height-default\" data-id=\"50b4dfe\" data-element_type=\"section\">\n\t\t\t\t\t\t<div class=\"elementor-container elementor-column-gap-default\">\n\t\t\t\t\t<div class=\"elementor-column elementor-col-100 elementor-top-column elementor-element elementor-element-c9d7c81\" data-id=\"c9d7c81\" data-element_type=\"column\">\n\t\t\t<div class=\"elementor-widget-wrap elementor-element-populated\">\n\t\t\t\t\t\t\t\t<div class=\"elementor-element elementor-element-b318c65 elementor-widget elementor-widget-text-editor\" data-id=\"b318c65\" data-element_type=\"widget\" data-widget_type=\"text-editor.default\">\n\t\t\t\t<div class=\"elementor-widget-container\">\n\t\t\t<style>\/*! elementor - v3.6.2 - 04-04-2022 *\/\n.elementor-widget-text-editor.elementor-drop-cap-view-stacked .elementor-drop-cap{background-color:#818a91;color:#fff}.elementor-widget-text-editor.elementor-drop-cap-view-framed .elementor-drop-cap{color:#818a91;border:3px solid;background-color:transparent}.elementor-widget-text-editor:not(.elementor-drop-cap-view-default) .elementor-drop-cap{margin-top:8px}.elementor-widget-text-editor:not(.elementor-drop-cap-view-default) .elementor-drop-cap-letter{width:1em;height:1em}.elementor-widget-text-editor .elementor-drop-cap{float:left;text-align:center;line-height:1;font-size:50px}.elementor-widget-text-editor .elementor-drop-cap-letter{display:inline-block}<\/style>\t\t\t\t<p>1. dzie\u0144 Przedszkolaka &#8211; 20 wrze\u015bnia<\/p><p>2. Dzie\u0144 Edukacji Narodowej &#8211; 250 lat historii edukacji &#8211; 12 pa\u017adziernika<\/p><p>3. Przedszkolak &#8211; ma\u0142y obywatel &#8211; monta\u017c s\u0142owno &#8211; muzyczny z okazji 11 listopada<\/p><p>4. \u017b\u00f3\u0142ty tydzie\u0144 \u017cyczliwo\u015bci &#8211; 20-24 listopada<\/p><p>5. Dzie\u0144 Pluszowego Misia &#8211; 24 listopada<\/p><p>6. Andrzejki &#8211; 30 listopada<\/p><p>7. Dzie\u0144 \u015aw. Miko\u0142aja &#8211; 6 grudnia<\/p><p>8. Wigilia Przedszkolna &#8211; 22 grudnia<\/p><p>9. Dzie\u0144 Babci i Dziadka &#8211; stycze\u0144 2024<\/p><p>10. Szukamy dobra w sobie i w otoczeniu &#8211; powitanie wiosny<\/p><p>11. Wielkanoc &#8211; \u015bniadanie wielkanocne &#8211; 29 marca<\/p><p>12. Mi\u0119dzynarodowy Dzie\u0144 Dobrych Uczynk\u00f3w &#8211; 14 kwietnia<\/p><p>13. Dzie\u0144 Ziemi &#8211; 22 kwietnia<\/p><p>14. Piknik Rodzinny &#8211; 21 czerwca<\/p>\t\t\t\t\t\t<\/div>\n\t\t\t\t<\/div>\n\t\t\t\t\t<\/div>\n\t\t<\/div>\n\t\t\t\t\t\t\t<\/div>\n\t\t<\/section>\n\t\t\t\t\t\t\t<\/div>\n\t\t","protected":false},"excerpt":{"rendered":"<p>1. dzie\u0144 Przedszkolaka &#8211; 20 wrze\u015bnia 2. Dzie\u0144 Edukacji Narodowej &#8211; 250 lat historii edukacji &#8211; 12 pa\u017adziernika 3. Przedszkolak &#8211; ma\u0142y obywatel &#8211; monta\u017c s\u0142owno &#8211; muzyczny z okazji 11 listopada 4. \u017b\u00f3\u0142ty tydzie\u0144 \u017cyczliwo\u015bci &#8211; 20-24 listopada 5. Dzie\u0144 Pluszowego Misia &#8211; 24 listopada 6. Andrzejki &#8211; 30 listopada 7. Dzie\u0144 \u015aw. Miko\u0142aja [&hellip;]<\/p>\n","protected":false},"author":1,"featured_media":0,"parent":0,"menu_order":0,"comment_status":"closed","ping_status":"closed","template":"","meta":[],"_links":{"self":[{"href":"http:\/\/psgrabownica.brzozow.pl\/index.php?rest_route=\/wp\/v2\/pages\/18045"}],"collection":[{"href":"http:\/\/psgrabownica.brzozow.pl\/index.php?rest_route=\/wp\/v2\/pages"}],"about":[{"href":"http:\/\/psgrabownica.brzozow.pl\/index.php?rest_route=\/wp\/v2\/types\/page"}],"author":[{"embeddable":true,"href":"http:\/\/psgrabownica.brzozow.pl\/index.php?rest_route=\/wp\/v2\/users\/1"}],"replies":[{"embeddable":true,"href":"http:\/\/psgrabownica.brzozow.pl\/index.php?rest_route=%2Fwp%2Fv2%2Fcomments&post=18045"}],"version-history":[{"count":3,"href":"http:\/\/psgrabownica.brzozow.pl\/index.php?rest_route=\/wp\/v2\/pages\/18045\/revisions"}],"predecessor-version":[{"id":19433,"href":"http:\/\/psgrabownica.brzozow.pl\/index.php?rest_route=\/wp\/v2\/pages\/18045\/revisions\/19433"}],"wp:attachment":[{"href":"http:\/\/psgrabownica.brzozow.pl\/index.php?rest_route=%2Fwp%2Fv2%2Fmedia&parent=18045"}],"curies":[{"name":"wp","href":"https:\/\/api.w.org\/{rel}","templated":true}]}}