{"id":15619,"date":"2022-07-31T18:17:48","date_gmt":"2022-07-31T16:17:48","guid":{"rendered":"https:\/\/psgrabownica.brzozow.pl\/?page_id=15619"},"modified":"2023-12-10T14:39:09","modified_gmt":"2023-12-10T13:39:09","slug":"projekty-edukacyjne","status":"publish","type":"page","link":"http:\/\/psgrabownica.brzozow.pl\/?page_id=15619","title":{"rendered":"Projekty edukacyjne 2023\/24"},"content":{"rendered":"\t\t<div data-elementor-type=\"wp-page\" data-elementor-id=\"15619\" class=\"elementor elementor-15619\">\n\t\t\t\t\t\t\t\t\t<section class=\"elementor-section elementor-top-section elementor-element elementor-element-fd281f7 elementor-section-boxed elementor-section-height-default elementor-section-height-default\" data-id=\"fd281f7\" data-element_type=\"section\">\n\t\t\t\t\t\t<div class=\"elementor-container elementor-column-gap-default\">\n\t\t\t\t\t<div class=\"elementor-column elementor-col-100 elementor-top-column elementor-element elementor-element-ce551e5\" data-id=\"ce551e5\" data-element_type=\"column\">\n\t\t\t<div class=\"elementor-widget-wrap elementor-element-populated\">\n\t\t\t\t\t\t\t\t<div class=\"elementor-element elementor-element-11a3064 elementor-widget elementor-widget-text-editor\" data-id=\"11a3064\" data-element_type=\"widget\" data-widget_type=\"text-editor.default\">\n\t\t\t\t<div class=\"elementor-widget-container\">\n\t\t\t<style>\/*! elementor - v3.6.2 - 04-04-2022 *\/\n.elementor-widget-text-editor.elementor-drop-cap-view-stacked .elementor-drop-cap{background-color:#818a91;color:#fff}.elementor-widget-text-editor.elementor-drop-cap-view-framed .elementor-drop-cap{color:#818a91;border:3px solid;background-color:transparent}.elementor-widget-text-editor:not(.elementor-drop-cap-view-default) .elementor-drop-cap{margin-top:8px}.elementor-widget-text-editor:not(.elementor-drop-cap-view-default) .elementor-drop-cap-letter{width:1em;height:1em}.elementor-widget-text-editor .elementor-drop-cap{float:left;text-align:center;line-height:1;font-size:50px}.elementor-widget-text-editor .elementor-drop-cap-letter{display:inline-block}<\/style>\t\t\t\t<p>W roku szkolnym 2023\/24 przedszkole realizuje nast\u0119puj\u0105ce projekty edukacyjne:<\/p><p>1. ASY INTERNETU &#8211; mi\u0119dzynarodowy program edukacyjny Fundacji Szko\u0142a z Klas\u0105<\/p><p>2. Mamo, Tato wol\u0119 wod\u0119 &#8211; og\u00f3lnopolski program edukacyjny<\/p><p>3. Czyste powietrze &#8211; og\u00f3lnopolski program edukacyjny<\/p><p>4. BohaterOn &#8211; og\u00f3lnopolski program edukacyjny<\/p><p>5. Razem w klasie &#8211; mi\u0119dzynarodowy program edukacyjny Fundacji Szko\u0142a z Klas\u0105<\/p><p>6. Wielka Liga Czytelnik\u00f3w &#8211; og\u00f3lnopolski program edukacyjny<\/p><p>7. Poczytaj mi mamo, poczytaj mi tato &#8211; akcja edukacyjna zorganizowana przez przedszkole.<\/p>\t\t\t\t\t\t<\/div>\n\t\t\t\t<\/div>\n\t\t\t\t\t<\/div>\n\t\t<\/div>\n\t\t\t\t\t\t\t<\/div>\n\t\t<\/section>\n\t\t\t\t<section class=\"elementor-section elementor-top-section elementor-element elementor-element-a1ce08a elementor-section-boxed elementor-section-height-default elementor-section-height-default\" data-id=\"a1ce08a\" data-element_type=\"section\">\n\t\t\t\t\t\t<div class=\"elementor-container elementor-column-gap-default\">\n\t\t\t\t\t<div class=\"elementor-column elementor-col-100 elementor-top-column elementor-element elementor-element-8ca548d\" data-id=\"8ca548d\" data-element_type=\"column\">\n\t\t\t<div class=\"elementor-widget-wrap elementor-element-populated\">\n\t\t\t\t\t\t\t\t<div class=\"elementor-element elementor-element-a99c830 elementor-invisible elementor-widget elementor-widget-heading\" data-id=\"a99c830\" data-element_type=\"widget\" data-settings=\"{&quot;_animation&quot;:&quot;bounceInDown&quot;}\" data-widget_type=\"heading.default\">\n\t\t\t\t<div class=\"elementor-widget-container\">\n\t\t\t<style>\/*! elementor - v3.6.2 - 04-04-2022 *\/\n.elementor-heading-title{padding:0;margin:0;line-height:1}.elementor-widget-heading .elementor-heading-title[class*=elementor-size-]>a{color:inherit;font-size:inherit;line-height:inherit}.elementor-widget-heading .elementor-heading-title.elementor-size-small{font-size:15px}.elementor-widget-heading .elementor-heading-title.elementor-size-medium{font-size:19px}.elementor-widget-heading .elementor-heading-title.elementor-size-large{font-size:29px}.elementor-widget-heading .elementor-heading-title.elementor-size-xl{font-size:39px}.elementor-widget-heading .elementor-heading-title.elementor-size-xxl{font-size:59px}<\/style><h2 class=\"elementor-heading-title elementor-size-default\">Asy Internetu<\/h2>\t\t<\/div>\n\t\t\t\t<\/div>\n\t\t\t\t\t<\/div>\n\t\t<\/div>\n\t\t\t\t\t\t\t<\/div>\n\t\t<\/section>\n\t\t\t\t<section class=\"elementor-section elementor-top-section elementor-element elementor-element-4f12a37 elementor-section-boxed elementor-section-height-default elementor-section-height-default\" data-id=\"4f12a37\" data-element_type=\"section\">\n\t\t\t\t\t\t<div class=\"elementor-container elementor-column-gap-default\">\n\t\t\t\t\t<div class=\"elementor-column elementor-col-100 elementor-top-column elementor-element elementor-element-ad81ef0\" data-id=\"ad81ef0\" data-element_type=\"column\">\n\t\t\t<div class=\"elementor-widget-wrap elementor-element-populated\">\n\t\t\t\t\t\t\t\t<div class=\"elementor-element elementor-element-4e58723 elementor-widget elementor-widget-text-editor\" data-id=\"4e58723\" data-element_type=\"widget\" data-widget_type=\"text-editor.default\">\n\t\t\t\t<div class=\"elementor-widget-container\">\n\t\t\t\t\t\t\t<p><blockquote class=\"wp-embedded-content\" data-secret=\"S2XQNaqklO\"><a href=\"https:\/\/www.szkolazklasa.org.pl\/obszary\/asy-internetu\/\">Asy Internetu<\/a><\/blockquote><iframe class=\"wp-embedded-content\" sandbox=\"allow-scripts\" security=\"restricted\" style=\"position: absolute; clip: rect(1px, 1px, 1px, 1px);\" title=\"&#8222;Asy Internetu&#8221; &#8212; Fundacja Szko\u0142a z Klas\u0105\" src=\"https:\/\/www.szkolazklasa.org.pl\/obszary\/asy-internetu\/embed\/#?secret=fYiH30X6My#?secret=S2XQNaqklO\" data-secret=\"S2XQNaqklO\" width=\"560\" height=\"315\" frameborder=\"0\" marginwidth=\"0\" marginheight=\"0\" scrolling=\"no\"><\/iframe><\/p>\t\t\t\t\t\t<\/div>\n\t\t\t\t<\/div>\n\t\t\t\t\t<\/div>\n\t\t<\/div>\n\t\t\t\t\t\t\t<\/div>\n\t\t<\/section>\n\t\t\t\t<section class=\"elementor-section elementor-top-section elementor-element elementor-element-a59a239 elementor-section-boxed elementor-section-height-default elementor-section-height-default\" data-id=\"a59a239\" data-element_type=\"section\">\n\t\t\t\t\t\t<div class=\"elementor-container elementor-column-gap-default\">\n\t\t\t\t\t<div class=\"elementor-column elementor-col-100 elementor-top-column elementor-element elementor-element-566bd5d\" data-id=\"566bd5d\" data-element_type=\"column\">\n\t\t\t<div class=\"elementor-widget-wrap elementor-element-populated\">\n\t\t\t\t\t\t\t\t<div class=\"elementor-element elementor-element-457ff76 elementor-invisible elementor-widget elementor-widget-heading\" data-id=\"457ff76\" data-element_type=\"widget\" data-settings=\"{&quot;_animation&quot;:&quot;bounceInUp&quot;}\" data-widget_type=\"heading.default\">\n\t\t\t\t<div class=\"elementor-widget-container\">\n\t\t\t<h2 class=\"elementor-heading-title elementor-size-default\">Mamo, Tato wol\u0119 wod\u0119<\/h2>\t\t<\/div>\n\t\t\t\t<\/div>\n\t\t\t\t\t<\/div>\n\t\t<\/div>\n\t\t\t\t\t\t\t<\/div>\n\t\t<\/section>\n\t\t\t\t<section class=\"elementor-section elementor-top-section elementor-element elementor-element-c37699b elementor-section-boxed elementor-section-height-default elementor-section-height-default\" data-id=\"c37699b\" data-element_type=\"section\">\n\t\t\t\t\t\t<div class=\"elementor-container elementor-column-gap-default\">\n\t\t\t\t\t<div class=\"elementor-column elementor-col-100 elementor-top-column elementor-element elementor-element-46c6e74\" data-id=\"46c6e74\" data-element_type=\"column\">\n\t\t\t<div class=\"elementor-widget-wrap elementor-element-populated\">\n\t\t\t\t\t\t\t\t<div class=\"elementor-element elementor-element-6a9f7bd elementor-widget elementor-widget-text-editor\" data-id=\"6a9f7bd\" data-element_type=\"widget\" data-widget_type=\"text-editor.default\">\n\t\t\t\t<div class=\"elementor-widget-container\">\n\t\t\t\t\t\t\t<p><a href=\"https:\/\/wolewode.pl\/\">https:\/\/wolewode.pl\/<\/a><\/p>\t\t\t\t\t\t<\/div>\n\t\t\t\t<\/div>\n\t\t\t\t\t<\/div>\n\t\t<\/div>\n\t\t\t\t\t\t\t<\/div>\n\t\t<\/section>\n\t\t\t\t<section class=\"elementor-section elementor-top-section elementor-element elementor-element-50110c7 elementor-section-boxed elementor-section-height-default elementor-section-height-default\" data-id=\"50110c7\" data-element_type=\"section\">\n\t\t\t\t\t\t<div class=\"elementor-container elementor-column-gap-default\">\n\t\t\t\t\t<div class=\"elementor-column elementor-col-100 elementor-top-column elementor-element elementor-element-526eec5\" data-id=\"526eec5\" data-element_type=\"column\">\n\t\t\t<div class=\"elementor-widget-wrap elementor-element-populated\">\n\t\t\t\t\t\t\t\t<div class=\"elementor-element elementor-element-874a8b0 elementor-invisible elementor-widget elementor-widget-heading\" data-id=\"874a8b0\" data-element_type=\"widget\" data-settings=\"{&quot;_animation&quot;:&quot;slideInDown&quot;}\" data-widget_type=\"heading.default\">\n\t\t\t\t<div class=\"elementor-widget-container\">\n\t\t\t<h2 class=\"elementor-heading-title elementor-size-default\">Czyste powietrze<\/h2>\t\t<\/div>\n\t\t\t\t<\/div>\n\t\t\t\t\t<\/div>\n\t\t<\/div>\n\t\t\t\t\t\t\t<\/div>\n\t\t<\/section>\n\t\t\t\t<section class=\"elementor-section elementor-top-section elementor-element elementor-element-c6cc5c7 elementor-section-boxed elementor-section-height-default elementor-section-height-default\" data-id=\"c6cc5c7\" data-element_type=\"section\">\n\t\t\t\t\t\t<div class=\"elementor-container elementor-column-gap-default\">\n\t\t\t\t\t<div class=\"elementor-column elementor-col-100 elementor-top-column elementor-element elementor-element-c358b71\" data-id=\"c358b71\" data-element_type=\"column\">\n\t\t\t<div class=\"elementor-widget-wrap elementor-element-populated\">\n\t\t\t\t\t\t\t\t<div class=\"elementor-element elementor-element-a664df4 elementor-widget elementor-widget-text-editor\" data-id=\"a664df4\" data-element_type=\"widget\" data-widget_type=\"text-editor.default\">\n\t\t\t\t<div class=\"elementor-widget-container\">\n\t\t\t\t\t\t\t<p><a href=\"https:\/\/www.gov.pl\/web\/gis\/czyste-powietrze-wokol-nas--program-edukacyjny-dla-przedszkolakow\">https:\/\/www.gov.pl\/web\/gis\/czyste-powietrze-wokol-nas&#8211;program-edukacyjny-dla-przedszkolakow<\/a><\/p>\t\t\t\t\t\t<\/div>\n\t\t\t\t<\/div>\n\t\t\t\t\t<\/div>\n\t\t<\/div>\n\t\t\t\t\t\t\t<\/div>\n\t\t<\/section>\n\t\t\t\t<section class=\"elementor-section elementor-top-section elementor-element elementor-element-04fa5af elementor-section-boxed elementor-section-height-default elementor-section-height-default\" data-id=\"04fa5af\" data-element_type=\"section\">\n\t\t\t\t\t\t<div class=\"elementor-container elementor-column-gap-default\">\n\t\t\t\t\t<div class=\"elementor-column elementor-col-100 elementor-top-column elementor-element elementor-element-0cc1166\" data-id=\"0cc1166\" data-element_type=\"column\">\n\t\t\t<div class=\"elementor-widget-wrap elementor-element-populated\">\n\t\t\t\t\t\t\t\t<div class=\"elementor-element elementor-element-02d4721 elementor-invisible elementor-widget elementor-widget-heading\" data-id=\"02d4721\" data-element_type=\"widget\" data-settings=\"{&quot;_animation&quot;:&quot;fadeInRight&quot;}\" data-widget_type=\"heading.default\">\n\t\t\t\t<div class=\"elementor-widget-container\">\n\t\t\t<h2 class=\"elementor-heading-title elementor-size-default\"><span style=\"font-weight: normal;\">BohaterOn<\/span><\/h2>\t\t<\/div>\n\t\t\t\t<\/div>\n\t\t\t\t\t<\/div>\n\t\t<\/div>\n\t\t\t\t\t\t\t<\/div>\n\t\t<\/section>\n\t\t\t\t<section class=\"elementor-section elementor-top-section elementor-element elementor-element-5018f96 elementor-section-boxed elementor-section-height-default elementor-section-height-default\" data-id=\"5018f96\" data-element_type=\"section\">\n\t\t\t\t\t\t<div class=\"elementor-container elementor-column-gap-default\">\n\t\t\t\t\t<div class=\"elementor-column elementor-col-100 elementor-top-column elementor-element elementor-element-0f2e753\" data-id=\"0f2e753\" data-element_type=\"column\">\n\t\t\t<div class=\"elementor-widget-wrap elementor-element-populated\">\n\t\t\t\t\t\t\t\t<div class=\"elementor-element elementor-element-947b779 elementor-widget elementor-widget-text-editor\" data-id=\"947b779\" data-element_type=\"widget\" data-widget_type=\"text-editor.default\">\n\t\t\t\t<div class=\"elementor-widget-container\">\n\t\t\t\t\t\t\t<p><a href=\"https:\/\/bohateron.pl\/\">https:\/\/bohateron.pl\/<\/a><\/p>\t\t\t\t\t\t<\/div>\n\t\t\t\t<\/div>\n\t\t\t\t\t<\/div>\n\t\t<\/div>\n\t\t\t\t\t\t\t<\/div>\n\t\t<\/section>\n\t\t\t\t<section class=\"elementor-section elementor-top-section elementor-element elementor-element-193e6d1 elementor-section-boxed elementor-section-height-default elementor-section-height-default\" data-id=\"193e6d1\" data-element_type=\"section\">\n\t\t\t\t\t\t<div class=\"elementor-container elementor-column-gap-default\">\n\t\t\t\t\t<div class=\"elementor-column elementor-col-100 elementor-top-column elementor-element elementor-element-9b60a84\" data-id=\"9b60a84\" data-element_type=\"column\">\n\t\t\t<div class=\"elementor-widget-wrap elementor-element-populated\">\n\t\t\t\t\t\t\t\t<div class=\"elementor-element elementor-element-19a8073 elementor-invisible elementor-widget elementor-widget-heading\" data-id=\"19a8073\" data-element_type=\"widget\" data-settings=\"{&quot;_animation&quot;:&quot;fadeInLeft&quot;}\" data-widget_type=\"heading.default\">\n\t\t\t\t<div class=\"elementor-widget-container\">\n\t\t\t<h2 class=\"elementor-heading-title elementor-size-default\">Razem w Klasie<\/h2>\t\t<\/div>\n\t\t\t\t<\/div>\n\t\t\t\t\t<\/div>\n\t\t<\/div>\n\t\t\t\t\t\t\t<\/div>\n\t\t<\/section>\n\t\t\t\t<section class=\"elementor-section elementor-top-section elementor-element elementor-element-7ec938e elementor-section-boxed elementor-section-height-default elementor-section-height-default\" data-id=\"7ec938e\" data-element_type=\"section\">\n\t\t\t\t\t\t<div class=\"elementor-container elementor-column-gap-default\">\n\t\t\t\t\t<div class=\"elementor-column elementor-col-100 elementor-top-column elementor-element elementor-element-5c6b7f7\" data-id=\"5c6b7f7\" data-element_type=\"column\">\n\t\t\t<div class=\"elementor-widget-wrap elementor-element-populated\">\n\t\t\t\t\t\t\t\t<div class=\"elementor-element elementor-element-ff2475b elementor-widget elementor-widget-text-editor\" data-id=\"ff2475b\" data-element_type=\"widget\" data-widget_type=\"text-editor.default\">\n\t\t\t\t<div class=\"elementor-widget-container\">\n\t\t\t\t\t\t\t<p><blockquote class=\"wp-embedded-content\" data-secret=\"nR0FRLC15q\"><a href=\"https:\/\/www.szkolazklasa.org.pl\/obszary\/razem-w-klasie\/\">Razem w Klasie<\/a><\/blockquote><iframe class=\"wp-embedded-content\" sandbox=\"allow-scripts\" security=\"restricted\" style=\"position: absolute; clip: rect(1px, 1px, 1px, 1px);\" title=\"&#8222;Razem w Klasie&#8221; &#8212; Fundacja Szko\u0142a z Klas\u0105\" src=\"https:\/\/www.szkolazklasa.org.pl\/obszary\/razem-w-klasie\/embed\/#?secret=eblxo4MHEt#?secret=nR0FRLC15q\" data-secret=\"nR0FRLC15q\" width=\"560\" height=\"315\" frameborder=\"0\" marginwidth=\"0\" marginheight=\"0\" scrolling=\"no\"><\/iframe><\/p>\t\t\t\t\t\t<\/div>\n\t\t\t\t<\/div>\n\t\t\t\t\t<\/div>\n\t\t<\/div>\n\t\t\t\t\t\t\t<\/div>\n\t\t<\/section>\n\t\t\t\t<section class=\"elementor-section elementor-top-section elementor-element elementor-element-241cd7f elementor-section-boxed elementor-section-height-default elementor-section-height-default\" data-id=\"241cd7f\" data-element_type=\"section\">\n\t\t\t\t\t\t<div class=\"elementor-container elementor-column-gap-default\">\n\t\t\t\t\t<div class=\"elementor-column elementor-col-100 elementor-top-column elementor-element elementor-element-1dd38f4\" data-id=\"1dd38f4\" data-element_type=\"column\">\n\t\t\t<div class=\"elementor-widget-wrap elementor-element-populated\">\n\t\t\t\t\t\t\t\t<div class=\"elementor-element elementor-element-c3a03df elementor-invisible elementor-widget elementor-widget-heading\" data-id=\"c3a03df\" data-element_type=\"widget\" data-settings=\"{&quot;_animation&quot;:&quot;fadeInUp&quot;}\" data-widget_type=\"heading.default\">\n\t\t\t\t<div class=\"elementor-widget-container\">\n\t\t\t<h2 class=\"elementor-heading-title elementor-size-default\">Wielka Liga Czytelnik\u00f3w<\/h2>\t\t<\/div>\n\t\t\t\t<\/div>\n\t\t\t\t\t<\/div>\n\t\t<\/div>\n\t\t\t\t\t\t\t<\/div>\n\t\t<\/section>\n\t\t\t\t<section class=\"elementor-section elementor-top-section elementor-element elementor-element-df003fc elementor-section-boxed elementor-section-height-default elementor-section-height-default\" data-id=\"df003fc\" data-element_type=\"section\">\n\t\t\t\t\t\t<div class=\"elementor-container elementor-column-gap-default\">\n\t\t\t\t\t<div class=\"elementor-column elementor-col-100 elementor-top-column elementor-element elementor-element-039b71d\" data-id=\"039b71d\" data-element_type=\"column\">\n\t\t\t<div class=\"elementor-widget-wrap elementor-element-populated\">\n\t\t\t\t\t\t\t\t<div class=\"elementor-element elementor-element-faadc84 elementor-widget elementor-widget-text-editor\" data-id=\"faadc84\" data-element_type=\"widget\" data-widget_type=\"text-editor.default\">\n\t\t\t\t<div class=\"elementor-widget-container\">\n\t\t\t\t\t\t\t<p><a href=\"https:\/\/wielkaliga.pl\/\">https:\/\/wielkaliga.pl\/<\/a><\/p>\t\t\t\t\t\t<\/div>\n\t\t\t\t<\/div>\n\t\t\t\t\t<\/div>\n\t\t<\/div>\n\t\t\t\t\t\t\t<\/div>\n\t\t<\/section>\n\t\t\t\t\t\t\t<\/div>\n\t\t","protected":false},"excerpt":{"rendered":"<p>W roku szkolnym 2023\/24 przedszkole realizuje nast\u0119puj\u0105ce projekty edukacyjne: 1. ASY INTERNETU &#8211; mi\u0119dzynarodowy program edukacyjny Fundacji Szko\u0142a z Klas\u0105 2. Mamo, Tato wol\u0119 wod\u0119 &#8211; og\u00f3lnopolski program edukacyjny 3. Czyste powietrze &#8211; og\u00f3lnopolski program edukacyjny 4. BohaterOn &#8211; og\u00f3lnopolski program edukacyjny 5. Razem w klasie &#8211; mi\u0119dzynarodowy program edukacyjny Fundacji Szko\u0142a z Klas\u0105 6. [&hellip;]<\/p>\n","protected":false},"author":1,"featured_media":0,"parent":0,"menu_order":0,"comment_status":"closed","ping_status":"closed","template":"","meta":[],"_links":{"self":[{"href":"http:\/\/psgrabownica.brzozow.pl\/index.php?rest_route=\/wp\/v2\/pages\/15619"}],"collection":[{"href":"http:\/\/psgrabownica.brzozow.pl\/index.php?rest_route=\/wp\/v2\/pages"}],"about":[{"href":"http:\/\/psgrabownica.brzozow.pl\/index.php?rest_route=\/wp\/v2\/types\/page"}],"author":[{"embeddable":true,"href":"http:\/\/psgrabownica.brzozow.pl\/index.php?rest_route=\/wp\/v2\/users\/1"}],"replies":[{"embeddable":true,"href":"http:\/\/psgrabownica.brzozow.pl\/index.php?rest_route=%2Fwp%2Fv2%2Fcomments&post=15619"}],"version-history":[{"count":22,"href":"http:\/\/psgrabownica.brzozow.pl\/index.php?rest_route=\/wp\/v2\/pages\/15619\/revisions"}],"predecessor-version":[{"id":19522,"href":"http:\/\/psgrabownica.brzozow.pl\/index.php?rest_route=\/wp\/v2\/pages\/15619\/revisions\/19522"}],"wp:attachment":[{"href":"http:\/\/psgrabownica.brzozow.pl\/index.php?rest_route=%2Fwp%2Fv2%2Fmedia&parent=15619"}],"curies":[{"name":"wp","href":"https:\/\/api.w.org\/{rel}","templated":true}]}}