{"id":15087,"date":"2021-04-27T14:49:36","date_gmt":"2021-04-27T12:49:36","guid":{"rendered":"http:\/\/psgrabownica.brzozow.pl\/?page_id=15087"},"modified":"2021-04-27T14:49:36","modified_gmt":"2021-04-27T12:49:36","slug":"projekt-maly-patriota","status":"publish","type":"page","link":"http:\/\/psgrabownica.brzozow.pl\/?page_id=15087","title":{"rendered":"PROJEKT ,,MA\u0141Y PATRIOTA&#8221;"},"content":{"rendered":"<p>PROJEKT EDUKACYJNY \u201eMA\u0141Y PATRIOTA\u201d.<\/p>\n<p>Patriotyzm wyra\u017ca si\u0119 w przywi\u0105zaniu do swej Ojczyzny, do ziemi rodzinnej, do obyczaj\u00f3w\u00a0\u00a0\u00a0\u00a0\u00a0\u00a0 i kultury narodowej, w szacunku dla ludzi, kt\u00f3rzy j\u0105 tworzyli. Patriotyzm to troska o dobro swego kraju, sta\u0142e d\u0105\u017cenie do pomna\u017cania tego, co stworzy\u0142y poprzednie pokolenia, to gotowo\u015b\u0107 s\u0142u\u017cenia swej Ojczy\u017anie. Patriotyzmowi towarzyszy\u0107 musi poczucie godno\u015bci narodowej, a jednocze\u015bnie szacunek i przyja\u017a\u0144 dla innych narod\u00f3w. W procesie wychowawczo &#8211; dydaktycznym obejmuj\u0105cym ca\u0142o\u015b\u0107 wp\u0142yw\u00f3w i oddzia\u0142ywa\u0144 kszta\u0142tuj\u0105cych rozw\u00f3j dziecka oraz przygotowuj\u0105cych go do \u017cycia w spo\u0142ecze\u0144stwie, bardzo wa\u017cn\u0105 rol\u0119 odgrywa ta strona dzia\u0142alno\u015bci, kt\u00f3ra kszta\u0142tuje uczucia patriotyczne i przywi\u0105zanie do Ojczyzny. Dla ma\u0142ego dziecka poj\u0119cie \u201eOjczyzna\u201d jest wyrazem abstrakcyjnym, gdy\u017c nie rozumie ono do ko\u0144ca jego zakresu znaczeniowego. Aby w przysz\u0142o\u015bci dziecko rozumia\u0142o s\u0142owo: Polak \u2013 patriota \u2013 Polska \u2013 moja Ojczyzna, nale\u017cy \u201ema\u0142ymi kroczkami\u201d przybli\u017ca\u0107 mu obraz kraju, rozbudza\u0107, roznieca\u0107 t\u0119 iskierk\u0119 patriotyzmu prostymi sposobami\u00a0\u00a0\u00a0\u00a0\u00a0\u00a0\u00a0\u00a0\u00a0\u00a0\u00a0\u00a0\u00a0\u00a0\u00a0\u00a0 i metodami dost\u0119pnymi percepcji dziecka. Opieraj\u0105c si\u0119 na za\u0142o\u017ceniach wynikaj\u0105cych z podstawy programowej wychowania przedszkolnego okre\u015bli\u0142am dla projektu cele, zadania dla nauczyciela jak r\u00f3wnie\u017c umiej\u0119tno\u015bci i wiadomo\u015bci, kt\u00f3re powinny wykaza\u0107 dzieci po zako\u0144czeniu realizacji projektu. Projekt \u201eMa\u0142y patriota\u201d zak\u0142ada rozszerzenie tre\u015bci wynikaj\u0105cych z podstawy programowej dla dzieci. W oparciu o ten projekt dzieci zdob\u0119d\u0105 wiedz\u0119 dotycz\u0105c\u0105 w\u0142asnego kraju oraz poszerz\u0105 j\u0105 o nowe wiadomo\u015bci zwi\u0105zane z ich Ojczyzn\u0105.<\/p>\n<p>Projekt b\u0119dzie realizowany w grupie \u201ePromyczki\u201d 3-4 latk\u00f3w, w okresie od 26 &#8211; 30.04.2021r.<\/p>\n<p>Realizator: mgr Monika Szczepek<\/p>\n<p>G\u0142\u00f3wnym celem projektu jest:<\/p>\n<p>&#8211; kszta\u0142towanie przynale\u017cno\u015bci narodowej oraz postawy patriotycznej u dzieci;<\/p>\n<p>&#8211; poszerzenie wiedzy na temat w\u0142asnego kraju, regionu i miejscowo\u015bci;<\/p>\n<p>&#8211; wdra\u017canie do szanowania i rozumienia uczu\u0107 oraz emocji innych.<\/p>\n<p>Cele szczeg\u00f3\u0142owe projektu &#8211; dziecko:<\/p>\n<p>&#8211; wie, jakiej jest narodowo\u015bci, \u017ce mieszka w Polsce, a stolic\u0105 Polski jest Warszawa,<\/p>\n<p>&#8211; nazywa god\u0142o i flag\u0119 pa\u0144stwow\u0105, zna I zwrotk\u0119 polskiego hymnu,<\/p>\n<p>&#8211; zachowuje w\u0142a\u015bciw\u0105 postaw\u0119 podczas s\u0142uchania hymnu,<\/p>\n<p>&#8211; szanuje symbole narodowe,<\/p>\n<p>&#8211; potrafi wskaza\u0107 na mapie Polski &#8211; stolic\u0119 Warszaw\u0119, g\u0142\u00f3wn\u0105 rzek\u0119: Wis\u0142\u0119, g\u00f3ry: Tatry, Morze Ba\u0142tyckie,<\/p>\n<p>&#8211; zna nazw\u0119 miejscowo\u015bci, w kt\u00f3rej mieszka,<\/p>\n<p>&#8211; zna legendy zwi\u0105zane z miejscem zamieszkania oraz krajem,<\/p>\n<p>&#8211; uczestniczy w zabawach ruchowych, porusza si\u0119 w rytm muzyki ,<\/p>\n<p>&#8211; wykonuje wsp\u00f3lnie z innymi prac\u0119 plastyczn\u0105.<\/p>\n<p>Metody realizacji projektu:<\/p>\n<ul>\n<li>Podaj\u0105ca, werbalna &#8211; pogadanka, czytanie legend i wierszy, s\u0142uchanie piosenek<\/li>\n<li>Pogl\u0105dowa &#8211; pokaz, ekspozycja ilustracji, obserwacja w terenie;<\/li>\n<li>Praktyczna &#8211; prace plastyczne, spacer ;<\/li>\n<\/ul>\n<p>Formy realizacji projektu:<\/p>\n<ul>\n<li>Indywidualna;<\/li>\n<li>Zbiorowa;<\/li>\n<\/ul>\n<p>Zadania dla dzieci:<\/p>\n<p>-s\u0142uchanie opowiada\u0144, legend i wierszy<\/p>\n<p>-wykonywanie prac plastycznych i zada\u0144 manualnych<\/p>\n<p>-przygotowanie stroju w barwach narodowych<\/p>\n<p>-zapoznanie z map\u0105 Polski<\/p>\n<p>-nauka piosenki \u201eMa\u0142y Polak, przedszkolak\u201d, nauka I zwrotki hymnu Polski<\/p>\n<p>-nauka ta\u0144ca \u201epoleczka\u201d<\/p>\n<p>-wykonanie pracy wsp\u00f3lnie z rodzicem do konkursu \u201eMoja ma\u0142a ojczyzna\u201d<\/p>\n<p>-spacer po Grabownicy, obserwowanie wa\u017cnych obiekt\u00f3w miejscowo\u015bci<\/p>\n<p>-udzia\u0142 w quizie \u201eKocham ci\u0119 Polsko\u201d<\/p>\n<p>-nauka wiersza \u201eKatechizm polskiego dziecka\u201d<\/p>\n<p>Zadania dla nauczyciela:<\/p>\n<p>&#8211; tworzenie sytuacji wyzwalaj\u0105cych emocjonalny zwi\u0105zek z krajem ojczystym;<\/p>\n<p>&#8211; zapoznanie wychowank\u00f3w z symbolami, wa\u017cnymi dla kraju (TIK);<\/p>\n<p>&#8211; przygotowanie przedszkolak\u00f3w do aktywnego i odpowiedzialnego uczestnictwa w \u017cyciu spo\u0142ecznym;<\/p>\n<p>-zapoznanie z wa\u017cnymi obiektami znajduj\u0105cymi si\u0119 w naszej miejscowo\u015bci.<\/p>\n<p>-przygotowanie dzieci do recytacji wiersza i \u015bpiewania piosenki i hymnu;<\/p>\n<p>-wykonanie i ekspozycja gazetki \u015bciennej \u201ePolskie symbole narodowe\u201d;<\/p>\n<p>-zorganizowanie k\u0105cika ksi\u0105\u017cek z legendami.<\/p>\n<p>Harmonogram Projektu \u00a0Edukacyjnego \u201eMA\u0141Y PATRIOTA&#8221;.<\/p>\n<table>\n<tbody>\n<tr>\n<td width=\"93\">Data<\/td>\n<td width=\"113\">&nbsp;<\/p>\n<p>Temat dnia<\/td>\n<td width=\"321\">Zadania do realizacji<\/td>\n<td width=\"87\">Uwagi<\/td>\n<\/tr>\n<tr>\n<td width=\"93\">Poniedzia\u0142ek,<\/p>\n<p>26.04.2021<\/td>\n<td width=\"113\">\u201ePolska &#8211; moja Ojczyzna\u201d<\/td>\n<td width=\"321\">1.Zapoznanie dzieci z histori\u0105 pa\u0144stwa i symbolami narodowymi: flaga, hymn, god\u0142o (TIK).<\/p>\n<p>2.Nauka hymnu Polski \u201eMazurka D\u0105browskiego\u201d \u2013 zwr\u00f3cenie uwagi w jakich sytuacjach s\u0142uchamy\u00a0\u00a0\u00a0\u00a0\u00a0\u00a0\u00a0\u00a0 i \u015bpiewamy hymn narodowy i jak\u0105 w\u00f3wczas przyjmujemy postaw\u0119.<\/p>\n<p>3. Zapoznanie z legend\u0105 \u201eO Lechu, Czechu\u00a0 i Rusie\u201d.<\/p>\n<p>4.Wykonanie flagi \u2013 praca plastyczna (\u0142\u0105czenie klejem bia\u0142ego i czerwonego paska papieru oraz szpadk\u0105 do szasz\u0142yk\u00f3w).<\/p>\n<p>5. Improwizacje taneczne z bia\u0142o czerwonymi wst\u0105\u017ckami do muzyki F. Chopina \u2013 wybitnego kompozytora (Preludium Des-dur \u201eDeszczowe\u201d).<\/p>\n<p>6.Og\u0142oszenie konkursu pt.\u201dMoja ma\u0142a ojczyzna\u201d<\/p>\n<p>(regulamin w za\u0142\u0105czniku).<\/td>\n<td width=\"87\">&nbsp;<\/td>\n<\/tr>\n<tr>\n<td width=\"93\">Wtorek,<\/p>\n<p>27.04.2021<\/td>\n<td width=\"113\">\u201eOd morza do Tatr\u201d<\/td>\n<td width=\"321\">1. Zapoznanie z map\u0105 Polski, wskazanie Morza Ba\u0142tyckiego, g\u00f3r Tatr, stolicy Warszawy, najwi\u0119kszej rzeki i wybranych miast.<\/p>\n<p>2. Ogl\u0105danie poczt\u00f3wek i ilustracji przedstawiaj\u0105cych wybrane miasta, zabytki oraz krajobrazy.<\/p>\n<p>3. Nauka piosenki \u201eMa\u0142y Polak przedszkolak\u201d.<\/p>\n<p>4. \u201eGod\u0142o Polski\u201d &#8211; praca plastyczna z wykorzystaniem bia\u0142ych pi\u00f3r.<\/p>\n<p>5. Zapoznanie z \u201eLegend\u0105 o Wi\u015ble\u201d<\/p>\n<ol start=\"6\">\n<li>\u201eP\u0142ynie Wis\u0142a p\u0142ynie\u201d \u2013 zabawa ruchowa przy piosence &#8211; \u0107wiczenia r\u00f3wnowagi.<\/li>\n<\/ol>\n<p>7.\u201dMoja ojczyzna\u201d \u2013 czytanie wiersza, rozmowa na temat us\u0142yszanego tekstu. Zwr\u00f3cenie uwagi na najwa\u017cniejsze miejsca w naszym kraju.<\/td>\n<td width=\"87\">&nbsp;<\/td>\n<\/tr>\n<tr>\n<td width=\"93\">\u015aroda,<\/p>\n<p>28.04.2021<\/td>\n<td width=\"113\">\u201ePodkarpacie\u2013 moja ma\u0142a ojczyzna\u201d<\/td>\n<td width=\"321\">1. Zaznaczenie po\u0142o\u017cenia Wojew\u00f3dztwa podkarpackiego na mapie.<\/p>\n<p>2. Zapoznanie z wygl\u0105dem stroju rzeszowskiego.<\/p>\n<p>3. Regionalne potrawy.<\/p>\n<p>4. Robimy \u201eproziaki \u201d \u2013 prace manualne z wykorzystaniem ciasta.<\/p>\n<p>5. S\u0142uchanie \u201eLegendy o Bagniskach\u201d w Brzozowie.<\/p>\n<p>6. Zabawy naszych bab\u0107: \u201eJawor\u201d, \u201eUlijanka\u201d, \u201eOjciec Wirgiliusz\u201d &#8211; zabawa w kole.<\/p>\n<p>7. Nauka ta\u0144ca regionalnego \u201epoleczka\u201d.<\/td>\n<td width=\"87\">&nbsp;<\/td>\n<\/tr>\n<tr>\n<td width=\"93\">Czwartek,<\/p>\n<p>29.04.2021<\/td>\n<td width=\"113\">\u201eMoja ma\u0142a miejscowo\u015b\u0107\u201d<\/td>\n<td width=\"321\">1. Spacer w okolice przedszkola z flagami w r\u0119ku (manifestowanie polsko\u015bci ) &#8211; zapoznanie dzieci z miejscowymi instytucjami u\u017cyteczno\u015bci publicznej: ko\u015bci\u00f3\u0142, dom stra\u017caka, biblioteka, o\u015brodek zdrowia, szko\u0142a\u00a0 podstawowa, zak\u0142ad fryzjerski, biuro so\u0142eckie, piekarnia, sklepy,\u00a0 itp.<\/p>\n<p>&nbsp;<\/p>\n<p>2. Wycieczka do biblioteki: spotkanie z bibliotekark\u0105 &#8211; wys\u0142uchanie historii powstania miejscowo\u015bci \u201eGrabownica Starze\u0144ska\u201d.<\/p>\n<p>3. Wykonanie pracy plastycznej \u201eM\u00f3j dom\u201d \u2013 malowanie farbami kartonowego modelu domu odpowiednim kolorem. Zorganizowanie wystawki prac w szatni przedszkolnej.<\/td>\n<td width=\"87\">&nbsp;<\/td>\n<\/tr>\n<tr>\n<td width=\"93\">Pi\u0105tek,<\/p>\n<p>30.04.2021<\/td>\n<td width=\"113\">\u201ePrzed\u00a0 majowymi \u015awi\u0119tami Narodowymi \u201d<\/p>\n<p>&nbsp;<\/p>\n<p>01.05 -\u015aWI\u0118TO RACY,<\/p>\n<p>02.05 &#8211; \u015aWI\u0118TO FLAGI, 03.05 &#8211; \u015aWI\u0118TO KONSTYTUCJI<\/td>\n<td width=\"321\">1. Przygotowanie deseru w barwach narodowych z wykorzystaniem bia\u0142ego sera i czerwonej galaretki.<\/p>\n<p>2. Zorganizowanie quizu \u201eKocham ci\u0119 Polsko\u201d \u2013 odpowiadanie na pytania dotycz\u0105ce wiadomo\u015bci zdobytych podczas ca\u0142ego tygodnia.<\/p>\n<p>3. Pokaz mody w barwach narodowych \u2013 autoprezentacja na czerwonym dywanie.<\/p>\n<p>4. Akademia patriotyczna w bia\u0142o czerwonych strojach \u2013 nagranie filmiku dla rodzic\u00f3w: \u015bpiewanie hymnu w postawie \u201ena baczno\u015b\u0107\u201d, recytacja wiersza \u201eKatechizm polskiego dziecka\u201d, \u201eMoja Ojczyzna\u201d, \u015bpiewanie piosenki \u201eMa\u0142y Polak \u2013 przedszkolak\u201d, ta\u0144czenie \u201epoleczki\u201d.<\/p>\n<p>5. Rozstrzygni\u0119cie konkursu \u2013 wr\u0119czenie dyplom\u00f3w i nagr\u00f3d rzeczowych.<\/p>\n<p>6. Podsumowanie projektu \u2013 prezentacja i wsp\u00f3lne omawianie dokumentacji fotograficznej przy<\/p>\n<p>s\u0142odkim pocz\u0119stunku \u2013 degustacja \u201eserniczka na zimno z galaretk\u0105 owocow\u0105\u201d (bia\u0142o czerwonego), serwowanego w przezroczystych pojemniczkach jednorazowych.<\/td>\n<td width=\"87\">&nbsp;<\/td>\n<\/tr>\n<\/tbody>\n<\/table>\n<p>&nbsp;<\/p>\n<p>&nbsp;<\/p>\n<p>Monika Szczepek<\/p>\n<p>&nbsp;<\/p>\n<p>Za\u0142\u0105cznik nr 1<\/p>\n<p>Przedszkolny konkurs plastyczny pt. \u201eMoja ma\u0142a Ojczyzna\u201d .<\/p>\n<p>Organizatorem konkursu \u201eMoja ma\u0142a Ojczyzna\u201d jest Przedszkole Samorz\u0105dowe w Grabownicy Starze\u0144skiej.<\/p>\n<p>Cele konkursu:<\/p>\n<ul>\n<li>kszta\u0142towanie to\u017csamo\u015bci i przynale\u017cno\u015bci narodowej<\/li>\n<li>promowanie postaw patriotycznych u dzieci w wieku przedszkolnym<\/li>\n<li>upowszechnianie dzieci\u0119cej tw\u00f3rczo\u015bci w \u015brodowisku spo\u0142ecznym<\/li>\n<li>uczczenie 100 &#8211; rocznicy odzyskania niepodleg\u0142o\u015bci<\/li>\n<li>rozwijanie kreatywno\u015bci i talent\u00f3w u dzieci poprzez tw\u00f3rczo\u015b\u0107 plastyczn\u0105<\/li>\n<\/ul>\n<p>Warunki uczestnictwa:<\/p>\n<p>1. Adresaci konkursu: dzieci w wieku 3-4 lat<\/p>\n<p>2. Do udzia\u0142u w konkursie zapraszamy dzieci wsp\u00f3lnie z rodzicami. Zach\u0119camy do plastycznego przedstawienia najbli\u017cszej okolicy, w kt\u00f3rej mieszkacie. Proponujemy dok\u0142adnie zastanowi\u0107 si\u0119\u00a0\u00a0\u00a0\u00a0\u00a0\u00a0\u00a0\u00a0\u00a0\u00a0\u00a0\u00a0 i rozejrze\u0107, kt\u00f3re miejsca w Waszej okolicy s\u0105 Wam najbardziej bliskie oraz jakie miejsca chcieliby\u015bcie pokaza\u0107 dzieciom z innych region\u00f3w Polski. Format i technika pracy dowolna.<\/p>\n<p>3. Do konkursu nale\u017cy zg\u0142asza\u0107 wy\u0142\u0105cznie prace indywidualne.<\/p>\n<p>4. Ka\u017cda praca powinna posiada\u0107 metryczk\u0119, zamieszczon\u0105 w prawym dolnym rogu: imi\u0119 i nazwisko dziecka oraz grup\u0119, do kt\u00f3rej ucz\u0119szcza.<\/p>\n<p>5. Zg\u0142oszenie pracy na konkurs jest r\u00f3wnoznaczne z wyra\u017ceniem zgody na publikacj\u0119 danych osobowych i przekazaniem praw autorskich do nich na rzecz organizatora oraz do prezentacji prac na wystawie w naszej plac\u00f3wce.<\/p>\n<p>6. Autorzy nagrodzonych prac otrzymaj\u0105 dyplomy i nagrody.<\/p>\n<p>7. Prace konkursowe b\u0119d\u0105 oceniane pod wzgl\u0119dem zgodno\u015bci z tematyk\u0105 konkursow\u0105, kreatywno\u015bci\u00a0\u00a0 i estetyki. Komisj\u0119 konkursow\u0105 powo\u0142uje organizator.<\/p>\n<p>8. Prace nale\u017cy dostarczy\u0107 do 29 kwietnia, do organizatora konkursu.<\/p>\n<p>9. Rozstrzygni\u0119cie konkursu nast\u0105pi dnia 30 kwietnia.<\/p>\n<p>10. Ilo\u015b\u0107 prac: ka\u017cdy uczestnik mo\u017ce z\u0142o\u017cy\u0107 tylko 1 prac\u0119.<\/p>\n<p>Dzi\u0119kujemy i zapraszamy do uczestnictwa w konkursie \ud83d\ude42<\/p>\n<p>Organizator konkursu: Monika Szczepek<\/p>\n<p>&nbsp;<\/p>\n","protected":false},"excerpt":{"rendered":"<p>PROJEKT EDUKACYJNY \u201eMA\u0141Y PATRIOTA\u201d. Patriotyzm wyra\u017ca si\u0119 w przywi\u0105zaniu do swej Ojczyzny, do ziemi rodzinnej, do obyczaj\u00f3w\u00a0\u00a0\u00a0\u00a0\u00a0\u00a0 i kultury narodowej, w szacunku dla ludzi, kt\u00f3rzy j\u0105 tworzyli. Patriotyzm to troska o dobro swego kraju, sta\u0142e d\u0105\u017cenie do pomna\u017cania tego, co stworzy\u0142y poprzednie pokolenia, to gotowo\u015b\u0107 s\u0142u\u017cenia swej Ojczy\u017anie. Patriotyzmowi towarzyszy\u0107 musi poczucie godno\u015bci narodowej, a [&hellip;]<\/p>\n","protected":false},"author":3,"featured_media":0,"parent":0,"menu_order":0,"comment_status":"closed","ping_status":"closed","template":"","meta":[],"_links":{"self":[{"href":"http:\/\/psgrabownica.brzozow.pl\/index.php?rest_route=\/wp\/v2\/pages\/15087"}],"collection":[{"href":"http:\/\/psgrabownica.brzozow.pl\/index.php?rest_route=\/wp\/v2\/pages"}],"about":[{"href":"http:\/\/psgrabownica.brzozow.pl\/index.php?rest_route=\/wp\/v2\/types\/page"}],"author":[{"embeddable":true,"href":"http:\/\/psgrabownica.brzozow.pl\/index.php?rest_route=\/wp\/v2\/users\/3"}],"replies":[{"embeddable":true,"href":"http:\/\/psgrabownica.brzozow.pl\/index.php?rest_route=%2Fwp%2Fv2%2Fcomments&post=15087"}],"version-history":[{"count":1,"href":"http:\/\/psgrabownica.brzozow.pl\/index.php?rest_route=\/wp\/v2\/pages\/15087\/revisions"}],"predecessor-version":[{"id":15088,"href":"http:\/\/psgrabownica.brzozow.pl\/index.php?rest_route=\/wp\/v2\/pages\/15087\/revisions\/15088"}],"wp:attachment":[{"href":"http:\/\/psgrabownica.brzozow.pl\/index.php?rest_route=%2Fwp%2Fv2%2Fmedia&parent=15087"}],"curies":[{"name":"wp","href":"https:\/\/api.w.org\/{rel}","templated":true}]}}