{"id":15020,"date":"2021-04-14T10:24:43","date_gmt":"2021-04-14T08:24:43","guid":{"rendered":"http:\/\/psgrabownica.brzozow.pl\/?page_id=15020"},"modified":"2021-04-14T10:24:43","modified_gmt":"2021-04-14T08:24:43","slug":"kolko-internetowe-smerfy-15-04-2021","status":"publish","type":"page","link":"http:\/\/psgrabownica.brzozow.pl\/?page_id=15020","title":{"rendered":"K\u00f3\u0142ko internetowe; Smerfy 15.04.2021"},"content":{"rendered":"<p>Temat: \u017byczliwo\u015b\u0107 jest fajna. Si\u0142a pozytywnego podej\u015bcia w sieci.<\/p>\n<p>1. Od bierno\u015bci do wspierania<\/p>\n<p>Cyfrowy \u015bwiat stwarza nowe wyzwania i mo\u017cliwo\u015bci interakcji, zar\u00f3wno dla dzieci jak i dla doros\u0142ych.<\/p>\n<p>Samo m\u00f3wienie dzieciom, \u017ce maj\u0105 w sieci by\u0107 mi\u0142e, nie wystarczy. Efektywna edukacja o bezpiecze\u0144stwie odnosi si\u0119 do przyczyn negatywnego zachowania. Prosz\u0119 zatem rodzic\u00f3w aby na pocz\u0105tek przeczytali dziecku kilka przydatnych wyraz\u00f3w i odczytanie ich obja\u015bnienia.<\/p>\n<p>S\u0142owniczek:<\/p>\n<p><strong>Anonimowy<\/strong> \u2013 osoba nienazwana lub nieznana<\/p>\n<p><strong>Blokowanie<\/strong> \u2013 spos\u00f3b na zako\u0144czenie wszelkiej internetowej interakcji z osob\u0105. Osoba zablokowana nie widzi Twojego profilu, nie mo\u017ce wys\u0142a\u0107 wiadomo\u015bci, zobaczy\u0107 Twoich post\u00f3w i tak dalej.<\/p>\n<p><strong>Cyberprzemoc<\/strong>\u00a0\u2013 przemoc r\u00f3wie\u015bnicza, kt\u00f3ra dzieje si\u0119 w sieci<\/p>\n<p><strong>Konflikt<\/strong> \u2013 sprzeczka lub nieporozumienie<\/p>\n<p><strong>Osoba reaguj\u0105ca<\/strong> \u2013 \u015bwiadek prze\u015bladowania lub przemocy, kt\u00f3ry prywatnie lub publicznie wspiera osob\u0119 doznaj\u0105c\u0105 krzywdy, czasami pr\u00f3buje zatrzyma\u0107 przemoc lub zg\u0142osi\u0107 wydarzenie, jakiego jest \u015bwiadkiem.<\/p>\n<p>2.\u00a0<a href=\"https:\/\/www.youtube.com\/watch?v=zIBUKHlxQMs\">,,By\u0107 bezpiecznym w internecie&#8221; &#8211; piosenka<\/a><\/p>\n<p>Pozdrawiam. Bo\u017cena Tympalska<\/p>\n<p>&nbsp;<\/p>\n<p>&nbsp;<\/p>\n","protected":false},"excerpt":{"rendered":"<p>Temat: \u017byczliwo\u015b\u0107 jest fajna. Si\u0142a pozytywnego podej\u015bcia w sieci. 1. Od bierno\u015bci do wspierania Cyfrowy \u015bwiat stwarza nowe wyzwania i mo\u017cliwo\u015bci interakcji, zar\u00f3wno dla dzieci jak i dla doros\u0142ych. Samo m\u00f3wienie dzieciom, \u017ce maj\u0105 w sieci by\u0107 mi\u0142e, nie wystarczy. Efektywna edukacja o bezpiecze\u0144stwie odnosi si\u0119 do przyczyn negatywnego zachowania. Prosz\u0119 zatem rodzic\u00f3w aby na [&hellip;]<\/p>\n","protected":false},"author":3,"featured_media":0,"parent":0,"menu_order":0,"comment_status":"closed","ping_status":"closed","template":"","meta":[],"_links":{"self":[{"href":"http:\/\/psgrabownica.brzozow.pl\/index.php?rest_route=\/wp\/v2\/pages\/15020"}],"collection":[{"href":"http:\/\/psgrabownica.brzozow.pl\/index.php?rest_route=\/wp\/v2\/pages"}],"about":[{"href":"http:\/\/psgrabownica.brzozow.pl\/index.php?rest_route=\/wp\/v2\/types\/page"}],"author":[{"embeddable":true,"href":"http:\/\/psgrabownica.brzozow.pl\/index.php?rest_route=\/wp\/v2\/users\/3"}],"replies":[{"embeddable":true,"href":"http:\/\/psgrabownica.brzozow.pl\/index.php?rest_route=%2Fwp%2Fv2%2Fcomments&post=15020"}],"version-history":[{"count":1,"href":"http:\/\/psgrabownica.brzozow.pl\/index.php?rest_route=\/wp\/v2\/pages\/15020\/revisions"}],"predecessor-version":[{"id":15021,"href":"http:\/\/psgrabownica.brzozow.pl\/index.php?rest_route=\/wp\/v2\/pages\/15020\/revisions\/15021"}],"wp:attachment":[{"href":"http:\/\/psgrabownica.brzozow.pl\/index.php?rest_route=%2Fwp%2Fv2%2Fmedia&parent=15020"}],"curies":[{"name":"wp","href":"https:\/\/api.w.org\/{rel}","templated":true}]}}