{"id":14978,"date":"2021-04-13T11:15:44","date_gmt":"2021-04-13T09:15:44","guid":{"rendered":"http:\/\/psgrabownica.brzozow.pl\/?page_id=14978"},"modified":"2023-09-25T21:18:55","modified_gmt":"2023-09-25T19:18:55","slug":"logopedia-3","status":"publish","type":"page","link":"http:\/\/psgrabownica.brzozow.pl\/?page_id=14978","title":{"rendered":"Logopedia"},"content":{"rendered":"\t\t<div data-elementor-type=\"wp-page\" data-elementor-id=\"14978\" class=\"elementor elementor-14978\">\n\t\t\t\t\t\t\t\t\t<section class=\"elementor-section elementor-top-section elementor-element elementor-element-7490302 elementor-section-boxed elementor-section-height-default elementor-section-height-default\" data-id=\"7490302\" data-element_type=\"section\">\n\t\t\t\t\t\t<div class=\"elementor-container elementor-column-gap-default\">\n\t\t\t\t\t<div class=\"elementor-column elementor-col-100 elementor-top-column elementor-element elementor-element-edbdacd\" data-id=\"edbdacd\" data-element_type=\"column\">\n\t\t\t<div class=\"elementor-widget-wrap elementor-element-populated\">\n\t\t\t\t\t\t\t\t<div class=\"elementor-element elementor-element-422d06c elementor-widget elementor-widget-text-editor\" data-id=\"422d06c\" data-element_type=\"widget\" data-widget_type=\"text-editor.default\">\n\t\t\t\t<div class=\"elementor-widget-container\">\n\t\t\t<style>\/*! elementor - v3.6.2 - 04-04-2022 *\/\n.elementor-widget-text-editor.elementor-drop-cap-view-stacked .elementor-drop-cap{background-color:#818a91;color:#fff}.elementor-widget-text-editor.elementor-drop-cap-view-framed .elementor-drop-cap{color:#818a91;border:3px solid;background-color:transparent}.elementor-widget-text-editor:not(.elementor-drop-cap-view-default) .elementor-drop-cap{margin-top:8px}.elementor-widget-text-editor:not(.elementor-drop-cap-view-default) .elementor-drop-cap-letter{width:1em;height:1em}.elementor-widget-text-editor .elementor-drop-cap{float:left;text-align:center;line-height:1;font-size:50px}.elementor-widget-text-editor .elementor-drop-cap-letter{display:inline-block}<\/style>\t\t\t\t<p style=\"font-weight: 400;\">Wrzesie\u0144 to pora bada\u0144 przesiewowych w naszym Przedszkolu. Nie od dzisiaj wiadomo, \u017ce \u201elepiej zapobiega\u0107 ni\u017c leczy\u0107\u201d. Dlatego te\u017c szczeg\u00f3lny nacisk k\u0142adziemy na terapi\u0119 dzieci, kt\u00f3re nie maj\u0105 jeszcze utrwalonych nieprawid\u0142owych nawyk\u00f3w wymowy. St\u0105d pro\u015bba do rodzic\u00f3w wszystkich dzieci zakwalifikowanych na zaj\u0119cia z terapii logopedycznej. Po\u015bwi\u0119\u0107cie Pa\u0144stwo codziennie kilkana\u015bcie minut na utrwalenie materia\u0142u przekazanego do \u0107wicze\u0144 w domu. Bez Waszej pomocy terapia b\u0119dzie si\u0119 przeci\u0105ga\u0107 w czasie, <br \/>a czasami mo\u017ce by\u0107 wr\u0119cz nieskuteczna.<\/p><p style=\"font-weight: 400;\"><strong>W razie jakichkolwiek pyta\u0144 lub w\u0105tpliwo\u015bci, zapraszam na konsultacje w ka\u017cd\u0105 \u015brod\u0119 od godz. 7.30 do 12.30.<\/strong><\/p><p style=\"font-weight: 400;\">Poni\u017cej kilka propozycji jak u\u0142atwi\u0107 sobie i dziecku wsp\u00f3lne \u0107wiczenia.<\/p><ol><li><strong>STA\u0141A PORA \u0106WICZE\u0143<\/strong><\/li><\/ol><p style=\"font-weight: 400;\">Dziecko \u0142atwiej zaakceptuje wykonywanie \u0107wicze\u0144 logopedycznych je\u015bli stan\u0105 si\u0119 one cz\u0119\u015bci\u0105 codziennego rytua\u0142u. Najlepiej kojarzy\u0107 \u0107wiczenia z innymi codziennymi zaj\u0119ciami, np. \u0107wiczymy zawsze po obiedzie lub wieczorem.<\/p><ol start=\"2\"><li><strong>KR\u00d3CEJ, ALE CZ\u0118\u015aCIEJ<\/strong><\/li><\/ol><p style=\"font-weight: 400;\">Lepiej \u0107wiczy\u0107 kr\u00f3cej, ale kilka razy dziennie, ni\u017c raz na tydzie\u0144 d\u0142ugo. W\u00f3wczas \u0107wiczenia nie b\u0119d\u0105 tak nu\u017c\u0105ce, a dziecko b\u0119dzie nabiera\u0142o nawyk\u00f3w prawid\u0142owego m\u00f3wienia w spos\u00f3b najbardziej zbli\u017cony do naturalnych sytuacji.<\/p><ol start=\"3\"><li><strong>NAUKA PRZEZ ZABAW\u0118<\/strong><\/li><\/ol><p style=\"font-weight: 400;\">Wykonaj wraz z dzieckiem pomoce edukacyjne, kt\u00f3re uprzyjemni\u0105 nabywanie umiej\u0119tno\u015bci poprawnego m\u00f3wienia. Je\u015bli brakuje Ci czasu, mo\u017cesz te\u017c kupi\u0107 gotowe pomoce logopedyczne lub wykorzysta\u0107 zabawy i zabawki, kt\u00f3re dziecko najbardziej lubi. Ucz\u0105c przez zabaw\u0119 sprawimy, \u017ce dziecko polubi \u0107wiczenia logopedyczne.<\/p><ol start=\"4\"><li><strong>NAUKA \u201ePRZY OKAZJI\u201d<\/strong><\/li><\/ol><p style=\"font-weight: 400;\">Wykorzystuj ka\u017cd\u0105 mo\u017cliw\u0105 sytuacj\u0119, aby \u201eprzemyci\u0107\u201d kilka s\u0142\u00f3wek, \u0107wicze\u0144 buzi i j\u0119zyka lub \u0107wicze\u0144 oddechowych. \u0106wiczy\u0107 mo\u017cna w ka\u017cdej sytuacji: w sklepie, na spacerze, podczas przygotowywania posi\u0142ku, podczas zwyk\u0142ej rozmowy z dzieckiem. Du\u017co zale\u017cy od Twojej inwencji!<\/p><ol start=\"5\"><li><strong>\u0106WICZMY RAZEM<\/strong><\/li><\/ol><p style=\"font-weight: 400;\">\u0106wicz razem z dzieckiem. Czasem doro\u015bli wstydz\u0105 si\u0119 robienia dziwnych min przed lustrem. Niepotrzebnie! Je\u015bli nale\u017cysz do tych os\u00f3b, pozb\u0105d\u017a si\u0119 fa\u0142szywego wstydu i doce\u0144, co nasza buzia i nasz j\u0119zyk potrafi\u0105. \u0106wicz z dzieckiem i dobrze si\u0119 przy tym baw.<\/p><ol start=\"6\"><li><strong>O MOTYWACJI<\/strong><\/li><\/ol><p style=\"font-weight: 400;\">Motywacja do \u0107wicze\u0144 to co\u015b, co nie przyjdzie samo. Je\u015bli jeste\u015b szcz\u0119\u015bciarzem, kt\u00f3rego dziecko \u201esamo chce\u201d, to wspaniale. Pami\u0119taj jednak, \u017ce ka\u017cde dziecko miewa swoje \u201ekryzysy\u201d zwi\u0105zane z motywacj\u0105 do \u0107wicze\u0144. S\u0105 one zjawiskiem naturalnym. Motywacj\u0119 trzeba stale rozwija\u0107 i wzmacnia\u0107.<\/p><ol start=\"7\"><li><strong>NAGRODY<\/strong><\/li><\/ol><p style=\"font-weight: 400;\">Za solidn\u0105 prac\u0119 nale\u017cy si\u0119 nagroda. Podczas \u0107wicze\u0144 niech to b\u0119dzie zwyk\u0142e entuzjastyczne Brawo! Super! Po zako\u0144czonych zaj\u0119ciach mo\u017ce to by\u0107 naklejka, piecz\u0105tka <br \/>wsp\u00f3lna gra lub co\u015b po prostu Twoje dziecko lubi robi\u0107.<\/p><ol start=\"8\"><li><strong>KONTAKT Z LOGOPED\u0104<\/strong><\/li><\/ol><p style=\"font-weight: 400;\">B\u0105d\u017a w sta\u0142ym kontakcie z logoped\u0105, prowadz\u0105cym terapi\u0119, aby na bie\u017c\u0105co omawia\u0107 post\u0119py dziecka, zapyta\u0107 o spos\u00f3b wykonywania \u0107wicze\u0144, aby unikn\u0105\u0107 mimowolnych b\u0142\u0119d\u00f3w podczas ich wykonywania.<\/p><ol start=\"9\"><li><strong>CZAS<\/strong><\/li><\/ol><p style=\"font-weight: 400;\">Daj dziecku czas. Ka\u017cda nowa umiej\u0119tno\u015b\u0107 potrzebuje czasu, aby si\u0119 rozwin\u0105\u0107 i utrwali\u0107. Tylko systematyczna praca i wytrwa\u0142o\u015b\u0107 pozwol\u0105 osi\u0105gn\u0105\u0107 cel, jakim jest poprawna mowa <br \/>i sprawna komunikacja!<\/p><p style=\"font-weight: 400;\">oprac na pdst.: \u201eLogopedia Praktyczna\u201d<\/p><p style=\"font-weight: 400;\">Agnieszka Le\u015bniak-St\u0119pie\u0144<\/p><p style=\"font-weight: 400;\">Neurologopeda<\/p><p style=\"font-weight: 400;\">\u00a0<\/p>\t\t\t\t\t\t<\/div>\n\t\t\t\t<\/div>\n\t\t\t\t\t<\/div>\n\t\t<\/div>\n\t\t\t\t\t\t\t<\/div>\n\t\t<\/section>\n\t\t\t\t\t\t\t<\/div>\n\t\t","protected":false},"excerpt":{"rendered":"<p>Wrzesie\u0144 to pora bada\u0144 przesiewowych w naszym Przedszkolu. Nie od dzisiaj wiadomo, \u017ce \u201elepiej zapobiega\u0107 ni\u017c leczy\u0107\u201d. Dlatego te\u017c szczeg\u00f3lny nacisk k\u0142adziemy na terapi\u0119 dzieci, kt\u00f3re nie maj\u0105 jeszcze utrwalonych nieprawid\u0142owych nawyk\u00f3w wymowy. St\u0105d pro\u015bba do rodzic\u00f3w wszystkich dzieci zakwalifikowanych na zaj\u0119cia z terapii logopedycznej. Po\u015bwi\u0119\u0107cie Pa\u0144stwo codziennie kilkana\u015bcie minut na utrwalenie materia\u0142u przekazanego do [&hellip;]<\/p>\n","protected":false},"author":3,"featured_media":0,"parent":0,"menu_order":0,"comment_status":"closed","ping_status":"closed","template":"","meta":[],"_links":{"self":[{"href":"http:\/\/psgrabownica.brzozow.pl\/index.php?rest_route=\/wp\/v2\/pages\/14978"}],"collection":[{"href":"http:\/\/psgrabownica.brzozow.pl\/index.php?rest_route=\/wp\/v2\/pages"}],"about":[{"href":"http:\/\/psgrabownica.brzozow.pl\/index.php?rest_route=\/wp\/v2\/types\/page"}],"author":[{"embeddable":true,"href":"http:\/\/psgrabownica.brzozow.pl\/index.php?rest_route=\/wp\/v2\/users\/3"}],"replies":[{"embeddable":true,"href":"http:\/\/psgrabownica.brzozow.pl\/index.php?rest_route=%2Fwp%2Fv2%2Fcomments&post=14978"}],"version-history":[{"count":2,"href":"http:\/\/psgrabownica.brzozow.pl\/index.php?rest_route=\/wp\/v2\/pages\/14978\/revisions"}],"predecessor-version":[{"id":18149,"href":"http:\/\/psgrabownica.brzozow.pl\/index.php?rest_route=\/wp\/v2\/pages\/14978\/revisions\/18149"}],"wp:attachment":[{"href":"http:\/\/psgrabownica.brzozow.pl\/index.php?rest_route=%2Fwp%2Fv2%2Fmedia&parent=14978"}],"curies":[{"name":"wp","href":"https:\/\/api.w.org\/{rel}","templated":true}]}}