{"id":14859,"date":"2021-04-08T12:54:46","date_gmt":"2021-04-08T10:54:46","guid":{"rendered":"http:\/\/psgrabownica.brzozow.pl\/?page_id=14859"},"modified":"2021-04-08T12:54:46","modified_gmt":"2021-04-08T10:54:46","slug":"promyczki-08-04-2021","status":"publish","type":"page","link":"http:\/\/psgrabownica.brzozow.pl\/?page_id=14859","title":{"rendered":"Promyczki 08.04.2021"},"content":{"rendered":"<p>Witam w czwartek 08.04.2021<\/p>\n<p>&nbsp;<\/p>\n<p>Na wst\u0119pie zapraszam do znanej Wam dobrze z przedszkola zabawy ruchowej (utrwalaj\u0105cej orientacj\u0119 w schemacie w\u0142asnego cia\u0142a). Zapro\u015bcie Rodzic\u00f3w do wsp\u00f3lnej gimnastyki porannej.<\/p>\n<p><a href=\"https:\/\/www.youtube.com\/watch?v=30BVfTvlsrE\">Piosenka dzieci\u0119ca G\u0142owa ramiona kolana pi\u0119ty BZYK.tv &#8211; YouTube<\/a><\/p>\n<p>Przesy\u0142am Wam te\u017c link do filmiku o zwierz\u0119tach. Obejrzyjcie go dok\u0142adnie. Zapami\u0119tajcie jak najwi\u0119cej nazw zwierz\u0105t. Spr\u00f3bujcie opisa\u0107 rodzicom wygl\u0105d zwierz\u0105tka, kt\u00f3re najbardziej Wam si\u0119 podoba.<\/p>\n<p>Link do filmiku:\u00a0<a href=\"https:\/\/www.youtube.com\/watch?v=qQtJP40a1Iw\">https:\/\/www.youtube.com\/watch?v=qQtJP40a1Iw<\/a><\/p>\n<p>Mamy dzi\u015b pi\u0119kny s\u0142oneczny dzie\u0144. Niestety nie mog\u0119 Was zaprosi\u0107 na wsp\u00f3lny spacer po okolicy, ale spr\u00f3bujemy w inny spos\u00f3b poszuka\u0107 odpowiedzi na pytanie\u00a0<em>\u201eCo otrzymujemy od zwierz\u0105t?\u201d<\/em>\u00a0Mo\u017ce uda Wam si\u0119 wys\u0142ucha\u0107 wiersza w ca\u0142o\u015bci a po wys\u0142uchaniu spr\u00f3bujcie stworzy\u0107 plakat odpowiadaj\u0105cy na nasze pytanie J \u00a0Rozejrzyjcie si\u0119 te\u017c po domu, zajrzyjcie do lod\u00f3wki i odpowiedzcie, kt\u00f3re produkty, przedmioty pochodz\u0105 w\u0142a\u015bnie od zwierz\u0105t wiejskich. Wyjd\u017acie r\u00f3wnie\u017c na swoje podw\u00f3rko i pos\u0142uchajcie odg\u0142os\u00f3w. Czy w Waszym s\u0105siedztwie kto\u015b hoduje jakie\u015b zwierz\u0119ta wyst\u0119puj\u0105ce w wierszu?<\/p>\n<table width=\"483\">\n<tbody>\n<tr>\n<td><strong>U Wojtka w zagrodzie <\/strong><\/td>\n<\/tr>\n<tr>\n<td><strong>Autor:\u00a0<\/strong><a href=\"http:\/\/www.rokwprzedszkolu.pl\/index.php?k=k0306&amp;id_a=1&amp;idx=F\"><strong>Bo\u017cena\u00a0Forma<\/strong><\/a><\/td>\n<\/tr>\n<\/tbody>\n<\/table>\n<p>&nbsp;<\/p>\n<table width=\"483\">\n<tbody>\n<tr>\n<td><em>Na wsi u Wojciecha<\/em><em><br \/>\n<\/em><em>zwierz\u0105t r\u00f3\u017cnych sporo.<\/em><em><br \/>\n<\/em><em>W zagrodzie od rana<\/em><em><br \/>\n<\/em><em>gwarno i weso\u0142o.<\/em><em><\/p>\n<p><\/em><em>W stajni stoj\u0105 konie,<\/em><em><br \/>\n<\/em><em>pi\u0119kne &#8211; kare, gniade.<\/em><em><br \/>\n<\/em><em>Obok klaczy \u017arebak<\/em><em><br \/>\n<\/em><em>spogl\u0105da ciekawie.<\/em><em><\/p>\n<p><\/em><em>Wojtek musi przynie\u015b\u0107<\/em><em><br \/>\n<\/em><em>koniom troch\u0119 siana.<\/em><em><br \/>\n<\/em><em>Da\u0107 siwkowi wody,<\/em><em><br \/>\n<\/em><em>nakarmi\u0107 kasztana.<\/em><em><\/p>\n<p><\/em><em>Potem go szczotkowa\u0107<\/em><em><br \/>\n<\/em><em>d\u0142ugo i dok\u0142adnie,<\/em><em><br \/>\n<\/em><em>\u017ceby sier\u015b\u0107 mu l\u015bni\u0142a<\/em><em><br \/>\n<\/em><em>wsz\u0119dzie bardzo \u0142adnie.<\/em><em><\/p>\n<p><\/em><em>Kiedy wszystko zrobi,<\/em><em><br \/>\n<\/em><em>osiod\u0142a konika<\/em><em><br \/>\n<\/em><em>i pogalopuje<\/em><em><br \/>\n<\/em><em>w s\u0142onecznych promykach.<\/em><em><\/p>\n<p><\/em><em>Na podw\u00f3rzu wida\u0107<\/em><em><br \/>\n<\/em><em>kwok\u0119 z kurcz\u0105tkami.<\/em><em><br \/>\n<\/em><em>Wci\u0105\u017c si\u0119 przed wszystkimi<\/em><em><br \/>\n<\/em><em>dzie\u0107mi swymi chwali.<\/em><em><\/p>\n<p><\/em><em>Jakie one grzeczne,<\/em><em><br \/>\n<\/em><em>m\u0105dre i \u017c\u00f3\u0142ciutkie,<\/em><em><br \/>\n<\/em><em>puszyste, kochane<\/em><em><br \/>\n<\/em><em>i takie milutkie.<\/em><em><\/p>\n<p><\/em><em>Po podw\u00f3rku chodz\u0105<\/em><em><br \/>\n<\/em><em>kaczki i indyczki,<\/em><em><br \/>\n<\/em><em>bardzo dumny kogut,<\/em><em><br \/>\n<\/em><em>g\u0119si i perliczki.<\/em><\/p>\n<p>&nbsp;<\/p>\n<p><em>W cieniu starej lipy<\/em><em><br \/>\n<\/em><em>kr\u00f3liki mieszkaj\u0105.<\/em><em><br \/>\n<\/em><em>Zajadaj\u0105 marchew,<\/em><em><br \/>\n<\/em><em>noskami ruszaj\u0105.<\/em><em><\/p>\n<p><\/em><em>Na \u0142\u0105ce si\u0119 pas\u0105<\/em><em><br \/>\n<\/em><em>dwie \u0142aciate kr\u00f3wki,<\/em><em><br \/>\n<\/em><em>s\u0105 byki, ciel\u0105tka,<\/em><em><br \/>\n<\/em><em>i m\u0142ode ja\u0142\u00f3wki.<\/em><em><\/p>\n<p><\/em><em>Tu\u017c obok pag\u00f3rek<\/em><em><br \/>\n<\/em><em>na nim owiec wiele.<\/em><em><br \/>\n<\/em><em>Skubi\u0105 smaczn\u0105 trawk\u0119<\/em><em><br \/>\n<\/em><em>z baranem na czele.<\/em><em><\/p>\n<p><\/em><em>G\u0119stym, grubym runem<\/em><em><br \/>\n<\/em><em>pokryte s\u0105 ca\u0142e.<\/em><em><br \/>\n<\/em><em>B\u0119d\u0105 z niego ciep\u0142e,<\/em><em><br \/>\n<\/em><em>skarpety i szale.<\/em><em><\/p>\n<p><\/em><em>Czapki, pi\u0119kne golfy,<\/em><em><br \/>\n<\/em><em>nauszniki, swetry,<\/em><em><br \/>\n<\/em><em>pled\u00f3w du\u017cy wyb\u00f3r<\/em><em><br \/>\n<\/em><em>i cieplutkie getry.<\/em><em><\/p>\n<p><\/em><em>Oto pani koza,<\/em><em><br \/>\n<\/em><em>ma kud\u0142at\u0105 brod\u0119.<\/em><em><br \/>\n<\/em><em>skubie \u015bwie\u017c\u0105 traw\u0119<\/em><em><br \/>\n<\/em><em>daje mleko zdrowe.<\/em><em><\/p>\n<p><\/em><em>Wojtu\u015b ma wiernego<\/em><em><br \/>\n<\/em><em>swego przyjaciela.<\/em><em><br \/>\n<\/em><em>Pies to jest ogromny,<\/em><em><br \/>\n<\/em><em>\u017ce a\u017c dech zapiera.<\/em><em><\/p>\n<p><\/em><em>Ptactwa wci\u0105\u017c dogl\u0105da,<\/em><em><br \/>\n<\/em><em>i zwierz\u0105t pilnuje,<\/em><em><br \/>\n<\/em><em>s\u0142ucha swego pana<\/em><em><br \/>\n<\/em><em>ch\u0119tnie aportuje.<\/em><em><\/p>\n<p><\/em><em>Owce przed wilkami<\/em><em><br \/>\n<\/em><em>zawsze dzielnie broni,<\/em><em><br \/>\n<\/em><em>a w razie potrzeby<\/em><em><br \/>\n<\/em><em>te\u017c lisa dogoni.<\/em><\/p>\n<p>Mo\u017cecie pobawi\u0107 si\u0119 przy piosence \u201e<strong>Dziadek fajn\u0105 farm\u0119 mia\u0142<\/strong>\u201d. Na\u015bladujcie spos\u00f3b poruszania i odg\u0142osy zwierz\u0105t z piosenki.<\/p>\n<p><a href=\"https:\/\/www.youtube.com\/watch?v=30nw6AtuGiQ\"><strong>https:\/\/www.youtube.com\/watch?v=30nw6AtuGiQ<\/strong><\/a><\/p>\n<p><strong>Zapraszam do zabawy w rymy. <\/strong><\/p>\n<p>Rodzic m\u00f3wi s\u0142owo, a dziecko dopowiada do niego rym, np.: kr\u00f3wka \u2013 mr\u00f3wka, ko\u0144 \u2013 s\u0142o\u0144, kura \u2013 g\u00f3ra, kot \u2013 p\u0142ot. Oczywi\u015bcie mo\u017cna zamienia\u0107 si\u0119 rolami, dziecko m\u00f3wi pierwsze s\u0142owo \u2013 rodzic odpowiada rymem J Je\u015bli si\u0119 uda prosz\u0119 o zapisanie ciekawych odpowiedzi dziecka J<\/p>\n<p><strong>Praca z KP2.20<\/strong> \u2013 \u0107wiczenia motoryki ma\u0142ej, utrwalenie wiadomo\u015bci na temat wiejskich zwierz\u0105t i produkt\u00f3w, kt\u00f3re mo\u017cna od nich otrzyma\u0107.<\/p>\n<p>&nbsp;<\/p>\n<p>Wiemy ju\u017c, co daj\u0105 nam zwierz\u0119ta: kury \u2013 jajka, krowa i koza \u2013 mleko, itd. Ale czy wiecie sk\u0105d si\u0119 bierze, np.: twar\u00f3g?<\/p>\n<p><strong>Zapraszam zatem do wykonania eksperymentu<\/strong>.<\/p>\n<p>Przygotujcie prosz\u0119 nast\u0119puj\u0105ce produkty i przedmioty:<\/p>\n<p>&#8211; s\u0142oik<\/p>\n<p>&#8211; \u0142y\u017cka<\/p>\n<p>&#8211; 250 ml mleka<\/p>\n<p>&#8211; 80 ml octu<\/p>\n<p>Do s\u0142oika wlewamy mleko a nast\u0119pnie do mleka wlewamy ocet. Mieszamy wszystko \u0142y\u017ck\u0105.<\/p>\n<p>Na dnie s\u0142oika powstan\u0105 grudki \u2013 twar\u00f3g. Ocet wlany do mleka powoduje, \u017ce mleko robi si\u0119 kwa\u015bne i m\u0119tnieje. Na spodzie s\u0142oika osadzi si\u0119 twar\u00f3g, mieszanina t\u0142uszczu, minera\u0142\u00f3w i bia\u0142ka, zwanego kazein\u0105. Bia\u0142awa ciecz nad twarogiem to serwatka.<\/p>\n<p>Mam nadziej\u0119, \u017ce eksperyment si\u0119 uda J<\/p>\n<p>&nbsp;<\/p>\n<p>\u017bycz\u0119 mi\u0142ego dnia \u2013 Monika Szczepek<\/td>\n<\/tr>\n<\/tbody>\n<\/table>\n<p>&nbsp;<\/p>\n","protected":false},"excerpt":{"rendered":"<p>Witam w czwartek 08.04.2021 &nbsp; Na wst\u0119pie zapraszam do znanej Wam dobrze z przedszkola zabawy ruchowej (utrwalaj\u0105cej orientacj\u0119 w schemacie w\u0142asnego cia\u0142a). Zapro\u015bcie Rodzic\u00f3w do wsp\u00f3lnej gimnastyki porannej. Piosenka dzieci\u0119ca G\u0142owa ramiona kolana pi\u0119ty BZYK.tv &#8211; YouTube Przesy\u0142am Wam te\u017c link do filmiku o zwierz\u0119tach. Obejrzyjcie go dok\u0142adnie. Zapami\u0119tajcie jak najwi\u0119cej nazw zwierz\u0105t. Spr\u00f3bujcie opisa\u0107 [&hellip;]<\/p>\n","protected":false},"author":3,"featured_media":0,"parent":0,"menu_order":0,"comment_status":"closed","ping_status":"closed","template":"","meta":[],"_links":{"self":[{"href":"http:\/\/psgrabownica.brzozow.pl\/index.php?rest_route=\/wp\/v2\/pages\/14859"}],"collection":[{"href":"http:\/\/psgrabownica.brzozow.pl\/index.php?rest_route=\/wp\/v2\/pages"}],"about":[{"href":"http:\/\/psgrabownica.brzozow.pl\/index.php?rest_route=\/wp\/v2\/types\/page"}],"author":[{"embeddable":true,"href":"http:\/\/psgrabownica.brzozow.pl\/index.php?rest_route=\/wp\/v2\/users\/3"}],"replies":[{"embeddable":true,"href":"http:\/\/psgrabownica.brzozow.pl\/index.php?rest_route=%2Fwp%2Fv2%2Fcomments&post=14859"}],"version-history":[{"count":1,"href":"http:\/\/psgrabownica.brzozow.pl\/index.php?rest_route=\/wp\/v2\/pages\/14859\/revisions"}],"predecessor-version":[{"id":14860,"href":"http:\/\/psgrabownica.brzozow.pl\/index.php?rest_route=\/wp\/v2\/pages\/14859\/revisions\/14860"}],"wp:attachment":[{"href":"http:\/\/psgrabownica.brzozow.pl\/index.php?rest_route=%2Fwp%2Fv2%2Fmedia&parent=14859"}],"curies":[{"name":"wp","href":"https:\/\/api.w.org\/{rel}","templated":true}]}}