{"id":14856,"date":"2021-04-08T12:11:43","date_gmt":"2021-04-08T10:11:43","guid":{"rendered":"http:\/\/psgrabownica.brzozow.pl\/?page_id=14856"},"modified":"2021-04-08T12:11:43","modified_gmt":"2021-04-08T10:11:43","slug":"kolko-informatyczne-smerfy-08-04-2021","status":"publish","type":"page","link":"http:\/\/psgrabownica.brzozow.pl\/?page_id=14856","title":{"rendered":"K\u00f3\u0142ko informatyczne &#8211; Smerfy 08.04.2021"},"content":{"rendered":"<p>Temat: Interlandia: Wie\u017ca Skarb\u00f3w &#8211; gra online.<\/p>\n<p>Ratunku! Wie\u017ca skarb\u00f3w jest otwarta i skarby internaut\u00f3w, takie jak dane kontaktowe i prywatne wiadomo\u015bci, s\u0105 zagro\u017cone. Wyprzed\u017a hakera i zbuduj fortec\u0119 z mocnymi has\u0142ami, by na zawsze zabezpieczy\u0107 sekrety. Otw\u00f3rz przegl\u0105dark\u0119 internetow\u0105 w swoim urz\u0105dzeniu i odwied\u017a stron\u0119\u00a0<a href=\"http:\/\/g.co\/WiezaSkarbow\">g.co\/WiezaSkarbow<\/a>.<\/p>\n<p>Mi\u0142ej zabawy. Pozdrawiam Bo\u017cena Tympalska<\/p>\n","protected":false},"excerpt":{"rendered":"<p>Temat: Interlandia: Wie\u017ca Skarb\u00f3w &#8211; gra online. Ratunku! Wie\u017ca skarb\u00f3w jest otwarta i skarby internaut\u00f3w, takie jak dane kontaktowe i prywatne wiadomo\u015bci, s\u0105 zagro\u017cone. Wyprzed\u017a hakera i zbuduj fortec\u0119 z mocnymi has\u0142ami, by na zawsze zabezpieczy\u0107 sekrety. Otw\u00f3rz przegl\u0105dark\u0119 internetow\u0105 w swoim urz\u0105dzeniu i odwied\u017a stron\u0119\u00a0g.co\/WiezaSkarbow. Mi\u0142ej zabawy. Pozdrawiam Bo\u017cena Tympalska<\/p>\n","protected":false},"author":3,"featured_media":0,"parent":0,"menu_order":0,"comment_status":"closed","ping_status":"closed","template":"","meta":[],"_links":{"self":[{"href":"http:\/\/psgrabownica.brzozow.pl\/index.php?rest_route=\/wp\/v2\/pages\/14856"}],"collection":[{"href":"http:\/\/psgrabownica.brzozow.pl\/index.php?rest_route=\/wp\/v2\/pages"}],"about":[{"href":"http:\/\/psgrabownica.brzozow.pl\/index.php?rest_route=\/wp\/v2\/types\/page"}],"author":[{"embeddable":true,"href":"http:\/\/psgrabownica.brzozow.pl\/index.php?rest_route=\/wp\/v2\/users\/3"}],"replies":[{"embeddable":true,"href":"http:\/\/psgrabownica.brzozow.pl\/index.php?rest_route=%2Fwp%2Fv2%2Fcomments&post=14856"}],"version-history":[{"count":1,"href":"http:\/\/psgrabownica.brzozow.pl\/index.php?rest_route=\/wp\/v2\/pages\/14856\/revisions"}],"predecessor-version":[{"id":14857,"href":"http:\/\/psgrabownica.brzozow.pl\/index.php?rest_route=\/wp\/v2\/pages\/14856\/revisions\/14857"}],"wp:attachment":[{"href":"http:\/\/psgrabownica.brzozow.pl\/index.php?rest_route=%2Fwp%2Fv2%2Fmedia&parent=14856"}],"curies":[{"name":"wp","href":"https:\/\/api.w.org\/{rel}","templated":true}]}}