{"id":14815,"date":"2021-04-07T14:57:30","date_gmt":"2021-04-07T12:57:30","guid":{"rendered":"http:\/\/psgrabownica.brzozow.pl\/?page_id=14815"},"modified":"2023-06-27T20:20:50","modified_gmt":"2023-06-27T18:20:50","slug":"ksiazka-polaczeni-czyli-dlaczego-warto-czytac-dziecku","status":"publish","type":"page","link":"http:\/\/psgrabownica.brzozow.pl\/?page_id=14815","title":{"rendered":"Ksi\u0105\u017ck\u0105 po\u0142\u0105czeni, czyli dlaczego warto czyta\u0107 dziecku."},"content":{"rendered":"<p><strong>Rado\u015b\u0107 czytania<\/strong><\/p>\n<p>Wyobra\u017amy sobie, \u017ce nie dajemy dziecku zabawek, wtedy dziecko zacznie bawi\u0107 si\u0119 np. kamieniami. Wi\u0119c je\u017celi nie poka\u017cemy dziecku ksi\u0105\u017cki to samo po ni\u0105 nie si\u0119gnie. Na pocz\u0105tku poka\u017cmy dziecku jaka rado\u015b\u0107 mo\u017ce p\u0142yn\u0105\u0107 z samego s\u0142uchania bajek, wtedy w\u0142a\u015bnie dziecko zacznie pragn\u0105\u0107 lektury niemal\u017ce ka\u017cdego dnia. Takie pierwsze dzieci\u0119ce lektury odkrywane na nowo z nasz\u0105 pociech\u0105 pozwol\u0105 cho\u0107 na chwile powr\u00f3ci\u0107 do szcz\u0119\u015bliwych lat dzieci\u0144stwa. Czytanie ksi\u0105\u017cek jest bardzo wa\u017cne zw\u0142aszcza w czasach wsp\u00f3\u0142czesnych, gdzie ksi\u0105\u017cki staj\u0105 si\u0119 powoli wypierane przez r\u00f3\u017cnego rodzaju nowinki techniczne. Tak\u017ce komunikacja mi\u0119dzy rodzicem a dzieckiem zostaje cz\u0119sto zredukowana do roli przeka\u017anika informacji i polece\u0144. Tymczasem ksi\u0105\u017cka operuje s\u0142owami kt\u00f3re znacz\u0105, kt\u00f3re maj\u0105 moc, barw\u0119 i sens. Podczas czytania dziecko do\u015bwiadcza magicznej si\u0142y s\u0142\u00f3w, rozwija i wzbogaca s\u0142ownictwo.<\/p>\n<p>Kontakt z ksi\u0105\u017ck\u0105 a potrzeby i kompetencje ma\u0142ych dzieci oraz dzieci w wieku przedszkolnym.[1]<\/p>\n<p><a href=\"http:\/\/psgrabownica.brzozow.pl\/wp-content\/uploads\/2021\/04\/1617791306481-e1617800133275.jpg\"><img loading=\"lazy\" class=\"aligncenter size-medium wp-image-14816\" src=\"http:\/\/psgrabownica.brzozow.pl\/wp-content\/uploads\/2021\/04\/1617791306481-e1617800133275-281x375.jpg\" alt=\"1617791306481\" width=\"281\" height=\"375\" srcset=\"http:\/\/psgrabownica.brzozow.pl\/wp-content\/uploads\/2021\/04\/1617791306481-e1617800133275-281x375.jpg 281w, http:\/\/psgrabownica.brzozow.pl\/wp-content\/uploads\/2021\/04\/1617791306481-e1617800133275-1519x2024.jpg 1519w\" sizes=\"(max-width: 281px) 100vw, 281px\" \/><\/a><\/p>\n<p><a href=\"http:\/\/psgrabownica.brzozow.pl\/wp-content\/uploads\/2021\/04\/1617791306476-e1617800194633.jpg\"><img loading=\"lazy\" class=\"aligncenter size-medium wp-image-14817\" src=\"http:\/\/psgrabownica.brzozow.pl\/wp-content\/uploads\/2021\/04\/1617791306476-e1617800194633-281x375.jpg\" alt=\"1617791306476\" width=\"281\" height=\"375\" srcset=\"http:\/\/psgrabownica.brzozow.pl\/wp-content\/uploads\/2021\/04\/1617791306476-e1617800194633-281x375.jpg 281w, http:\/\/psgrabownica.brzozow.pl\/wp-content\/uploads\/2021\/04\/1617791306476-e1617800194633-1519x2024.jpg 1519w\" sizes=\"(max-width: 281px) 100vw, 281px\" \/><\/a><a href=\"http:\/\/psgrabownica.brzozow.pl\/wp-content\/uploads\/2021\/04\/1617791306481.jpg\"><br \/>\n<\/a><\/p>\n<p><em>,,Pierwsza ksi\u0105\u017cka jest jak pierwsza przyja\u017a\u0144, pierwsze ol\u015bnienie \u015bwiatem, pierwsze zauroczenie\u201d<\/em><\/p>\n<p>Nigdy nie prze\u017cywamy ksi\u0105\u017cek tak silnie jak w dzieci\u0144stwie, dlatego te\u017c dzieci\u0119ca ksi\u0105\u017cka powinna by\u0107 pi\u0119kna \u2013 tak, by czarowa\u0142a i uwodzi\u0142a, rozpala\u0142a wyobra\u017ani\u0119. Dawajmy zatem naszym dzieciom dobre ksi\u0105\u017cki, poniewa\u017c tylko dobrze dobrana literatura rozwija , motywuje do m\u0105drego wysi\u0142ku, zach\u0119ca by si\u0119ga\u0107 do gwiazd.<\/p>\n<p><strong>,,Nie wyrastaj z marzenia\u201d czyli o po\u017cytkach p\u0142yn\u0105cych z rodzinnego czytania.<\/strong><\/p>\n<p>Pragnieniem ka\u017cdego z rodzic\u00f3w jest aby ich dziecko wyros\u0142o na szcz\u0119\u015bliwego, dobrego i m\u0105drego cz\u0142owieka. Bardzo du\u017cy wp\u0142yw na jako\u015b\u0107 \u017cycia ma pierwsze 10 lat , czyli dzieci\u0144stwo. Wsp\u00f3\u0142cze\u015bnie w nat\u0142oku obowi\u0105zk\u00f3w rodzic\u00f3w potrzeby emocjonalne dziecka zostaj\u0105 niezaspokojone. Cz\u0119sto dzieci odczuwaj\u0105 samotno\u015b\u0107, brak silnych wi\u0119zi, brak poczucia przynale\u017cno\u015bci i mi\u0142o\u015bci. Jest na to jednak prosta recepta \u2013 czytanie ksi\u0105\u017cek naszym pociechom. Codzienne si\u0119ganie po literatur\u0119 niesie korzy\u015bci zar\u00f3wno dla dziecka jak i dla rodzica . Ta aktywno\u015b\u0107 emocjonalno- intelektualna\u00a0 &#8211; oparta na zabawie, zapami\u0119tywaniu, porozumiewaniu si\u0119, fantazjowaniu, odkrywaniu w\u0142asnych my\u015bli, warto\u015bci i marze\u0144 &#8211;\u00a0 daje po\u017cytki ca\u0142ej rodzinie.[2]<\/p>\n<p><em>,,Ty si\u0119 nie zmieniaj, ju\u017c taki zosta\u0144,<\/em><\/p>\n<p><em>ty nie wyrastaj z marzenia\u201d<\/em>\u00a0\u00a0 J. Kulmowa<\/p>\n<p style=\"text-align: right;\">Opracowa\u0142a mgr Bo\u017cena Tympalska<\/p>\n<p>[1] ,, Ksi\u0105\u017ck\u0105 po\u0142\u0105czeni, czyli o roli czytania w \u017cyciu dziecka\u201d, Instytut Ksi\u0105\u017cki, Krak\u00f3w 2018.<\/p>\n<p>[2] ,, Ksi\u0105\u017ck\u0105 po\u0142\u0105czeni, czyli uczymy si\u0119 czyta\u0107 razem\u201d, Instytut Ksi\u0105\u017cki , Krak\u00f3w 2020.<\/p>\n","protected":false},"excerpt":{"rendered":"<p>Rado\u015b\u0107 czytania Wyobra\u017amy sobie, \u017ce nie dajemy dziecku zabawek, wtedy dziecko zacznie bawi\u0107 si\u0119 np. kamieniami. Wi\u0119c je\u017celi nie poka\u017cemy dziecku ksi\u0105\u017cki to samo po ni\u0105 nie si\u0119gnie. Na pocz\u0105tku poka\u017cmy dziecku jaka rado\u015b\u0107 mo\u017ce p\u0142yn\u0105\u0107 z samego s\u0142uchania bajek, wtedy w\u0142a\u015bnie dziecko zacznie pragn\u0105\u0107 lektury niemal\u017ce ka\u017cdego dnia. Takie pierwsze dzieci\u0119ce lektury odkrywane na [&hellip;]<\/p>\n","protected":false},"author":3,"featured_media":0,"parent":0,"menu_order":0,"comment_status":"closed","ping_status":"closed","template":"","meta":[],"_links":{"self":[{"href":"http:\/\/psgrabownica.brzozow.pl\/index.php?rest_route=\/wp\/v2\/pages\/14815"}],"collection":[{"href":"http:\/\/psgrabownica.brzozow.pl\/index.php?rest_route=\/wp\/v2\/pages"}],"about":[{"href":"http:\/\/psgrabownica.brzozow.pl\/index.php?rest_route=\/wp\/v2\/types\/page"}],"author":[{"embeddable":true,"href":"http:\/\/psgrabownica.brzozow.pl\/index.php?rest_route=\/wp\/v2\/users\/3"}],"replies":[{"embeddable":true,"href":"http:\/\/psgrabownica.brzozow.pl\/index.php?rest_route=%2Fwp%2Fv2%2Fcomments&post=14815"}],"version-history":[{"count":3,"href":"http:\/\/psgrabownica.brzozow.pl\/index.php?rest_route=\/wp\/v2\/pages\/14815\/revisions"}],"predecessor-version":[{"id":17789,"href":"http:\/\/psgrabownica.brzozow.pl\/index.php?rest_route=\/wp\/v2\/pages\/14815\/revisions\/17789"}],"wp:attachment":[{"href":"http:\/\/psgrabownica.brzozow.pl\/index.php?rest_route=%2Fwp%2Fv2%2Fmedia&parent=14815"}],"curies":[{"name":"wp","href":"https:\/\/api.w.org\/{rel}","templated":true}]}}