{"id":14806,"date":"2021-04-07T10:46:51","date_gmt":"2021-04-07T08:46:51","guid":{"rendered":"http:\/\/psgrabownica.brzozow.pl\/?page_id=14806"},"modified":"2021-04-07T10:46:51","modified_gmt":"2021-04-07T08:46:51","slug":"promyczki-07-04-2021","status":"publish","type":"page","link":"http:\/\/psgrabownica.brzozow.pl\/?page_id=14806","title":{"rendered":"Promyczki 07.04.2021"},"content":{"rendered":"<p><strong>Witam wszystkich w s\u0142oneczn\u0105 \u015brod\u0119 <\/strong><\/p>\n<p>Na pocz\u0105tek dnia zabawa ruchowa \u201e<strong>\u00a0Kaczuszki<\/strong>\u201d.<\/p>\n<p><a href=\"https:\/\/www.youtube.com\/watch?v=zW1_ANe0l94&amp;list=RDzW1_ANe0l94&amp;index=1\">https:\/\/www.youtube.com\/watch?v=zW1_ANe0l94&amp;list=RDzW1_ANe0l94&amp;index=1<\/a><\/p>\n<p>Dzisiaj mam te\u017c dla Was wierszyk do nauki. Poprosz\u0119 rodzic\u00f3w o przeczytanie wiersza dzieciom. Wymie\u0144cie wsp\u00f3lnie wszystkie zwierz\u0119ta, kt\u00f3re wyst\u0105pi\u0142y w utworze. Spr\u00f3bujcie nauczy\u0107 si\u0119 wiersza na pami\u0119\u0107.<\/p>\n<p><strong>Wiersz : \u201eCo s\u0142ycha\u0107 na wsi?\u201d Wanda Chotomska<\/strong><\/p>\n<p>Co s\u0142ycha\u0107? Zale\u017cy \u2013 gdzie<\/p>\n<p>Na \u0142\u0105ce s\u0142ycha\u0107: &#8211; Kle \u2013 kle!<\/p>\n<p>Na stawie &#8211; Kwa-kwa!<\/p>\n<p>Na polu: Kra- kra!<\/p>\n<p>Przed kurnikiem: Kukuryku!<\/p>\n<p>-Ko-ko-ko-ko-ko! \u2013 w kurniku<\/p>\n<p>Ko\u0142o budy s\u0142ycha\u0107: Hau!<\/p>\n<p>A na progu: Miau\u2026<\/p>\n<p>A co s\u0142ycha\u0107 w domu,<\/p>\n<p>nie powiem nikomu!<\/p>\n<p>Kto ma ochot\u0119, mo\u017ce narysowa\u0107 wybrane zwierz\u0105tko, kt\u00f3re wyst\u0105pi\u0142o w wierszu. Pochwalcie si\u0119 waszymi pracami.<\/p>\n<p>Przesy\u0142am Wam link do filmiku\u00a0<strong>\u201e Jak narysowa\u0107 kota?\u201d<\/strong><\/p>\n<p><a href=\"https:\/\/www.youtube.com\/watch?v=Dzji96Pdc6c\">https:\/\/www.youtube.com\/watch?v=Dzji96Pdc6c<\/a><\/p>\n<p>Przesy\u0142am link do piosenki\u00a0<strong>\u201eKaczka dziwaczka\u201d<\/strong>. Za\u015bpiewajcie razem z wykonawcami.<\/p>\n<p><a href=\"https:\/\/www.youtube.com\/watch?v=cOKURKiIp88\">https:\/\/www.youtube.com\/watch?v=cOKURKiIp88<\/a><\/p>\n<p>\u201e<strong>Co s\u0142yszysz?\u201d<\/strong>&#8211; rodzic podaj\u0119 nazw\u0119 zwierz\u0119cia, dziecko pr\u00f3buje prawid\u0142owo nazwa\u0107 g\u0142osk\u0119, kt\u00f3r\u0105 s\u0142yszy na pocz\u0105tku jego nazwy.\u00a0Dla u\u0142atwienia zadajemy dziecku pytanie: Co s\u0142yszysz na pocz\u0105tku s\u0142owa kot? itp. Mi\u0142ej zabawy.<\/p>\n<p>\u201e<strong>\u00a0Pi\u00f3rko\u201d<\/strong>\u00a0\u2013 zabawa relaksacyjna. Rodzic delikatnie \u0142askocze dziecko pi\u00f3rkiem lub wacikiem w r\u00f3\u017cne cz\u0119\u015bci cia\u0142a a dziecko je nazywa. Potem zmiana- dziecko \u0142askocze rodzica w miejsca przez niego wymienione ( zabawa doskonali orientacj\u0119 w schemacie w\u0142asnego cia\u0142a).<\/p>\n<p>Praca z <strong>KP.19<\/strong> \u2013 \u0107wiczenie percepcji wzrokowej, \u0107wiczenie spostrzegawczo\u015bci, zaznaczanie takich samych zwierz\u0105t wyst\u0119puj\u0105cych na dw\u00f3ch obrazkach przedstawiaj\u0105cych wiejski krajobraz.<\/p>\n<p><em>Drodzy Rodzice, to tylko propozycje zabaw i zaj\u0119\u0107. Fajnie jak uda Wam si\u0119 zrealizowa\u0107 niekt\u00f3re z nich.<\/em><\/p>\n<p>Pozdrawiam i zach\u0119cam do zabaw ruchowych na \u015bwie\u017cym powietrzu. Monika Szczepek<\/p>\n","protected":false},"excerpt":{"rendered":"<p>Witam wszystkich w s\u0142oneczn\u0105 \u015brod\u0119 Na pocz\u0105tek dnia zabawa ruchowa \u201e\u00a0Kaczuszki\u201d. https:\/\/www.youtube.com\/watch?v=zW1_ANe0l94&amp;list=RDzW1_ANe0l94&amp;index=1 Dzisiaj mam te\u017c dla Was wierszyk do nauki. Poprosz\u0119 rodzic\u00f3w o przeczytanie wiersza dzieciom. Wymie\u0144cie wsp\u00f3lnie wszystkie zwierz\u0119ta, kt\u00f3re wyst\u0105pi\u0142y w utworze. Spr\u00f3bujcie nauczy\u0107 si\u0119 wiersza na pami\u0119\u0107. Wiersz : \u201eCo s\u0142ycha\u0107 na wsi?\u201d Wanda Chotomska Co s\u0142ycha\u0107? Zale\u017cy \u2013 gdzie Na \u0142\u0105ce [&hellip;]<\/p>\n","protected":false},"author":3,"featured_media":0,"parent":0,"menu_order":0,"comment_status":"closed","ping_status":"closed","template":"","meta":[],"_links":{"self":[{"href":"http:\/\/psgrabownica.brzozow.pl\/index.php?rest_route=\/wp\/v2\/pages\/14806"}],"collection":[{"href":"http:\/\/psgrabownica.brzozow.pl\/index.php?rest_route=\/wp\/v2\/pages"}],"about":[{"href":"http:\/\/psgrabownica.brzozow.pl\/index.php?rest_route=\/wp\/v2\/types\/page"}],"author":[{"embeddable":true,"href":"http:\/\/psgrabownica.brzozow.pl\/index.php?rest_route=\/wp\/v2\/users\/3"}],"replies":[{"embeddable":true,"href":"http:\/\/psgrabownica.brzozow.pl\/index.php?rest_route=%2Fwp%2Fv2%2Fcomments&post=14806"}],"version-history":[{"count":1,"href":"http:\/\/psgrabownica.brzozow.pl\/index.php?rest_route=\/wp\/v2\/pages\/14806\/revisions"}],"predecessor-version":[{"id":14807,"href":"http:\/\/psgrabownica.brzozow.pl\/index.php?rest_route=\/wp\/v2\/pages\/14806\/revisions\/14807"}],"wp:attachment":[{"href":"http:\/\/psgrabownica.brzozow.pl\/index.php?rest_route=%2Fwp%2Fv2%2Fmedia&parent=14806"}],"curies":[{"name":"wp","href":"https:\/\/api.w.org\/{rel}","templated":true}]}}