{"id":14803,"date":"2021-04-07T10:45:34","date_gmt":"2021-04-07T08:45:34","guid":{"rendered":"http:\/\/psgrabownica.brzozow.pl\/?page_id=14803"},"modified":"2021-04-07T10:45:34","modified_gmt":"2021-04-07T08:45:34","slug":"smerfy-07-04-2021","status":"publish","type":"page","link":"http:\/\/psgrabownica.brzozow.pl\/?page_id=14803","title":{"rendered":"Smerfy 07.04.2021"},"content":{"rendered":"<p>Temat tygodnia: \u201eNadchodzi wiosna\u201d.<\/p>\n<p>\u015aroda \u2013 \u201ePierwsze ro\u015bliny\u201d<\/p>\n<p>1. Kwiatki petronelki\u201d\u00a0 \u2013\u00a0 zabawa\u00a0 grafomotoryczna\u00a0 z\u00a0 wykorzystaniem\u00a0 tekstu\u00a0 El\u017cbiety\u00a0 Minczakiewicz.<\/p>\n<p>Rodzic przygotowuje dla siebie i dziecka kartk\u0119\u00a0 o\u0142\u00f3wek, kredki.\u00a0 Czyta tekst i\u00a0 jednocze\u015bnie\u00a0 demonstruje\u00a0 spos\u00f3b\u00a0 rysowania\u00a0 poszczeg\u00f3lnych\u00a0 element\u00f3w\u00a0 wyr\u00f3\u017cnionych\u00a0 w tek\u015bcie. Nast\u0119pnie kilkukrotnie m\u00f3wi tekst, a dziecko rysuje.<\/p>\n<p><em>K\u00f3\u0142ka ma\u0142e i p\u0119telki<\/em><\/p>\n<p><em>Zrobi\u0119 kwiatki \u2013 \u201epetronelki\u201d.<\/em><\/p>\n<p><em>Dam \u0142odygi, listki ma\u0142e,<\/em><\/p>\n<p><em>Kwiaty b\u0119d\u0105 doskona\u0142e!<\/em><\/p>\n<p><em>Bukiet w\u0142o\u017c\u0119 do wazonu,<\/em><\/p>\n<p><em>B\u0119dzie pachnie\u0107 w ca\u0142ym domu!<\/em><\/p>\n<p>2. \u201eO \u017c\u00f3\u0142tym Tulipanie\u201d \u2013 s\u0142uchanie opowiadania.<\/p>\n<p>O \u017c\u00f3\u0142tym Tulipanie<\/p>\n<p>opracowa\u0142 H. Urbanek wed\u0142ug Marii R\u00f3\u017cyckiej<\/p>\n<p>W ciemnym domku pod ziemi\u0105 mieszka\u0142 ma\u0142y Tulipanek. Male\u0144ki Tulipan, jak wszystkie ma\u0142e dzieci, spa\u0142 ca\u0142ymi dniami. Woko\u0142o by\u0142o bowiem bardzo cicho i ciemno.<\/p>\n<p>Pewnego dnia obudzi\u0142o go lekkie pukanie do drzwi.<\/p>\n<p>\u2013 Kto tam? \u2013 zapyta\u0142 obudzony ze snu Tulipanek.<\/p>\n<p>\u2013 To ja, Deszczyk, chc\u0119 wej\u015b\u0107 do ciebie. Nie b\u00f3j si\u0119, male\u0144ki. Otw\u00f3rz.<\/p>\n<p>\u2013\u00a0 Nie,\u00a0 nie\u00a0 chc\u0119.\u00a0 Nie\u00a0 otworz\u0119\u00a0 \u2013\u00a0 powiedzia\u0142\u00a0 Tulipanek\u00a0 i,\u00a0 odwr\u00f3ciwszy\u00a0 si\u0119\u00a0 w\u00a0 drug\u0105\u00a0 stron\u0119,\u00a0 zn\u00f3w smacznie zasn\u0105\u0142.<\/p>\n<p>Po chwili ma\u0142y Tulipanek us\u0142ysza\u0142 znowu pukanie.<\/p>\n<p>\u2013 Puk! Puk! Puk!<\/p>\n<p>\u2013 Kto tam?<\/p>\n<p>\u2013 To ja, Deszcz. Pozw\u00f3l mi wej\u015b\u0107 do swojego domku.<\/p>\n<p>\u2013 Nie, nie chc\u0119, aby\u015b mnie zmoczy\u0142. Pozw\u00f3l mi spa\u0107 spokojnie.<\/p>\n<p>Po pewnym czasie Tulipanek us\u0142ysza\u0142 zn\u00f3w pukanie i cieniutki, mi\u0142y g\u0142osik wyszepta\u0142:<\/p>\n<p>\u2013 Tulipanku, pu\u015b\u0107 mnie<\/p>\n<p>!\u2013 Kto\u015b ty?<\/p>\n<p>\u2013 Promyk S\u0142oneczny \u2013 powiedzia\u0142 cieniutko g\u0142osik.<\/p>\n<p>\u2013 O, nie potrzebuj\u0119 ci\u0119. Id\u017a sobie.<\/p>\n<p>Ale\u00a0 Promyk\u00a0 S\u0142oneczny\u00a0 nie\u00a0 chcia\u0142\u00a0 odej\u015b\u0107.\u00a0 Po\u00a0 chwili\u00a0 zajrza\u0142\u00a0 do\u00a0 domku\u00a0 tulipanowego\u00a0 przez\u00a0 dziurk\u0119 od klucza i zapuka\u0142.<\/p>\n<p>\u2013 Kto tam puka? \u2013 zapyta\u0142 z\u017c\u00f3\u0142k\u0142y ze z\u0142o\u015bci Tulipanek.<\/p>\n<p>\u2013 To my, Deszcz i S\u0142o\u0144ce. My chcemy wej\u015b\u0107 do ciebie.<\/p>\n<p>Wtedy Tulipanek pomy\u015bla\u0142:<\/p>\n<p>\u201eHa, musz\u0119 jednak otworzy\u0107, bo dwojgu nie dam rady\u201d.<\/p>\n<p>I otworzy\u0142.<\/p>\n<p>Wtedy Deszcz i Promyk wpadli do domku tulipanowego. Deszcz chwyci\u0142 przestraszonego Tulipanka za jedn\u0105 r\u0119k\u0119, Promyk s\u0142o\u0144ca za drug\u0105 i unie\u015bli go wysoko, a\u017c pod sam sufit.<\/p>\n<p>Ma\u0142y \u017b\u00f3\u0142ty Tulipanek uderzy\u0142 g\u0142\u00f3wk\u0105 o sufit swego domku i przebi\u0142 go&#8230; I, o dziwo, znalaz\u0142 si\u0119 w\u015br\u00f3d pi\u0119knego ogrodu, na zielonej trawce. By\u0142a wczesna wiosna. Promyki s\u0142o\u0144ca pada\u0142y na \u017c\u00f3\u0142t\u0105 g\u0142\u00f3wk\u0119 Tulipanka.<\/p>\n<p>A rano przysz\u0142y dzieci i zawo\u0142a\u0142y:<\/p>\n<p>\u2013 Patrzcie! Pierwszy \u017c\u00f3\u0142ty tulipan zakwit\u0142 dzisiaj z rana!<\/p>\n<p>Teraz ju\u017c na pewno b\u0119dzie wiosna.<\/p>\n<p>Rozmowa na temat opowiadania. Rodzic zadaje dziecku \u00a0pytania: <em>Gdzie mieszka\u0142 Tulipanek? Kto odwiedzi\u0142\u00a0 najpierw\u00a0 tulipana?\u00a0 Czy\u00a0 Tulipanek\u00a0 wpu\u015bci\u0142\u00a0 do\u00a0 swojego\u00a0 mieszkania\u00a0 deszczyk?\u00a0 Dla-czego\u00a0 nie?\u00a0 Kto\u00a0 przyszed\u0142\u00a0 potem\u00a0 do\u00a0 tulipana?\u00a0 Czy\u00a0 tulipan\u00a0 otworzy\u0142\u00a0 drzwi\u00a0 deszczykowi?\u00a0 Kto\u00a0 zobaczy\u0142 tulipana? Co powiedzia\u0142y dzieci?<\/em><\/p>\n<p>3. Obejrzenie filmiku o hodowli ro\u015blin cebulowych.<\/p>\n<p><a href=\"https:\/\/www.youtube.com\/watch?v=VzncX4BD6P8\">https:\/\/www.youtube.com\/watch?v=VzncX4BD6P8<\/a><\/p>\n<p>4. \u201eOd cebulki do kwiatka\u201d \u2013 uk\u0142adanie historyjki obrazkowej.<\/p>\n<p>Rodzic drukuje dziecku historyjk\u0119 obrazkow\u0105. Dziecko uk\u0142ada obrazki w odpowiedniej kolejno\u015bci.<\/p>\n<p><a href=\"http:\/\/przedszkole2.czarnkow.pl\/files\/1014\/opis-proponowanych-aktywnosci.pdf\">http:\/\/przedszkole2.czarnkow.pl\/files\/1014\/opis-proponowanych-aktywnosci.pdf<\/a><\/p>\n<p>5. \u201ePrzysz\u0142a wiosna do nied\u017awiedzia\u201d \u2013 os\u0142uchanie z piosenk\u0105<\/p>\n<p>Przysz\u0142a wiosna do nied\u017awiedzia s\u0142. Anna Bernat, muz. trad.<\/p>\n<p>Przysz\u0142a wiosna do nied\u017awiedzia:<\/p>\n<p>\u201eZbud\u017a si\u0119, misiu, zbud\u017a!\u201d.<\/p>\n<p>Pog\u0142aska\u0142a s\u0142onkiem, dzy\u0144, dzy\u0144 le\u015bnym dzwonkiem.<\/p>\n<p>Zbud\u017a si\u0119, misiu, zbud\u017a si\u0119, misiu, a on \u015bpi i ju\u017c!<\/p>\n<p>Przysz\u0142a wiosna do nied\u017awiedzia:<\/p>\n<p>\u201eZbud\u017a si\u0119, misiu, zbud\u017a!\u201d.<\/p>\n<p>Burz\u0105 gra\u0142a, grzmia\u0142a, gromem zahucza\u0142a.<\/p>\n<p>Zbud\u017a si\u0119, misiu, zbud\u017a si\u0119, misiu, a on \u015bpi i ju\u017c!<\/p>\n<p>Nadlecia\u0142a pszcz\u00f3\u0142ka ma\u0142a:<\/p>\n<p>\u201eZbud\u017a si\u0119, misiu, zbud\u017a!\u201d.<\/p>\n<p>Bzyku \u2013 bzyk do ucha, widzia\u0142 kto leniucha!<\/p>\n<p>Ledwie pszcz\u00f3\u0142ka bzyk \u2013 bzykn\u0119\u0142a, Nied\u017awied\u017a krzykn\u0105\u0142: \u201eMi\u00f3d!\u201d<\/p>\n<p><a href=\"https:\/\/www.youtube.com\/watch?v=Fjj9wt44BO8\">https:\/\/www.youtube.com\/watch?v=Fjj9wt44BO8<\/a><\/p>\n<p>6. \u201eNarcyz\u201d \u2013 praca plastyczna z p\u0142atk\u00f3w kosmetycznych<\/p>\n<p><a href=\"https:\/\/www.youtube.com\/watch?v=GG9BS0bxa_w\">https:\/\/www.youtube.com\/watch?v=GG9BS0bxa_w<\/a><\/p>\n<p>7. K\u0105cik Dobrego Startu. Praca z\u00a0 WZOREM 14 i KART\u0104 14<\/p>\n<p>*Prosz\u0119 \u015bci\u0105gn\u0105\u0107 sobie aplikacj\u0119 Kod QR.<\/p>\n<p>Je\u015bli sczytacie kod z WZORU 14 to odtworzy si\u0119 piosenka.<\/p>\n<p>Wiosenna chmura<\/p>\n<p>s\u0142. i muz. Maria Zofia Tomaszewska<\/p>\n<p>Zakrywa s\u0142o\u0144ce<\/p>\n<p>chmura wiosenna. \/\/<\/p>\n<p>Jest dzi\u015b leniwa<\/p>\n<p>i troch\u0119 senna. \/\/<\/p>\n<p>Ma za zadanie<\/p>\n<p>pokropi\u0107 deszczem, \/\/<\/p>\n<p>a ona ch\u0119tnie<\/p>\n<p>spa\u0142aby jeszcze. \/\/<\/p>\n<p>Wiosenny deszczyk<\/p>\n<p>potrzebny, aby \/\/<\/p>\n<p>ros\u0142y nam kwiaty,<\/p>\n<p>drzewa i trawy\/\/<\/p>\n<p>Dziecko rysuje palcem wskazuj\u0105cym wz\u00f3r w tunelu. Mo\u017cna powt\u00f3rzy\u0107 kilkakrotnie.<\/p>\n<p>Nast\u0119pnie rysuje czarn\u0105 kredk\u0105 w tunelu, w kierunku, jak pokazuje strza\u0142ka.<\/p>\n<p>Na Karcie 14 z jednej strony dziecko rysuj\u0105 czarn\u0105 kredk\u0105 wz\u00f3r chmury. Jest to trudny wz\u00f3r, wi\u0119c mo\u017cna\u00a0 pom\u00f3c dziecku.<\/p>\n<p>Na odwrocie koloruje obrazek przedstawiaj\u0105cy ptaszki odpowiednimi kolorami i znowu rysuje wz\u00f3r chmurki.<\/p>\n<p>Pozdrawiam El\u017cbieta Piero\u017cak<\/p>\n<p>&nbsp;<\/p>\n","protected":false},"excerpt":{"rendered":"<p>Temat tygodnia: \u201eNadchodzi wiosna\u201d. \u015aroda \u2013 \u201ePierwsze ro\u015bliny\u201d 1. Kwiatki petronelki\u201d\u00a0 \u2013\u00a0 zabawa\u00a0 grafomotoryczna\u00a0 z\u00a0 wykorzystaniem\u00a0 tekstu\u00a0 El\u017cbiety\u00a0 Minczakiewicz. Rodzic przygotowuje dla siebie i dziecka kartk\u0119\u00a0 o\u0142\u00f3wek, kredki.\u00a0 Czyta tekst i\u00a0 jednocze\u015bnie\u00a0 demonstruje\u00a0 spos\u00f3b\u00a0 rysowania\u00a0 poszczeg\u00f3lnych\u00a0 element\u00f3w\u00a0 wyr\u00f3\u017cnionych\u00a0 w tek\u015bcie. Nast\u0119pnie kilkukrotnie m\u00f3wi tekst, a dziecko rysuje. K\u00f3\u0142ka ma\u0142e i p\u0119telki Zrobi\u0119 kwiatki \u2013 \u201epetronelki\u201d. [&hellip;]<\/p>\n","protected":false},"author":3,"featured_media":0,"parent":0,"menu_order":0,"comment_status":"closed","ping_status":"closed","template":"","meta":[],"_links":{"self":[{"href":"http:\/\/psgrabownica.brzozow.pl\/index.php?rest_route=\/wp\/v2\/pages\/14803"}],"collection":[{"href":"http:\/\/psgrabownica.brzozow.pl\/index.php?rest_route=\/wp\/v2\/pages"}],"about":[{"href":"http:\/\/psgrabownica.brzozow.pl\/index.php?rest_route=\/wp\/v2\/types\/page"}],"author":[{"embeddable":true,"href":"http:\/\/psgrabownica.brzozow.pl\/index.php?rest_route=\/wp\/v2\/users\/3"}],"replies":[{"embeddable":true,"href":"http:\/\/psgrabownica.brzozow.pl\/index.php?rest_route=%2Fwp%2Fv2%2Fcomments&post=14803"}],"version-history":[{"count":1,"href":"http:\/\/psgrabownica.brzozow.pl\/index.php?rest_route=\/wp\/v2\/pages\/14803\/revisions"}],"predecessor-version":[{"id":14805,"href":"http:\/\/psgrabownica.brzozow.pl\/index.php?rest_route=\/wp\/v2\/pages\/14803\/revisions\/14805"}],"wp:attachment":[{"href":"http:\/\/psgrabownica.brzozow.pl\/index.php?rest_route=%2Fwp%2Fv2%2Fmedia&parent=14803"}],"curies":[{"name":"wp","href":"https:\/\/api.w.org\/{rel}","templated":true}]}}