{"id":14750,"date":"2021-03-29T17:27:32","date_gmt":"2021-03-29T15:27:32","guid":{"rendered":"http:\/\/psgrabownica.brzozow.pl\/?page_id=14750"},"modified":"2021-03-29T19:39:32","modified_gmt":"2021-03-29T17:39:32","slug":"zajaczki-31-03-2021","status":"publish","type":"page","link":"http:\/\/psgrabownica.brzozow.pl\/?page_id=14750","title":{"rendered":"Zaj\u0105czki 31.03.2021"},"content":{"rendered":"<p>Temat: Mamy i ich dzieci.<\/p>\n<ol>\n<li>Zagadki o zwierz\u0119tach gospodarskich.<\/li>\n<\/ol>\n<p>&nbsp;<\/p>\n<p>Zawsze blisko krowy i ogonem<br \/>\nmiele, ka\u017cdy ju\u017c odgadnie,<br \/>\nbo to przecie\u017c&#8230;<br \/>\n<em>(ciele)<\/em><\/p>\n<p><em>\u00a0<\/em><\/p>\n<p>Nad rzeczu\u0142k\u0105 wartk\u0105,<br \/>\nkto to drepce z dziatw\u0105?<br \/>\n\u017b\u00f3\u0142te n\u00f3\u017cki ma.<br \/>\nG\u0119, g\u0119, g\u0119, g\u0119, ga! &#8230;<br \/>\n<em>(g\u0119\u015b)<\/em><\/p>\n<p><em>\u00a0<\/em><\/p>\n<p>\u017b\u00f3\u0142te, puszyste pi\u00f3rka,<br \/>\nokr\u0105g\u0142e, grube brzuszki,<br \/>\noczka jak dwa paciorki<br \/>\ni p\u0142askie krzywe n\u00f3\u017cki. &#8230;<br \/>\n<em>(kacz\u0105tko)<\/em><\/p>\n<p><em>\u00a0<\/em><\/p>\n<p>\u017b\u00f3\u0142ciutkie kuleczki<br \/>\nZa kura si\u0119 tocz\u0105,<br \/>\nKryj\u0105 si\u0119 pod skrzyd\u0142a,<br \/>\nKiedy wroga zocz\u0105. &#8230;<br \/>\n(kurcz\u0119ta)<\/p>\n<p>&nbsp;<\/p>\n<p>Cukrowe \u2013 s\u0105 blisko pisanek.<br \/>\nPrawdziwe, rogate \u2013 wiod\u0105 stado<br \/>\nlatem na g\u00f3rsk\u0105 polan\u0119.<br \/>\n<em>(baranki)<\/em><\/p>\n<p><em>\u00a0<\/em><\/p>\n<p>Chodzi po podw\u00f3rku-<br \/>\nZawsze grzebie\u0144 nosi,<br \/>\nJest panem podw\u00f3rka<br \/>\ni chlub\u0105 gosposi? &#8230;<br \/>\n<em>( kogut)<\/em><\/p>\n<p><em>\u00a0<\/em><\/p>\n<ol start=\"2\">\n<li>,, Koniki na \u0142\u0105ce\u201d \u2013 rozwijanie og\u00f3lnej sprawno\u015bci. Dziecko robi sobie ogonek np. z paska do spodni. Mo\u017cna pobawi\u0107 si\u0119 z dzieckiem w zabieranie konikowi ogonka. Dziecko ucieka, pr\u00f3buj\u0105c ochroni\u0107 sw\u00f3j ogonek a rodzic pr\u00f3buje mu go odebra\u0107.<\/li>\n<li>,, Jaka jest mama?\u201d- dziecko, na podstawie poni\u017cszych ilustracji opowiada na zadane pytania, np.: Jaka jest mama owca? Jaka jest mama krowa?\u00a0 \u00a0Jaka jest mama kura?<a href=\"http:\/\/psgrabownica.brzozow.pl\/wp-content\/uploads\/2021\/03\/kwoka.jpg\"><img loading=\"lazy\" class=\"alignnone size-medium wp-image-14751\" src=\"http:\/\/psgrabownica.brzozow.pl\/wp-content\/uploads\/2021\/03\/kwoka-408x255.jpg\" alt=\"kwoka\" width=\"408\" height=\"255\" srcset=\"http:\/\/psgrabownica.brzozow.pl\/wp-content\/uploads\/2021\/03\/kwoka-408x255.jpg 408w, http:\/\/psgrabownica.brzozow.pl\/wp-content\/uploads\/2021\/03\/kwoka.jpg 1920w\" sizes=\"(max-width: 408px) 100vw, 408px\" \/><\/a> <a href=\"http:\/\/psgrabownica.brzozow.pl\/wp-content\/uploads\/2021\/03\/mama-krowa-i-ciele-400-71275647.jpg\"><img loading=\"lazy\" class=\"alignnone size-medium wp-image-14752\" src=\"http:\/\/psgrabownica.brzozow.pl\/wp-content\/uploads\/2021\/03\/mama-krowa-i-ciele-400-71275647.jpg\" alt=\"mama-krowa-i-ciele-400-71275647\" width=\"400\" height=\"309\" \/><\/a> <a href=\"http:\/\/psgrabownica.brzozow.pl\/wp-content\/uploads\/2021\/03\/owca1.jpg\"><img loading=\"lazy\" class=\"alignnone size-medium wp-image-14753\" src=\"http:\/\/psgrabownica.brzozow.pl\/wp-content\/uploads\/2021\/03\/owca1-408x197.jpg\" alt=\"owca1\" width=\"408\" height=\"197\" srcset=\"http:\/\/psgrabownica.brzozow.pl\/wp-content\/uploads\/2021\/03\/owca1-408x197.jpg 408w, http:\/\/psgrabownica.brzozow.pl\/wp-content\/uploads\/2021\/03\/owca1.jpg 640w\" sizes=\"(max-width: 408px) 100vw, 408px\" \/><\/a><\/li>\n<li>Praca z KP2.23- rozwijanie wiedzy przyrodniczej i og\u00f3lnej. \u0106wiczenie sprawno\u015bci manualnej. Dziecko \u0142\u0105czy w pary mam\u0119 i jej dziecko za pomoc\u0105 nalepek ze \u015bladami, nast\u0119pnie wybiera zwierz\u0105tko pasuj\u0105ce do koszyczka wielkanocnego i nalepia obok koszyczka.<\/li>\n<li>Praca z KP2.24 &#8211;\u00a0 dziecko rysuje \u00a0drog\u0119 kotka do k\u0142\u0119bka , przelicza kostki. Tak\u0105 sama drog\u0119 projektuje na dolnej kratownicy, korzystaj\u0105c z nalepek.<\/li>\n<li>Piosenka ,, By\u0142a sobie \u017cabka ma\u0142a\u201d. Dziecko ws\u0142uchuje si\u0119 w tekst piosenki. Po wys\u0142uchaniu mo\u017cna zada\u0107 pytania: <em>Jaka by\u0142a \u017cabka? Jaka by\u0142a mama \u017cabki? Czy \u017cabka pos\u0142ucha\u0142a mamy? Co si\u0119 sta\u0142o z \u017cabk\u0105?<\/em><\/li>\n<\/ol>\n<p><a href=\"https:\/\/www.youtube.com\/watch?v=_XMr80enW9A\">By\u0142a sobie \u017cabka ma\u0142a<\/a><\/p>\n<p>&nbsp;<\/p>\n<p>&nbsp;<\/p>\n","protected":false},"excerpt":{"rendered":"<p>Temat: Mamy i ich dzieci. Zagadki o zwierz\u0119tach gospodarskich. &nbsp; Zawsze blisko krowy i ogonem miele, ka\u017cdy ju\u017c odgadnie, bo to przecie\u017c&#8230; (ciele) \u00a0 Nad rzeczu\u0142k\u0105 wartk\u0105, kto to drepce z dziatw\u0105? \u017b\u00f3\u0142te n\u00f3\u017cki ma. G\u0119, g\u0119, g\u0119, g\u0119, ga! &#8230; (g\u0119\u015b) \u00a0 \u017b\u00f3\u0142te, puszyste pi\u00f3rka, okr\u0105g\u0142e, grube brzuszki, oczka jak dwa paciorki i p\u0142askie [&hellip;]<\/p>\n","protected":false},"author":3,"featured_media":0,"parent":0,"menu_order":0,"comment_status":"closed","ping_status":"closed","template":"","meta":[],"_links":{"self":[{"href":"http:\/\/psgrabownica.brzozow.pl\/index.php?rest_route=\/wp\/v2\/pages\/14750"}],"collection":[{"href":"http:\/\/psgrabownica.brzozow.pl\/index.php?rest_route=\/wp\/v2\/pages"}],"about":[{"href":"http:\/\/psgrabownica.brzozow.pl\/index.php?rest_route=\/wp\/v2\/types\/page"}],"author":[{"embeddable":true,"href":"http:\/\/psgrabownica.brzozow.pl\/index.php?rest_route=\/wp\/v2\/users\/3"}],"replies":[{"embeddable":true,"href":"http:\/\/psgrabownica.brzozow.pl\/index.php?rest_route=%2Fwp%2Fv2%2Fcomments&post=14750"}],"version-history":[{"count":3,"href":"http:\/\/psgrabownica.brzozow.pl\/index.php?rest_route=\/wp\/v2\/pages\/14750\/revisions"}],"predecessor-version":[{"id":14762,"href":"http:\/\/psgrabownica.brzozow.pl\/index.php?rest_route=\/wp\/v2\/pages\/14750\/revisions\/14762"}],"wp:attachment":[{"href":"http:\/\/psgrabownica.brzozow.pl\/index.php?rest_route=%2Fwp%2Fv2%2Fmedia&parent=14750"}],"curies":[{"name":"wp","href":"https:\/\/api.w.org\/{rel}","templated":true}]}}