{"id":14744,"date":"2021-03-29T17:20:22","date_gmt":"2021-03-29T15:20:22","guid":{"rendered":"http:\/\/psgrabownica.brzozow.pl\/?page_id=14744"},"modified":"2021-03-29T19:44:28","modified_gmt":"2021-03-29T17:44:28","slug":"zajaczki-30-03-2021","status":"publish","type":"page","link":"http:\/\/psgrabownica.brzozow.pl\/?page_id=14744","title":{"rendered":"Zaj\u0105czki 30.03.2021"},"content":{"rendered":"<p>Temat: Sk\u0105d si\u0119 wzi\u0119\u0142a pisanka?<\/p>\n<ol>\n<li>,,Kurka na grz\u0119dzie\u201d-\u00a0 usprawnianie st\u00f3p. Dziecko chodzi bosymi stopami po linie(mo\u017ce by\u0107 sznur\u00f3wka) roz\u0142o\u017conej na dywanie: bokiem (\u015brodkiem stopy, na palcach), prosto. Powt\u00f3rzy\u0107 dwa razy.<\/li>\n<li>Praca ze wzorem KDS- wz\u00f3r 15. Dziecko odpowiada na pytania: <em>Co widzisz na obrazku?, Jak u\u0142o\u017cone s\u0105 linie we wzorze: s\u0105 poziome czyli le\u017c\u0105ce, czy pionowe czyli stoj\u0105ce?, Ile ich jest? <\/em><strong>Przy wzorze jest zamieszczony kod QR. Mo\u017cna go zeskanowa\u0107 za pomoc\u0105 aplikacji do odczytu kod\u00f3w QR (znajduje si\u0119 w sklepie play). Jest tam piosenka, w rytm kt\u00f3rej dziecko paluszkiem rysuje po wzorze.<\/strong><\/li>\n<\/ol>\n<p>Dziecko uk\u0142ada z patyczk\u00f3w taki sam wz\u00f3r jak na karcie.<\/p>\n<ol start=\"3\">\n<li>,,Czy jajko jest podobne do kury?\u201d- obrazki jajka i kury. Dziecko przygl\u0105da si\u0119 im i podaje r\u00f3\u017cnice lub podobie\u0144stwa, je\u015bli dziecko jak\u0105\u015b zauwa\u017cy.<\/li>\n<\/ol>\n<p><a href=\"http:\/\/psgrabownica.brzozow.pl\/wp-content\/uploads\/2021\/03\/f247c138a075e65bf9aaf301e81c374f7cf874d5.jpeg\"><img loading=\"lazy\" class=\"alignnone size-medium wp-image-14745\" src=\"http:\/\/psgrabownica.brzozow.pl\/wp-content\/uploads\/2021\/03\/f247c138a075e65bf9aaf301e81c374f7cf874d5-408x325.jpeg\" alt=\"f247c138a075e65bf9aaf301e81c374f7cf874d5\" width=\"408\" height=\"325\" srcset=\"http:\/\/psgrabownica.brzozow.pl\/wp-content\/uploads\/2021\/03\/f247c138a075e65bf9aaf301e81c374f7cf874d5-408x325.jpeg 408w, http:\/\/psgrabownica.brzozow.pl\/wp-content\/uploads\/2021\/03\/f247c138a075e65bf9aaf301e81c374f7cf874d5.jpeg 751w\" sizes=\"(max-width: 408px) 100vw, 408px\" \/><\/a> <a href=\"http:\/\/psgrabownica.brzozow.pl\/wp-content\/uploads\/2021\/03\/odbijajace-sie-jajko.jpg\"><img loading=\"lazy\" class=\"alignnone size-medium wp-image-14746\" src=\"http:\/\/psgrabownica.brzozow.pl\/wp-content\/uploads\/2021\/03\/odbijajace-sie-jajko.jpg\" alt=\"odbijajace-sie-jajko\" width=\"400\" height=\"347\" \/><\/a><\/p>\n<p>&nbsp;<\/p>\n<ol start=\"4\">\n<li>,,Zabawy ze s\u0142owami\u201d- praca indywidualna z dzieckiem, stosowanie w zdaniach odpowiednich form rzeczownik\u00f3w w czasie przesz\u0142ym i przysz\u0142ym. Rodzic wypowiada zdanie, dziecko dopowiada brakuj\u0105cy wyraz, np.: <em>Oto kot, bawi\u0119 si\u0119 z \u2026.(kotem).\u00a0<\/em><em>Mam pieska, bawi\u0119 si\u0119 z \u2026.. (pieskiem). Oto miseczka, wlewam mleko do \u2026..(miseczki). To du\u017ca kanapa, kot wskakuje na \u2026\u2026..(kanap\u0119).To wysoki p\u0142ot, kot wskoczy\u0142 na \u2026..(p\u0142ot).<\/em><\/li>\n<\/ol>\n<ol start=\"5\">\n<li>Piosenka o wio\u015bnie.<\/li>\n<\/ol>\n<p><a href=\"https:\/\/www.youtube.com\/watch?v=AjRklvJu7ps\">Przysz\u0142a do nas wiosna<\/a><\/p>\n","protected":false},"excerpt":{"rendered":"<p>Temat: Sk\u0105d si\u0119 wzi\u0119\u0142a pisanka? ,,Kurka na grz\u0119dzie\u201d-\u00a0 usprawnianie st\u00f3p. Dziecko chodzi bosymi stopami po linie(mo\u017ce by\u0107 sznur\u00f3wka) roz\u0142o\u017conej na dywanie: bokiem (\u015brodkiem stopy, na palcach), prosto. Powt\u00f3rzy\u0107 dwa razy. Praca ze wzorem KDS- wz\u00f3r 15. Dziecko odpowiada na pytania: Co widzisz na obrazku?, Jak u\u0142o\u017cone s\u0105 linie we wzorze: s\u0105 poziome czyli le\u017c\u0105ce, czy [&hellip;]<\/p>\n","protected":false},"author":3,"featured_media":0,"parent":0,"menu_order":0,"comment_status":"closed","ping_status":"closed","template":"","meta":[],"_links":{"self":[{"href":"http:\/\/psgrabownica.brzozow.pl\/index.php?rest_route=\/wp\/v2\/pages\/14744"}],"collection":[{"href":"http:\/\/psgrabownica.brzozow.pl\/index.php?rest_route=\/wp\/v2\/pages"}],"about":[{"href":"http:\/\/psgrabownica.brzozow.pl\/index.php?rest_route=\/wp\/v2\/types\/page"}],"author":[{"embeddable":true,"href":"http:\/\/psgrabownica.brzozow.pl\/index.php?rest_route=\/wp\/v2\/users\/3"}],"replies":[{"embeddable":true,"href":"http:\/\/psgrabownica.brzozow.pl\/index.php?rest_route=%2Fwp%2Fv2%2Fcomments&post=14744"}],"version-history":[{"count":3,"href":"http:\/\/psgrabownica.brzozow.pl\/index.php?rest_route=\/wp\/v2\/pages\/14744\/revisions"}],"predecessor-version":[{"id":14764,"href":"http:\/\/psgrabownica.brzozow.pl\/index.php?rest_route=\/wp\/v2\/pages\/14744\/revisions\/14764"}],"wp:attachment":[{"href":"http:\/\/psgrabownica.brzozow.pl\/index.php?rest_route=%2Fwp%2Fv2%2Fmedia&parent=14744"}],"curies":[{"name":"wp","href":"https:\/\/api.w.org\/{rel}","templated":true}]}}