{"id":14536,"date":"2021-01-28T14:40:51","date_gmt":"2021-01-28T13:40:51","guid":{"rendered":"http:\/\/psgrabownica.brzozow.pl\/?page_id=14536"},"modified":"2024-02-12T18:08:03","modified_gmt":"2024-02-12T17:08:03","slug":"pakiet-dokumentow-dla-rodzicow-zapisy","status":"publish","type":"page","link":"http:\/\/psgrabownica.brzozow.pl\/?page_id=14536","title":{"rendered":"PAKIET DOKUMENT\u00d3W DLA RODZIC\u00d3W &#8211; ZAPISY DO PRZEDSZKOLA!!!"},"content":{"rendered":"\t\t<div data-elementor-type=\"wp-page\" data-elementor-id=\"14536\" class=\"elementor elementor-14536\">\n\t\t\t\t\t\t\t\t\t<section class=\"elementor-section elementor-top-section elementor-element elementor-element-1069abd2 elementor-section-boxed elementor-section-height-default elementor-section-height-default\" data-id=\"1069abd2\" data-element_type=\"section\">\n\t\t\t\t\t\t<div class=\"elementor-container elementor-column-gap-default\">\n\t\t\t\t\t<div class=\"elementor-column elementor-col-100 elementor-top-column elementor-element elementor-element-567b3c24\" data-id=\"567b3c24\" data-element_type=\"column\">\n\t\t\t<div class=\"elementor-widget-wrap elementor-element-populated\">\n\t\t\t\t\t\t\t\t<div class=\"elementor-element elementor-element-6024eb62 elementor-widget elementor-widget-text-editor\" data-id=\"6024eb62\" data-element_type=\"widget\" data-widget_type=\"text-editor.default\">\n\t\t\t\t<div class=\"elementor-widget-container\">\n\t\t\t<style>\/*! elementor - v3.6.2 - 04-04-2022 *\/\n.elementor-widget-text-editor.elementor-drop-cap-view-stacked .elementor-drop-cap{background-color:#818a91;color:#fff}.elementor-widget-text-editor.elementor-drop-cap-view-framed .elementor-drop-cap{color:#818a91;border:3px solid;background-color:transparent}.elementor-widget-text-editor:not(.elementor-drop-cap-view-default) .elementor-drop-cap{margin-top:8px}.elementor-widget-text-editor:not(.elementor-drop-cap-view-default) .elementor-drop-cap-letter{width:1em;height:1em}.elementor-widget-text-editor .elementor-drop-cap{float:left;text-align:center;line-height:1;font-size:50px}.elementor-widget-text-editor .elementor-drop-cap-letter{display:inline-block}<\/style>\t\t\t\t<p><a href=\"http:\/\/psgrabownica.brzozow.pl\/wp-content\/uploads\/2024\/02\/Deklaracja-kontunuacji.docx\">Deklaracja-kontunuacji<\/a><\/p><p><a href=\"http:\/\/psgrabownica.brzozow.pl\/wp-content\/uploads\/2024\/02\/KARTA-ZGLOSZENIA-DZIECKA-nowa-Grabownica.doc\">KARTA ZG\u0141OSZENIA DZIECKA nowa Grabownica<\/a><\/p><p><a href=\"http:\/\/psgrabownica.brzozow.pl\/wp-content\/uploads\/2021\/01\/Deklaracja-rodzic\u00f3w.docx\">Deklaracja rodzic\u00f3w<\/a><\/p><p><a href=\"http:\/\/psgrabownica.brzozow.pl\/wp-content\/uploads\/2021\/01\/o\u015bwiadczenie-o-odbieraniu-dziecka.docx\">O\u015bwiadczenie o odbieraniu dziecka<\/a><\/p><p><a href=\"http:\/\/psgrabownica.brzozow.pl\/wp-content\/uploads\/2021\/01\/O\u015bwiadczenie-rodzic\u00f3w.docx\">O\u015bwiadczenie rodzic\u00f3w<\/a><\/p>\t\t\t\t\t\t<\/div>\n\t\t\t\t<\/div>\n\t\t\t\t\t<\/div>\n\t\t<\/div>\n\t\t\t\t\t\t\t<\/div>\n\t\t<\/section>\n\t\t\t\t<section class=\"elementor-section elementor-top-section elementor-element elementor-element-615e74c elementor-section-boxed elementor-section-height-default elementor-section-height-default\" data-id=\"615e74c\" data-element_type=\"section\">\n\t\t\t\t\t\t<div class=\"elementor-container elementor-column-gap-default\">\n\t\t\t\t\t<div class=\"elementor-column elementor-col-100 elementor-top-column elementor-element elementor-element-b264c94\" data-id=\"b264c94\" data-element_type=\"column\">\n\t\t\t<div class=\"elementor-widget-wrap elementor-element-populated\">\n\t\t\t\t\t\t\t\t<div class=\"elementor-element elementor-element-872cb5c elementor-widget elementor-widget-text-editor\" data-id=\"872cb5c\" data-element_type=\"widget\" data-widget_type=\"text-editor.default\">\n\t\t\t\t<div class=\"elementor-widget-container\">\n\t\t\t\t\t\t\t\t\t\t\t\t\t<\/div>\n\t\t\t\t<\/div>\n\t\t\t\t\t<\/div>\n\t\t<\/div>\n\t\t\t\t\t\t\t<\/div>\n\t\t<\/section>\n\t\t\t\t\t\t\t<\/div>\n\t\t","protected":false},"excerpt":{"rendered":"<p>Deklaracja-kontunuacji KARTA ZG\u0141OSZENIA DZIECKA nowa Grabownica Deklaracja rodzic\u00f3w O\u015bwiadczenie o odbieraniu dziecka O\u015bwiadczenie rodzic\u00f3w<\/p>\n","protected":false},"author":3,"featured_media":0,"parent":0,"menu_order":0,"comment_status":"closed","ping_status":"closed","template":"","meta":[],"_links":{"self":[{"href":"http:\/\/psgrabownica.brzozow.pl\/index.php?rest_route=\/wp\/v2\/pages\/14536"}],"collection":[{"href":"http:\/\/psgrabownica.brzozow.pl\/index.php?rest_route=\/wp\/v2\/pages"}],"about":[{"href":"http:\/\/psgrabownica.brzozow.pl\/index.php?rest_route=\/wp\/v2\/types\/page"}],"author":[{"embeddable":true,"href":"http:\/\/psgrabownica.brzozow.pl\/index.php?rest_route=\/wp\/v2\/users\/3"}],"replies":[{"embeddable":true,"href":"http:\/\/psgrabownica.brzozow.pl\/index.php?rest_route=%2Fwp%2Fv2%2Fcomments&post=14536"}],"version-history":[{"count":8,"href":"http:\/\/psgrabownica.brzozow.pl\/index.php?rest_route=\/wp\/v2\/pages\/14536\/revisions"}],"predecessor-version":[{"id":20264,"href":"http:\/\/psgrabownica.brzozow.pl\/index.php?rest_route=\/wp\/v2\/pages\/14536\/revisions\/20264"}],"wp:attachment":[{"href":"http:\/\/psgrabownica.brzozow.pl\/index.php?rest_route=%2Fwp%2Fv2%2Fmedia&parent=14536"}],"curies":[{"name":"wp","href":"https:\/\/api.w.org\/{rel}","templated":true}]}}