{"id":14265,"date":"2020-12-01T15:18:39","date_gmt":"2020-12-01T14:18:39","guid":{"rendered":"http:\/\/psgrabownica.brzozow.pl\/?page_id=14265"},"modified":"2021-04-20T14:37:20","modified_gmt":"2021-04-20T12:37:20","slug":"program-solidarnosc-podaj-dalej-w-naszym-przedszkolu","status":"publish","type":"page","link":"http:\/\/psgrabownica.brzozow.pl\/?page_id=14265","title":{"rendered":"Program ,,Solidarno\u015b\u0107. Podaj dalej!&#8221; w naszym przedszkolu"},"content":{"rendered":"<p><a href=\"http:\/\/psgrabownica.brzozow.pl\/wp-content\/uploads\/2020\/12\/solidarnosc1.jpg\"><img loading=\"lazy\" class=\"alignnone size-medium wp-image-14256\" src=\"http:\/\/psgrabownica.brzozow.pl\/wp-content\/uploads\/2020\/12\/solidarnosc1-187x375.jpg\" alt=\"solidarnosc1\" width=\"187\" height=\"375\" srcset=\"http:\/\/psgrabownica.brzozow.pl\/wp-content\/uploads\/2020\/12\/solidarnosc1-187x375.jpg 187w, http:\/\/psgrabownica.brzozow.pl\/wp-content\/uploads\/2020\/12\/solidarnosc1-1012x2024.jpg 1012w, http:\/\/psgrabownica.brzozow.pl\/wp-content\/uploads\/2020\/12\/solidarnosc1.jpg 1080w\" sizes=\"(max-width: 187px) 100vw, 187px\" \/><\/a><\/p>\n<p>Grupa 5 latk\u00f3w wraz pani\u0105 Zofi\u0105 Wojnowsk\u0105 \u2013 dyrektork\u0105 przedszkola-\u00a0 porusza\u0142a na zaj\u0119ciach temat tolerancji, dyskryminacji i poszanowania praw cz\u0142owieka. Na podstawie bajeczki \u201ePrzygoda w paski\u201d i wybranych ilustracji dzieci dyskutowa\u0142y o tym, z jakiej przyczyny mo\u017cna kogo\u015b dyskryminowa\u0107, wyklucza\u0107 i czy tolerancja jest nam dzisiaj potrzebna. W efekcie dzieci wsp\u00f3lnie przygotowa\u0142y plakat o tolerancji. Teraz czekamy na materia\u0142y z Centrum Edukacji Obywatelskiej, aby m\u00f3c poprowadzi\u0107 kolejne zaj\u0119cia.<\/p>\n<p>Efekty pracy w grupach s\u0105 przedstawiane na mi\u0119dzynarodowym komunikatorze SLACK. I tutaj nasze dzia\u0142ania zosta\u0142y dostrze\u017cone przez koordynatork\u0119 programu, P. Agnieszk\u0119 Gwiazdowicz. Wie\u015b\u0107 o nas posz\u0142a w \u015bwiat.<\/p>\n<p><a href=\"http:\/\/psgrabownica.brzozow.pl\/wp-content\/uploads\/2020\/12\/163563324_254136586423293_5629678279067653293_n.jpg\"><img loading=\"lazy\" class=\"aligncenter size-medium wp-image-15084\" src=\"http:\/\/psgrabownica.brzozow.pl\/wp-content\/uploads\/2020\/12\/163563324_254136586423293_5629678279067653293_n-408x306.jpg\" alt=\"163563324_254136586423293_5629678279067653293_n\" width=\"408\" height=\"306\" \/><\/a> <a href=\"http:\/\/psgrabownica.brzozow.pl\/wp-content\/uploads\/2020\/12\/163859932_1384338668565994_3398101867641992625_n.jpg\"><img loading=\"lazy\" class=\"aligncenter size-medium wp-image-15085\" src=\"http:\/\/psgrabownica.brzozow.pl\/wp-content\/uploads\/2020\/12\/163859932_1384338668565994_3398101867641992625_n-408x306.jpg\" alt=\"163859932_1384338668565994_3398101867641992625_n\" width=\"408\" height=\"306\" \/><\/a><\/p>\n<p><strong>Warsztaty z analizy obrazu i\u2026zamiast pisarskich \u2013 rysunkowe<\/strong><\/p>\n<p>&nbsp;<\/p>\n<p>W programie Solidarno\u015b\u0107. Podaj dalej jednym z zada\u0144 dla nauczycieli by\u0142o przeprowadzenie z\u00a0uczniami warsztat\u00f3w z analizy obrazu i pisarskich. Trudne dla przedszkolak\u00f3w, ale dla chc\u0105cego nic trudnego. Analiza fotografii by\u0142a, omawiali\u015bmy ka\u017cde zdj\u0119cie, dzieci opowiada\u0142y o swoich uczuciach, tworzy\u0142y historie i zamiast pisa\u0107, uczy\u0142y si\u0119 rysowa\u0107 za pomoc\u0105 symboli. Mog\u0142y te\u017c wykleja\u0107. Rysowa\u0142y wi\u0119c to, co odczuwa\u0142y w zwi\u0105zku z konkretnym obrazem na karteczkach, kt\u00f3re potem rozes\u0142ali\u015bmy do Urz\u0119du Gminy w Brzozowie, do Zespo\u0142u Administracyjno \u2013 Ekonomicznego Szk\u00f3\u0142 w Brzozowie, do Szko\u0142y Podstawowej w Rijece<\/p>\n<p>( Chorwacja) i do SP w Dydni. Teraz czekamy na odpowiedzi.<\/p>\n<p>&nbsp;<\/p>\n<p>Z.Wojnowska<\/p>\n<p>&nbsp;<\/p>\n<p>&nbsp;<\/p>\n<p>&nbsp;<\/p>\n","protected":false},"excerpt":{"rendered":"<p>Grupa 5 latk\u00f3w wraz pani\u0105 Zofi\u0105 Wojnowsk\u0105 \u2013 dyrektork\u0105 przedszkola-\u00a0 porusza\u0142a na zaj\u0119ciach temat tolerancji, dyskryminacji i poszanowania praw cz\u0142owieka. Na podstawie bajeczki \u201ePrzygoda w paski\u201d i wybranych ilustracji dzieci dyskutowa\u0142y o tym, z jakiej przyczyny mo\u017cna kogo\u015b dyskryminowa\u0107, wyklucza\u0107 i czy tolerancja jest nam dzisiaj potrzebna. W efekcie dzieci wsp\u00f3lnie przygotowa\u0142y plakat o tolerancji. [&hellip;]<\/p>\n","protected":false},"author":3,"featured_media":0,"parent":0,"menu_order":0,"comment_status":"closed","ping_status":"closed","template":"","meta":[],"_links":{"self":[{"href":"http:\/\/psgrabownica.brzozow.pl\/index.php?rest_route=\/wp\/v2\/pages\/14265"}],"collection":[{"href":"http:\/\/psgrabownica.brzozow.pl\/index.php?rest_route=\/wp\/v2\/pages"}],"about":[{"href":"http:\/\/psgrabownica.brzozow.pl\/index.php?rest_route=\/wp\/v2\/types\/page"}],"author":[{"embeddable":true,"href":"http:\/\/psgrabownica.brzozow.pl\/index.php?rest_route=\/wp\/v2\/users\/3"}],"replies":[{"embeddable":true,"href":"http:\/\/psgrabownica.brzozow.pl\/index.php?rest_route=%2Fwp%2Fv2%2Fcomments&post=14265"}],"version-history":[{"count":3,"href":"http:\/\/psgrabownica.brzozow.pl\/index.php?rest_route=\/wp\/v2\/pages\/14265\/revisions"}],"predecessor-version":[{"id":15086,"href":"http:\/\/psgrabownica.brzozow.pl\/index.php?rest_route=\/wp\/v2\/pages\/14265\/revisions\/15086"}],"wp:attachment":[{"href":"http:\/\/psgrabownica.brzozow.pl\/index.php?rest_route=%2Fwp%2Fv2%2Fmedia&parent=14265"}],"curies":[{"name":"wp","href":"https:\/\/api.w.org\/{rel}","templated":true}]}}