{"id":13978,"date":"2020-11-16T20:30:00","date_gmt":"2020-11-16T19:30:00","guid":{"rendered":"http:\/\/psgrabownica.brzozow.pl\/?page_id=13978"},"modified":"2020-11-16T20:30:00","modified_gmt":"2020-11-16T19:30:00","slug":"asy-internetu-2","status":"publish","type":"page","link":"http:\/\/psgrabownica.brzozow.pl\/?page_id=13978","title":{"rendered":"Asy Internetu"},"content":{"rendered":"<p>Jeste\u015bmy w programie \u201e Asy Internetu\u201d Fundacji Szko\u0142a z Klas\u0105 i Google. Program ma na celu propagowanie poprawnych zachowa\u0144 w Internecie. Wi\u0119cej o programie mo\u017cna przeczyta\u0107 pod linkiem:\u00a0<a href=\"http:\/\/asyinternetu.szkolazklasa.org.pl\/o-programie\/\">http:\/\/asyinternetu.szkolazklasa.org.pl\/o-programie\/<\/a><\/p>\n","protected":false},"excerpt":{"rendered":"<p>Jeste\u015bmy w programie \u201e Asy Internetu\u201d Fundacji Szko\u0142a z Klas\u0105 i Google. Program ma na celu propagowanie poprawnych zachowa\u0144 w Internecie. Wi\u0119cej o programie mo\u017cna przeczyta\u0107 pod linkiem:\u00a0http:\/\/asyinternetu.szkolazklasa.org.pl\/o-programie\/<\/p>\n","protected":false},"author":3,"featured_media":0,"parent":0,"menu_order":0,"comment_status":"closed","ping_status":"closed","template":"","meta":[],"_links":{"self":[{"href":"http:\/\/psgrabownica.brzozow.pl\/index.php?rest_route=\/wp\/v2\/pages\/13978"}],"collection":[{"href":"http:\/\/psgrabownica.brzozow.pl\/index.php?rest_route=\/wp\/v2\/pages"}],"about":[{"href":"http:\/\/psgrabownica.brzozow.pl\/index.php?rest_route=\/wp\/v2\/types\/page"}],"author":[{"embeddable":true,"href":"http:\/\/psgrabownica.brzozow.pl\/index.php?rest_route=\/wp\/v2\/users\/3"}],"replies":[{"embeddable":true,"href":"http:\/\/psgrabownica.brzozow.pl\/index.php?rest_route=%2Fwp%2Fv2%2Fcomments&post=13978"}],"version-history":[{"count":1,"href":"http:\/\/psgrabownica.brzozow.pl\/index.php?rest_route=\/wp\/v2\/pages\/13978\/revisions"}],"predecessor-version":[{"id":13979,"href":"http:\/\/psgrabownica.brzozow.pl\/index.php?rest_route=\/wp\/v2\/pages\/13978\/revisions\/13979"}],"wp:attachment":[{"href":"http:\/\/psgrabownica.brzozow.pl\/index.php?rest_route=%2Fwp%2Fv2%2Fmedia&parent=13978"}],"curies":[{"name":"wp","href":"https:\/\/api.w.org\/{rel}","templated":true}]}}