{"id":13901,"date":"2020-11-01T22:50:25","date_gmt":"2020-11-01T21:50:25","guid":{"rendered":"http:\/\/psgrabownica.brzozow.pl\/?page_id=13901"},"modified":"2020-11-16T20:40:04","modified_gmt":"2020-11-16T19:40:04","slug":"solidarnosc-podaj-dalej","status":"publish","type":"page","link":"http:\/\/psgrabownica.brzozow.pl\/?page_id=13901","title":{"rendered":"Solidarno\u015b\u0107. Podaj dalej!"},"content":{"rendered":"<p style=\"text-align: justify;\">Program Solidarno\u015b\u0107. Podaj dalej! to projekt realizowany mi\u0119dzynarodowo od 2016 roku r\u00f3wnolegle we Francji, Chorwacji, Hiszpanii i Polsce. Opiera si\u0119 na prostym pomy\u015ble przypominaj\u0105cym ide\u0119 \u201ewiadomo\u015bci w butelce\u201d. Co roku, 21 marca, podczas Mi\u0119dzynarodowego Dnia Walki z Dyskryminacj\u0105 i Rasizmem m\u0142odzi ludzie wysy\u0142aj\u0105 kartki pocztowe z przekazem solidarno\u015bci do losowo wybranych nieznajomych i licz\u0105 na ich odpowied\u017a. Ka\u017cda kartka niesie podw\u00f3jny przekaz: z jednej strony poprzez same zdj\u0119cia, wybrane we wsp\u00f3\u0142pracy z wybitnymi fotografami ze wszystkich kraj\u00f3w programu, a z drugiej dzi\u0119ki osobistej wiadomo\u015bci napisanej przez dzieci. Solidarno\u015b\u0107. Podaj dalej! daje m\u0142odym ludziom impuls do refleksji na temat r\u00f3\u017cnorodno\u015bci i r\u00f3\u017cnych form dyskryminacji, uczy\u0107 analizowania obraz\u00f3w, budzi ciekawo\u015b\u0107 i zainteresowanie innymi, rozwija krytyczne my\u015blenie i wyobra\u017ani\u0119. Uczy wypowiada\u0107 si\u0119 otwarcie i dzieli\u0107 si\u0119 przemy\u015bleniami, analizowa\u0107 w\u0142asne uprzedzenia i stawia\u0107 im czo\u0142o. Przed napisaniem kartek m\u0142odzi ludzie wraz ze swymi nauczycielami poruszaj\u0105 tematy zwi\u0105zane z dyskryminacj\u0105, migracj\u0105, ub\u00f3stwem, rosn\u0105ca nietolerancj\u0105 i r\u00f3\u017cnymi formami wykluczenia. Ucz\u0105 si\u0119 analizowa\u0107 i interpretowa\u0107 wsp\u00f3\u0142czesne fotografie, odkrywa\u0107 r\u00f3\u017cnorodne znaczenia, kt\u00f3re za nimi stoj\u0105. Nast\u0119pnie ucz\u0105 si\u0119 wyra\u017ca\u0107 my\u015bli i formu\u0142owa\u0107 tekst, bior\u0105c udzia\u0142 w warsztatach pisarskich. W tym roku po raz pierwszy w historii programu to uczniowie i uczennice mogli zdecydowa\u0107, jakie tematy i zagadnienia b\u0119dziemy porusza\u0107. M\u0142odzi ludzie dokonali r\u00f3wnie\u017c ostatecznego wyboru fotografii, kt\u00f3re znajd\u0105 si\u0119 na poczt\u00f3wkach. Nasze przedszkole po raz pierwszy b\u0119dzie bra\u0142o udzia\u0142 w programie. Dzieci b\u0119d\u0105 z nauczycielkami analizowa\u0142y fotografie, rozmawia\u0142y o potrzebie tolerancji i poszanowania praw cz\u0142owieka, ale zamiast pisa\u0107 wiadomo\u015b\u0107 do wybranych odbiorc\u00f3w, wyra\u017c\u0105 swoje emocje, uczucia za pomoc\u0105 rysunku. Do realizacji zada\u0144 w programie zaprosimy tak\u017ce rodzic\u00f3w. Poni\u017cej przedstawiamy niekt\u00f3re fotografie analizowane w poprzednich programach.<\/p>\n<p><a href=\"http:\/\/psgrabownica.brzozow.pl\/wp-content\/uploads\/2020\/11\/2019_plakat_b2_solidarnosc-podaj-dalej-1-page-001.jpg\"><img loading=\"lazy\" class=\"alignnone size-medium wp-image-13925\" src=\"http:\/\/psgrabownica.brzozow.pl\/wp-content\/uploads\/2020\/11\/2019_plakat_b2_solidarnosc-podaj-dalej-1-page-001-264x375.jpg\" alt=\"2019_plakat_b2_solidarnosc-podaj-dalej (1)-page-001\" width=\"264\" height=\"375\" srcset=\"http:\/\/psgrabownica.brzozow.pl\/wp-content\/uploads\/2020\/11\/2019_plakat_b2_solidarnosc-podaj-dalej-1-page-001-264x375.jpg 264w, http:\/\/psgrabownica.brzozow.pl\/wp-content\/uploads\/2020\/11\/2019_plakat_b2_solidarnosc-podaj-dalej-1-page-001-1428x2024.jpg 1428w\" sizes=\"(max-width: 264px) 100vw, 264px\" \/><\/a><a href=\"http:\/\/psgrabownica.brzozow.pl\/wp-content\/uploads\/2020\/11\/0001.jpg\"><img loading=\"lazy\" class=\"alignnone size-medium wp-image-13931\" src=\"http:\/\/psgrabownica.brzozow.pl\/wp-content\/uploads\/2020\/11\/0001-265x375.jpg\" alt=\"0001\" width=\"265\" height=\"375\" srcset=\"http:\/\/psgrabownica.brzozow.pl\/wp-content\/uploads\/2020\/11\/0001-265x375.jpg 265w, http:\/\/psgrabownica.brzozow.pl\/wp-content\/uploads\/2020\/11\/0001-1431x2024.jpg 1431w\" sizes=\"(max-width: 265px) 100vw, 265px\" \/><\/a><\/p>\n","protected":false},"excerpt":{"rendered":"<p>Program Solidarno\u015b\u0107. Podaj dalej! to projekt realizowany mi\u0119dzynarodowo od 2016 roku r\u00f3wnolegle we Francji, Chorwacji, Hiszpanii i Polsce. Opiera si\u0119 na prostym pomy\u015ble przypominaj\u0105cym ide\u0119 \u201ewiadomo\u015bci w butelce\u201d. Co roku, 21 marca, podczas Mi\u0119dzynarodowego Dnia Walki z Dyskryminacj\u0105 i Rasizmem m\u0142odzi ludzie wysy\u0142aj\u0105 kartki pocztowe z przekazem solidarno\u015bci do losowo wybranych nieznajomych i licz\u0105 na [&hellip;]<\/p>\n","protected":false},"author":3,"featured_media":0,"parent":0,"menu_order":0,"comment_status":"closed","ping_status":"closed","template":"","meta":[],"_links":{"self":[{"href":"http:\/\/psgrabownica.brzozow.pl\/index.php?rest_route=\/wp\/v2\/pages\/13901"}],"collection":[{"href":"http:\/\/psgrabownica.brzozow.pl\/index.php?rest_route=\/wp\/v2\/pages"}],"about":[{"href":"http:\/\/psgrabownica.brzozow.pl\/index.php?rest_route=\/wp\/v2\/types\/page"}],"author":[{"embeddable":true,"href":"http:\/\/psgrabownica.brzozow.pl\/index.php?rest_route=\/wp\/v2\/users\/3"}],"replies":[{"embeddable":true,"href":"http:\/\/psgrabownica.brzozow.pl\/index.php?rest_route=%2Fwp%2Fv2%2Fcomments&post=13901"}],"version-history":[{"count":4,"href":"http:\/\/psgrabownica.brzozow.pl\/index.php?rest_route=\/wp\/v2\/pages\/13901\/revisions"}],"predecessor-version":[{"id":13987,"href":"http:\/\/psgrabownica.brzozow.pl\/index.php?rest_route=\/wp\/v2\/pages\/13901\/revisions\/13987"}],"wp:attachment":[{"href":"http:\/\/psgrabownica.brzozow.pl\/index.php?rest_route=%2Fwp%2Fv2%2Fmedia&parent=13901"}],"curies":[{"name":"wp","href":"https:\/\/api.w.org\/{rel}","templated":true}]}}