{"id":13385,"date":"2020-05-20T12:15:03","date_gmt":"2020-05-20T10:15:03","guid":{"rendered":"http:\/\/psgrabownica.brzozow.pl\/?page_id=13385"},"modified":"2020-05-20T12:15:24","modified_gmt":"2020-05-20T10:15:24","slug":"logopedia-20-05-2020r","status":"publish","type":"page","link":"http:\/\/psgrabownica.brzozow.pl\/?page_id=13385","title":{"rendered":"Logopedia 20.05.2020r."},"content":{"rendered":"<p><a href=\"http:\/\/psgrabownica.brzozow.pl\/wp-content\/uploads\/2020\/05\/\u0106wiczymy-g\u0142osk\u0119-SZ.pdf\">\u0106wiczymy g\u0142osk\u0119 SZ<\/a><\/p>\n\n\t\t<style type=\"text\/css\">\n\t\t\t#gallery-1 {\n\t\t\t\tmargin: auto;\n\t\t\t}\n\t\t\t#gallery-1 .gallery-item {\n\t\t\t\tfloat: left;\n\t\t\t\tmargin-top: 10px;\n\t\t\t\ttext-align: center;\n\t\t\t\twidth: 33%;\n\t\t\t}\n\t\t\t#gallery-1 img {\n\t\t\t\tborder: 2px solid #cfcfcf;\n\t\t\t}\n\t\t\t#gallery-1 .gallery-caption {\n\t\t\t\tmargin-left: 0;\n\t\t\t}\n\t\t\t\/* see gallery_shortcode() in wp-includes\/media.php *\/\n\t\t<\/style>\n\t\t<div id='gallery-1' class='gallery galleryid-13385 gallery-columns-3 gallery-size-thumbnail'><dl class='gallery-item'>\n\t\t\t<dt class='gallery-icon landscape'>\n\t\t\t\t<a href='http:\/\/psgrabownica.brzozow.pl\/wp-content\/uploads\/2020\/05\/Screenshot_2020-05-20-07-08-18-932_com.miui_.gallery.jpg'><img width=\"150\" height=\"157\" src=\"http:\/\/psgrabownica.brzozow.pl\/wp-content\/uploads\/2020\/05\/Screenshot_2020-05-20-07-08-18-932_com.miui_.gallery-150x157.jpg\" class=\"attachment-thumbnail size-thumbnail\" alt=\"\" loading=\"lazy\" \/><\/a>\n\t\t\t<\/dt><\/dl><dl class='gallery-item'>\n\t\t\t<dt class='gallery-icon portrait'>\n\t\t\t\t<a href='http:\/\/psgrabownica.brzozow.pl\/wp-content\/uploads\/2020\/05\/IMG_20200519_075338-Kopiowanie.jpg'><img width=\"150\" height=\"157\" src=\"http:\/\/psgrabownica.brzozow.pl\/wp-content\/uploads\/2020\/05\/IMG_20200519_075338-Kopiowanie-150x157.jpg\" class=\"attachment-thumbnail size-thumbnail\" alt=\"\" loading=\"lazy\" \/><\/a>\n\t\t\t<\/dt><\/dl><dl class='gallery-item'>\n\t\t\t<dt class='gallery-icon landscape'>\n\t\t\t\t<a href='http:\/\/psgrabownica.brzozow.pl\/wp-content\/uploads\/2020\/05\/IMG_20200519_075422-Kopiowanie.jpg'><img width=\"150\" height=\"157\" src=\"http:\/\/psgrabownica.brzozow.pl\/wp-content\/uploads\/2020\/05\/IMG_20200519_075422-Kopiowanie-150x157.jpg\" class=\"attachment-thumbnail size-thumbnail\" alt=\"\" loading=\"lazy\" \/><\/a>\n\t\t\t<\/dt><\/dl><br style=\"clear: both\" \/>\n\t\t<\/div>\n\n","protected":false},"excerpt":{"rendered":"<p>\u0106wiczymy g\u0142osk\u0119 SZ<\/p>\n","protected":false},"author":3,"featured_media":0,"parent":0,"menu_order":0,"comment_status":"closed","ping_status":"closed","template":"","meta":[],"_links":{"self":[{"href":"http:\/\/psgrabownica.brzozow.pl\/index.php?rest_route=\/wp\/v2\/pages\/13385"}],"collection":[{"href":"http:\/\/psgrabownica.brzozow.pl\/index.php?rest_route=\/wp\/v2\/pages"}],"about":[{"href":"http:\/\/psgrabownica.brzozow.pl\/index.php?rest_route=\/wp\/v2\/types\/page"}],"author":[{"embeddable":true,"href":"http:\/\/psgrabownica.brzozow.pl\/index.php?rest_route=\/wp\/v2\/users\/3"}],"replies":[{"embeddable":true,"href":"http:\/\/psgrabownica.brzozow.pl\/index.php?rest_route=%2Fwp%2Fv2%2Fcomments&post=13385"}],"version-history":[{"count":2,"href":"http:\/\/psgrabownica.brzozow.pl\/index.php?rest_route=\/wp\/v2\/pages\/13385\/revisions"}],"predecessor-version":[{"id":13387,"href":"http:\/\/psgrabownica.brzozow.pl\/index.php?rest_route=\/wp\/v2\/pages\/13385\/revisions\/13387"}],"wp:attachment":[{"href":"http:\/\/psgrabownica.brzozow.pl\/index.php?rest_route=%2Fwp%2Fv2%2Fmedia&parent=13385"}],"curies":[{"name":"wp","href":"https:\/\/api.w.org\/{rel}","templated":true}]}}