{"id":13320,"date":"2020-05-13T12:50:32","date_gmt":"2020-05-13T10:50:32","guid":{"rendered":"http:\/\/psgrabownica.brzozow.pl\/?page_id=13320"},"modified":"2020-05-13T12:50:32","modified_gmt":"2020-05-13T10:50:32","slug":"religia-13-05-2020r","status":"publish","type":"page","link":"http:\/\/psgrabownica.brzozow.pl\/?page_id=13320","title":{"rendered":"Religia 13.05.2020r."},"content":{"rendered":"<p><a href=\"http:\/\/psgrabownica.brzozow.pl\/wp-content\/uploads\/2020\/05\/g\u0142osimy-Ewangeli\u0119-\u015bwiatu.pdf\">g\u0142osimy Ewangeli\u0119 \u015bwiatu<\/a><\/p>\n","protected":false},"excerpt":{"rendered":"<p>g\u0142osimy Ewangeli\u0119 \u015bwiatu<\/p>\n","protected":false},"author":3,"featured_media":0,"parent":0,"menu_order":0,"comment_status":"closed","ping_status":"closed","template":"","meta":[],"_links":{"self":[{"href":"http:\/\/psgrabownica.brzozow.pl\/index.php?rest_route=\/wp\/v2\/pages\/13320"}],"collection":[{"href":"http:\/\/psgrabownica.brzozow.pl\/index.php?rest_route=\/wp\/v2\/pages"}],"about":[{"href":"http:\/\/psgrabownica.brzozow.pl\/index.php?rest_route=\/wp\/v2\/types\/page"}],"author":[{"embeddable":true,"href":"http:\/\/psgrabownica.brzozow.pl\/index.php?rest_route=\/wp\/v2\/users\/3"}],"replies":[{"embeddable":true,"href":"http:\/\/psgrabownica.brzozow.pl\/index.php?rest_route=%2Fwp%2Fv2%2Fcomments&post=13320"}],"version-history":[{"count":1,"href":"http:\/\/psgrabownica.brzozow.pl\/index.php?rest_route=\/wp\/v2\/pages\/13320\/revisions"}],"predecessor-version":[{"id":13321,"href":"http:\/\/psgrabownica.brzozow.pl\/index.php?rest_route=\/wp\/v2\/pages\/13320\/revisions\/13321"}],"wp:attachment":[{"href":"http:\/\/psgrabownica.brzozow.pl\/index.php?rest_route=%2Fwp%2Fv2%2Fmedia&parent=13320"}],"curies":[{"name":"wp","href":"https:\/\/api.w.org\/{rel}","templated":true}]}}